{"id":10816,"date":"2025-10-29T15:28:36","date_gmt":"2025-10-29T20:28:36","guid":{"rendered":"https:\/\/krilaw.com\/?page_id=10816"},"modified":"2025-11-06T00:52:32","modified_gmt":"2025-11-06T06:52:32","slug":"success-stories","status":"publish","type":"page","link":"https:\/\/krilaw.com\/es\/success-stories\/","title":{"rendered":"Success Stories"},"content":{"rendered":"<div class=\"success-stories-top-block\">\n<h1>Historias de \u00e9xito<\/h1>\n<p>En <a href=\"https:\/\/krilaw.com\/es\/nosotros\/\">Kriezelman Burton &#038; Associates, LLC<\/a>, Nos dedicamos a brindar una representaci\u00f3n legal experta para guiar a nuestros clientes a trav\u00e9s de los numerosos desaf\u00edos que enfrentan en los EE. UU. <a href=\"https:\/\/krilaw.com\/es\/servicios\/inmigracion\/\">sistema de inmigraci\u00f3n<\/a> pueden presentarse. Nuestro compromiso es asegurar el mejor resultado posible para usted y su familia. A continuaci\u00f3n, compartimos res\u00famenes de casos recientes donde <a href=\"https:\/\/krilaw.com\/es\/perfil-abogados\/\">Nuestras abogadas<\/a> Defendimos con \u00e9xito los derechos de nuestros clientes, demostrando la firme dedicaci\u00f3n de nuestra firma a los derechos y la justicia de los inmigrantes.\n<\/div>\n<div class=\"success-stories-block\">\n<div class=\"success-stories-item\">\n<div class=\"success-stories-item-title\">\n<h6>El Tribunal Federal ordena audiencia de fianza<\/h6>\n<\/div>\n<div class=\"success-stories-item-cnt\">\n<p>En una decisi\u00f3n que le cambi\u00f3 la vida, el tribunal federal del Distrito Norte de Illinois orden\u00f3 una audiencia de fianza en un plazo de cinco d\u00edas para nuestro cliente, brind\u00e1ndole la oportunidad de reunirse con su familia y recuperar su libertad. Este resultado garantiza su derecho al debido proceso y ofrece la esperanza de un futuro mejor. Es un poderoso recordatorio del impacto que la justicia puede tener en las personas y sus seres queridos.<\/p>\n<\/div>\n<\/div>\n<div class=\"success-stories-item\">\n<div class=\"success-stories-item-title\">\n<h6>Reunificaci\u00f3n de familias a trav\u00e9s de la defensa legal<\/h6>\n<\/div>\n<div class=\"success-stories-item-cnt\">\n<p>Nuestro cliente, residente estadounidense de larga data y padre de tres hijos ciudadanos estadounidenses, fue detenido ilegalmente por el ICE bajo la aplicaci\u00f3n err\u00f3nea de una ley. Kriezelman Burton &#038; Associates, LLC argument\u00f3 con \u00e9xito que su detenci\u00f3n viol\u00f3 el debido proceso y logr\u00f3 su liberaci\u00f3n bajo fianza. Esta decisi\u00f3n le permiti\u00f3 reunirse con su familia, aliviando as\u00ed sus dificultades financieras y emocionales.<\/p>\n<\/div>\n<\/div>\n<div class=\"success-stories-item\">\n<div class=\"success-stories-item-title\">\n<h6>Defender el debido proceso y garantizar la libertad<\/h6>\n<\/div>\n<div class=\"success-stories-item-cnt\">\n<p>Nuestro cliente, residente de Estados Unidos por m\u00e1s de 12 a\u00f1os, fue detenido bajo la suspensi\u00f3n autom\u00e1tica del Servicio de Inmigraci\u00f3n y Control de Aduanas (ICE, por sus siglas en ingl\u00e9s), a pesar de ser elegible para fianza. El bufete Kriezelman Burton &#038; Associates, LLC impugn\u00f3 la detenci\u00f3n, y el tribunal fall\u00f3 a su favor, determinando que la detenci\u00f3n violaba sus derechos constitucionales (Quinta Enmienda). Su liberaci\u00f3n le permiti\u00f3 reunirse con su familia.<\/p>\n<\/div>\n<\/div>\n<div class=\"success-stories-item\">\n<div class=\"success-stories-item-title\">\n<h6>Garantizar audiencias de fianza justas<\/h6>\n<\/div>\n<div class=\"success-stories-item-cnt\">\n<p>Nuestro cliente, residente en Estados Unidos desde hac\u00eda 21 a\u00f1os, se enfrent\u00f3 a una detenci\u00f3n obligatoria en virtud de una ley mal aplicada. Kriezelman Burton &#038; Associates, LLC obtuvo una resoluci\u00f3n judicial que le otorg\u00f3 el derecho a una audiencia de fianza, garantizando as\u00ed su derecho al debido proceso. Esta decisi\u00f3n puso de relieve la importancia de impugnar las pr\u00e1cticas de detenci\u00f3n arbitrarias.<\/p>\n<\/div>\n<\/div>\n<div class=\"success-stories-item\">\n<div class=\"success-stories-item-title\">\n<h6>Obtenci\u00f3n de la libertad a trav\u00e9s de la asistencia jur\u00eddica<\/h6>\n<\/div>\n<div class=\"success-stories-item-cnt\">\n<p>Nuestro cliente fue detenido por el ICE durante un control rutinario a pesar de haber solicitado asilo. El ICE intent\u00f3 desestimar su caso de deportaci\u00f3n y someterlo a un proceso de deportaci\u00f3n acelerada, aplicando err\u00f3neamente una ley. Kriezelman Burton &#038; Associates, LLC impugn\u00f3 esta acci\u00f3n, argumentando que su detenci\u00f3n viol\u00f3 el debido proceso. El tribunal fall\u00f3 a favor de nuestro cliente, admitiendo su petici\u00f3n de habeas corpus y ordenando su liberaci\u00f3n inmediata para una audiencia de fianza imparcial.<\/p>\n<\/div>\n<\/div>\n<div class=\"success-stories-item\">\n<div class=\"success-stories-item-title\">\n<h6>Defendiendo el derecho a la libertad<\/h6>\n<\/div>\n<div class=\"success-stories-item-cnt\">\n<p>Nuestro bufete obtuvo una importante victoria en un recurso de habeas corpus para un detenido del ICE en Michigan. El caso impugnaba la legalidad de la detenci\u00f3n de nuestro cliente en virtud de la Quinta Enmienda y la Ley de Inmigraci\u00f3n y Nacionalidad. El tribunal concedi\u00f3 la petici\u00f3n de habeas corpus y orden\u00f3 una audiencia de fianza en un plazo de cinco d\u00edas h\u00e1biles o su liberaci\u00f3n inmediata.<\/p>\n<\/div>\n<\/div>\n<div class=\"success-stories-item\">\n<div class=\"success-stories-item-title\">\n<h6>Defender la justicia mediante el debido proceso<\/h6>\n<\/div>\n<div class=\"success-stories-item-cnt\">\n<p>Tras la detenci\u00f3n de nuestro cliente, Kriezelman Burton &#038; Associates, LLC defendi\u00f3 con \u00e9xito sus derechos ante el Tribunal de Distrito de los Estados Unidos. El tribunal dictamin\u00f3 que la detenci\u00f3n de nuestro cliente infring\u00eda las leyes estadounidenses que permiten la presentaci\u00f3n de peticiones de habeas corpus y determin\u00f3 que ten\u00eda derecho a una audiencia de fianza, lo que result\u00f3 en una orden de audiencia de fianza o su liberaci\u00f3n bajo supervisi\u00f3n. Esta decisi\u00f3n pone de manifiesto el compromiso del bufete con la protecci\u00f3n de los derechos de los inmigrantes y la garant\u00eda del debido proceso.<\/p>\n<\/div>\n<\/div>\n<div class=\"success-stories-item\">\n<div class=\"success-stories-item-title\">\n<h6>Garantizar la liberaci\u00f3n mediante acci\u00f3n federal<\/h6>\n<\/div>\n<div class=\"success-stories-item-cnt\">\n<p>Nuestro bufete obtuvo una victoria en un recurso de habeas corpus en Michigan, logrando la libertad de un detenido del ICE. El tribunal concedi\u00f3 la petici\u00f3n, ordenando una audiencia de fianza en un plazo de cinco d\u00edas h\u00e1biles o la liberaci\u00f3n inmediata. Esta decisi\u00f3n reafirma las garant\u00edas procesales consagradas en la Quinta Enmienda y la Ley de Inmigraci\u00f3n y Nacionalidad. <a href=\"https:\/\/krilaw.com\/andrea-ochoa-secures-release-of-another-immigrant-through-federal-courts-in-michigan\/\">Lea m\u00e1s aqu\u00ed.<\/a><\/p>\n<\/div>\n<\/div>\n<div class=\"success-stories-item\">\n<div class=\"success-stories-item-title\">\n<h6>Tribunal federal concede la libertad a detenido del ICE<\/h6>\n<\/div>\n<div class=\"success-stories-item-cnt\">\n<p>Nuestro bufete obtuvo otro \u00e9xito en el Tribunal de Distrito de los Estados Unidos para el Distrito Oeste de Michigan, donde presentamos una petici\u00f3n de habeas corpus en nombre de nuestro cliente, un detenido del ICE en el Centro de Procesamiento de North Lake. El Tribunal admiti\u00f3 la petici\u00f3n y orden\u00f3 que se le concediera una audiencia de fianza en un plazo de cinco d\u00edas h\u00e1biles o que fuera puesto en libertad de inmediato, lo que reafirma el compromiso de nuestro bufete con la protecci\u00f3n de los derechos y el debido proceso de las personas detenidas por motivos de inmigraci\u00f3n.<a href=\"https:\/\/krilaw.com\/nicole-provax-achieves-legal-win-in-the-western-district-of-michigan\/\">Lea m\u00e1s aqu\u00ed.<\/a><\/p>\n<\/div>\n<\/div>\n<\/div>\n","protected":false},"excerpt":{"rendered":"<p>Historias de \u00e9xito En Kriezelman Burton &#038; Associates, LLC, Nos dedicamos a brindar una representaci\u00f3n legal experta para guiar a nuestros clientes a trav\u00e9s de los numerosos desaf\u00edos que enfrentan en los EE. UU. sistema de inmigraci\u00f3n pueden presentarse. Nuestro compromiso es asegurar el mejor resultado posible para usted y su familia. A continuaci\u00f3n, compartimos &hellip; <\/p>\n<p class=\"link-more\"><a href=\"https:\/\/krilaw.com\/es\/success-stories\/\" class=\"more-link\">Seguir leyendo<span class=\"screen-reader-text\"> \u00abSuccess Stories\u00bb<\/span><\/a><\/p>\n","protected":false},"author":50,"featured_media":10817,"parent":0,"menu_order":0,"comment_status":"closed","ping_status":"closed","template":"","meta":{"_acf_changed":false,"_oasis_is_in_workflow":0,"_oasis_original":0,"_oasis_task_priority":"","footnotes":""},"class_list":["post-10816","page","type-page","status-publish","has-post-thumbnail","hentry","entry"],"acf":[],"_links":{"self":[{"href":"https:\/\/krilaw.com\/es\/wp-json\/wp\/v2\/pages\/10816","targetHints":{"allow":["GET"]}}],"collection":[{"href":"https:\/\/krilaw.com\/es\/wp-json\/wp\/v2\/pages"}],"about":[{"href":"https:\/\/krilaw.com\/es\/wp-json\/wp\/v2\/types\/page"}],"author":[{"embeddable":true,"href":"https:\/\/krilaw.com\/es\/wp-json\/wp\/v2\/users\/50"}],"replies":[{"embeddable":true,"href":"https:\/\/krilaw.com\/es\/wp-json\/wp\/v2\/comments?post=10816"}],"version-history":[{"count":7,"href":"https:\/\/krilaw.com\/es\/wp-json\/wp\/v2\/pages\/10816\/revisions"}],"predecessor-version":[{"id":11020,"href":"https:\/\/krilaw.com\/es\/wp-json\/wp\/v2\/pages\/10816\/revisions\/11020"}],"wp:featuredmedia":[{"embeddable":true,"href":"https:\/\/krilaw.com\/es\/wp-json\/wp\/v2\/media\/10817"}],"wp:attachment":[{"href":"https:\/\/krilaw.com\/es\/wp-json\/wp\/v2\/media?parent=10816"}],"curies":[{"name":"wp","href":"https:\/\/api.w.org\/{rel}","templated":true}]}}