{"id":2731,"date":"2015-09-02T08:05:30","date_gmt":"2015-09-02T08:05:30","guid":{"rendered":"https:\/\/krilaw.com\/home\/"},"modified":"2025-10-29T16:37:02","modified_gmt":"2025-10-29T21:37:02","slug":"home","status":"publish","type":"page","link":"https:\/\/krilaw.com\/es\/","title":{"rendered":"INICIO"},"content":{"rendered":"<div class=\"ourchi-img\"><img decoding=\"async\" src=\"https:\/\/krilaw.com\/wp-content\/uploads\/2018\/03\/ourchic-att.png\" alt=\"\" title=\"\"><\/div>\n<div class=\"container\">\n<div class=\"ourchi-cntnt\">\n<h1><strong>Nuestros Abogados de Inmigraci\u00f3n en Chicago han Ayudado a Miles a Obtener la Ciudadan\u00eda.<\/strong><\/h1>\n<p style=\"text-align: left;\">En Kriezelman Burton &amp; Associates LLC, estamos comprometidos a darle una representaci\u00f3n legal agresiva y profesional, as\u00ed como asesorarle en todos los temas de inmigraci\u00f3n y ley de nacionalidad.<\/p>\n<p style=\"text-align: left;\">Fundado por Jeffrey A. Kriezelman en 1974, Nuestro Despacho Jur\u00eddico ha crecido a nivel nacional para representar a miles de ciudadanos extranjeros en sus intentos de asegurar temporal y permanentemente su situaci\u00f3n legal de visa en los Estados Unidos.<\/p>\n<div class=\"ourchi-butt\"><a href=\"https:\/\/krilaw.com\/es\/contacto\/\">\u00bfC\u00f3mo podemos ayudarle?<\/a><\/div>\n<\/div>\n<\/div>\n","protected":false},"excerpt":{"rendered":"<p>Nuestros Abogados de Inmigraci\u00f3n en Chicago han Ayudado a Miles a Obtener la Ciudadan\u00eda. En Kriezelman Burton &amp; Associates LLC, estamos comprometidos a darle una representaci\u00f3n legal agresiva y profesional, as\u00ed como asesorarle en todos los temas de inmigraci\u00f3n y ley de nacionalidad. Fundado por Jeffrey A. Kriezelman en 1974, Nuestro Despacho Jur\u00eddico ha crecido &hellip; <\/p>\n<p class=\"link-more\"><a href=\"https:\/\/krilaw.com\/es\/\" class=\"more-link\">Seguir leyendo<span class=\"screen-reader-text\"> \u00abINICIO\u00bb<\/span><\/a><\/p>\n","protected":false},"author":22,"featured_media":9861,"parent":0,"menu_order":0,"comment_status":"closed","ping_status":"closed","template":"","meta":{"_acf_changed":false,"_oasis_is_in_workflow":0,"_oasis_original":0,"_oasis_task_priority":"","footnotes":""},"class_list":["post-2731","page","type-page","status-publish","has-post-thumbnail","hentry","entry"],"acf":[],"_links":{"self":[{"href":"https:\/\/krilaw.com\/es\/wp-json\/wp\/v2\/pages\/2731","targetHints":{"allow":["GET"]}}],"collection":[{"href":"https:\/\/krilaw.com\/es\/wp-json\/wp\/v2\/pages"}],"about":[{"href":"https:\/\/krilaw.com\/es\/wp-json\/wp\/v2\/types\/page"}],"author":[{"embeddable":true,"href":"https:\/\/krilaw.com\/es\/wp-json\/wp\/v2\/users\/22"}],"replies":[{"embeddable":true,"href":"https:\/\/krilaw.com\/es\/wp-json\/wp\/v2\/comments?post=2731"}],"version-history":[{"count":1,"href":"https:\/\/krilaw.com\/es\/wp-json\/wp\/v2\/pages\/2731\/revisions"}],"predecessor-version":[{"id":9862,"href":"https:\/\/krilaw.com\/es\/wp-json\/wp\/v2\/pages\/2731\/revisions\/9862"}],"wp:featuredmedia":[{"embeddable":true,"href":"https:\/\/krilaw.com\/es\/wp-json\/wp\/v2\/media\/9861"}],"wp:attachment":[{"href":"https:\/\/krilaw.com\/es\/wp-json\/wp\/v2\/media?parent=2731"}],"curies":[{"name":"wp","href":"https:\/\/api.w.org\/{rel}","templated":true}]}}