{"id":2740,"date":"2011-02-24T10:50:58","date_gmt":"2011-02-24T10:50:58","guid":{"rendered":"https:\/\/krilaw.com\/about\/"},"modified":"2024-08-06T10:21:52","modified_gmt":"2024-08-06T15:21:52","slug":"nosotros","status":"publish","type":"page","link":"https:\/\/krilaw.com\/es\/nosotros\/","title":{"rendered":"NOSOTROS"},"content":{"rendered":"<div class=\"abt-cntsec fw\">\n<div class=\"container\">\n<div class=\"abt-cntblck\">\n<div class=\"abt-cntlft\">\n<div class=\"abtpg-cntblck\">\n<div class=\"abtpg-img\"><img decoding=\"async\" src=\"https:\/\/krilaw.com\/wp-content\/uploads\/2024\/06\/abt-img.jpg\" alt=\"about-img\" title=\"\"><\/div>\n<div class=\"abtpg-tit\">\n<h2>Kriezelman<br \/>\nBurton &amp; Associates<\/h2>\n<\/div>\n<\/div>\n<\/div>\n<div class=\"abt-cntrgt\">\n<p>En Kriezelman Burton &amp; Associates LLC, estamos comprometidos a darle una representaci\u00f3n legal agresiva y profesional, as\u00ed como asesorarle en todos los temas de <a href=\"https:\/\/krilaw.com\/es\/servicios\/inmigracion\/ley-de-inmigracion\/\">inmigraci\u00f3n y ley de nacionalidad<\/a>. Fundado por Jeffrey A. Kriezelman en 1974, Nuestro Despacho Jur\u00eddico ha crecido a nivel nacional para representar a miles de ciudadanos extranjeros en sus intentos de asegurar temporal y permanentemente su situaci\u00f3n legal de visa en los Estados Unidos<\/p>\n<p>Nuestra firma se concentra en inmigraci\u00f3n por empleo, inmigraci\u00f3n de familias, litigio antes de Cortes de Inmigraci\u00f3n, litigio en Cortes Federales, as\u00ed como la apelaci\u00f3n de visas de trabajo y visas de no-inmigrante. Nuestra lista de clientes incluye compa\u00f1\u00edas de las 500 m\u00e1s rentables en Estados Unidos, propietarios de negocios peque\u00f1os y medianos, artistas mundialmente famosos, atletas, doctores y acad\u00e9micos. Nosotros tambi\u00e9n luchamos para representar individuos buscando permanecer dentro de los Estados Unidos con sus familias, as\u00ed como tambi\u00e9n refugiados buscando asilo. Nuestros abogados son expertos en el campo de inmigraci\u00f3n y son capaces de ayudar a cualquier persona o negocio con necesidades en el \u00e1mbito de inmigraci\u00f3n.<\/p>\n<p>Aunque nos encontramos ubicados en Chicago, nuestra firma representa ciudadanos extranjeros a lo largo de los Estados Unidos y el mundo. Cuando ha sido necesario, hemos representado personas en consulados extranjeros en varias oficinas de inmigraci\u00f3n a lo largo del pa\u00eds. Recibimos casos referidos de otros despachos legales, consulados extranjeros y otros abogados de inmigraci\u00f3n en los Estados Unidos y alrededor del mundo.<\/p>\n<p>Nuestra firma est\u00e1 al d\u00eda de cualquier cambio en las leyes de inmigraci\u00f3n en los Estados Unidos, y entendemos perfectamente las complejidades de la ley, el servicio de inmigraci\u00f3n, as\u00ed como el funcionamiento de las cortes de inmigraci\u00f3n para proporcionar alivio a nuestros clientes mientras luchamos para obtener la mejor soluci\u00f3n para ellos. Nosotros lo invitamos a <a href=\"\/es\/contact\/\">agendar una consulta<\/a> para que conozca m\u00e1s de nosotros, o para que usted pueda platicar de su caso con uno de nuestros abogados en completa confidencialidad.<\/p>\n<\/div>\n<\/div>\n<\/div>\n<\/div>\n","protected":false},"excerpt":{"rendered":"<p>Kriezelman Burton &amp; Associates En Kriezelman Burton &amp; Associates LLC, estamos comprometidos a darle una representaci\u00f3n legal agresiva y profesional, as\u00ed como asesorarle en todos los temas de inmigraci\u00f3n y ley de nacionalidad. Fundado por Jeffrey A. Kriezelman en 1974, Nuestro Despacho Jur\u00eddico ha crecido a nivel nacional para representar a miles de ciudadanos extranjeros &hellip; <\/p>\n<p class=\"link-more\"><a href=\"https:\/\/krilaw.com\/es\/nosotros\/\" class=\"more-link\">Seguir leyendo<span class=\"screen-reader-text\"> \u00abNOSOTROS\u00bb<\/span><\/a><\/p>\n","protected":false},"author":22,"featured_media":7567,"parent":0,"menu_order":17,"comment_status":"closed","ping_status":"closed","template":"template-parts\/about-page.php","meta":{"_acf_changed":false,"_oasis_is_in_workflow":0,"_oasis_original":0,"_oasis_task_priority":"","footnotes":""},"class_list":["post-2740","page","type-page","status-publish","has-post-thumbnail","hentry","entry"],"acf":[],"_links":{"self":[{"href":"https:\/\/krilaw.com\/es\/wp-json\/wp\/v2\/pages\/2740","targetHints":{"allow":["GET"]}}],"collection":[{"href":"https:\/\/krilaw.com\/es\/wp-json\/wp\/v2\/pages"}],"about":[{"href":"https:\/\/krilaw.com\/es\/wp-json\/wp\/v2\/types\/page"}],"author":[{"embeddable":true,"href":"https:\/\/krilaw.com\/es\/wp-json\/wp\/v2\/users\/22"}],"replies":[{"embeddable":true,"href":"https:\/\/krilaw.com\/es\/wp-json\/wp\/v2\/comments?post=2740"}],"version-history":[{"count":2,"href":"https:\/\/krilaw.com\/es\/wp-json\/wp\/v2\/pages\/2740\/revisions"}],"predecessor-version":[{"id":7821,"href":"https:\/\/krilaw.com\/es\/wp-json\/wp\/v2\/pages\/2740\/revisions\/7821"}],"wp:featuredmedia":[{"embeddable":true,"href":"https:\/\/krilaw.com\/es\/wp-json\/wp\/v2\/media\/7567"}],"wp:attachment":[{"href":"https:\/\/krilaw.com\/es\/wp-json\/wp\/v2\/media?parent=2740"}],"curies":[{"name":"wp","href":"https:\/\/api.w.org\/{rel}","templated":true}]}}