{"id":2745,"date":"2011-02-24T13:21:03","date_gmt":"2011-02-24T13:21:03","guid":{"rendered":"https:\/\/krilaw.com\/services\/"},"modified":"2025-10-29T16:26:26","modified_gmt":"2025-10-29T21:26:26","slug":"servicios","status":"publish","type":"page","link":"https:\/\/krilaw.com\/es\/servicios\/","title":{"rendered":"\u00c1REAS DE PR\u00c1CTICA"},"content":{"rendered":"<div class=\"prac-services\">\n<ul id=\"inrprac-slider\" class=\"tabs\">\n<li><a class=\"emp\" rel=\"view1\"><strong>EMPLEO<\/strong><\/a><\/li>\n<li><a class=\"fam\" rel=\"view2\"><strong>FAMILIA<\/strong><\/a><\/li>\n<li><a class=\"rem\" rel=\"view3\"><strong>Defensa de Expulsi\u00f3n<\/strong><\/a><\/li>\n<li><a class=\"liti\" rel=\"view4\"><strong>LITIGIO<\/strong><\/a><\/li>\n<\/ul>\n<\/div>\n<div class=\"pracpg-cntnt\">\n<div class=\"container\">\n<div class=\"tabcontents\">\n<div id=\"view1\" class=\"tabcontent\">\n<div class=\"prpgcnt-right\">\n<h2>Servicios de Empleo<\/h2>\n<p>El Acta de Inmigraci\u00f3n y Nacionalidad, provee a las corporaciones e individuos con diversas oportunidades para ya sea que emigren a los Estados Unidos o entrar a dicho pa\u00eds temporalmente para realizar un trabajo espec\u00edfico. Mientras los estatutos si permiten a muchos de estos individuos entrar a los Estados Unidos, las regulaciones de acompa\u00f1amiento y la actual pol\u00edtica gubernamental hacen cada vez m\u00e1s dif\u00edcil el tener empleados extranjeros o a los solicitantes de visa entrar al pa\u00eds con sus visas designadas.<\/p>\n<p>Nuestra firma cuenta con m\u00e1s de 40 a\u00f1os de experiencia en temas de inmigraci\u00f3n basada en empleo. Representamos a compa\u00f1\u00edas incluidas en las 500 m\u00e1s rentables de los Estados unidos, negocios medianos y peque\u00f1as compa\u00f1\u00edas con pocos empleados. Nosotros dise\u00f1amos nuestros servicios a la medida y necesidades de cada compa\u00f1\u00eda. Nuestra firma est\u00e1 consciente de las necesidades de los empleadores y proporcionamos consejo y asesoramiento de acuerdo con cada caso en espec\u00edfico.<\/p>\n<p>Desde solicitantes con habilidades excepcionales en su campo, hasta investigadores y personas con habilidades especiales, seguimos dedicados a brindar los mejores servicios legales para cumplir con los objetivos de aquellas compa\u00f1\u00edas y personas que desean trabajar en los Estados Unidos.<\/p>\n<\/div>\n<div class=\"prpgcnt-left\">\n<ul>\n<li><a href=\"\/?page_id=350\">Certificaci\u00f3n Laboral para Extranjeros<\/a><\/li>\n<li><a href=\"https:\/\/krilaw.com\/es\/servicios\/empleo\/cumplimiento-corporativo\/\">Cumplimiento Corporativo<\/a><\/li>\n<li><a href=\"https:\/\/krilaw.com\/es\/servicios\/empleo\/inmigracion-basada-empleo-visas-inmigrantes\/\">Visa de Inmigraci\u00f3n de Trabajo<\/a><\/li>\n<li><a href=\"\/?page_id=314\">Visa laboral para No-Inmigrante<\/a><\/li>\n<li><a href=\"\/?page_id=1208\">H-1B y Otras visas para No-Inmigrante<\/a><\/li>\n<li><a href=\"\/?page_id=1210\">1-9 Medidas de cumplimiento y Sanciones del Empleador<\/a><\/li>\n<li><a href=\"https:\/\/krilaw.com\/es\/servicios\/empleo\/inversionistas-empresarios\/\">Invesores y Empresarios<\/a><\/li>\n<li><a href=\"https:\/\/krilaw.com\/es\/servicios\/empleo\/visa-no-inmigrante\/\">Visas de No-Inmigrantes<\/a><\/li>\n<li><a href=\"https:\/\/krilaw.com\/es\/servicios\/empleo\/enfermeras\/\">Enfermeras<\/a><\/li>\n<li><a href=\"https:\/\/krilaw.com\/es\/servicios\/empleo\/certificacion-laboral-perm\/\">Certificaci\u00f3n Laboral PERM<\/a><\/li>\n<\/ul>\n<\/div>\n<\/div>\n<div id=\"view2\" class=\"tabcontent\">\n<div class=\"prpgcnt-right\">\n<h2>Family-Based<\/h2>\n<p>For many people, relationships with family members are among the most important aspects of their lives. As a result, many United States citizens and <a href=\"http:\/\/www.uscis.gov\/tools\/glossary\/lawful-permanent-resident-lpr\" target=\"_blank\" rel=\"noopener\">lawful permanent residents<\/a> seek to have family members living overseas come to live and work in this country. Other U.S. citizens and lawful permanent residents seek to apply for family members who are already here who may not yet have status. Fortunately, under United States immigration law, a citizen or the holder of a <a href=\"http:\/\/www.uscis.gov\/greencard\" target=\"_blank\" rel=\"noopener\">green card<\/a> (a lawful permanent resident) may petition to have certain relatives immigrate to the United States and obtain a green card. These relatives may also later be eligible to obtain citizenship through naturalization time if they meet certain requirements.<\/p>\n<\/div>\n<div class=\"prpgcnt-left\">\n<ul>\n<li><a href=\"https:\/\/krilaw.com\/services\/family-immigration-lawyers-chicago\/\">Family-Based<\/a><\/li>\n<\/ul>\n<\/div>\n<\/div>\n<div id=\"view3\" class=\"tabcontent\">\n<div class=\"prpgcnt-right\">\n<h2>Removal Defense<\/h2>\n<p>Due to the provisions of the Immigration and Nationality Act, the U.S. government, through the Department of Homeland Security, can attempt to deport (or \u201cremove\u201d) a person for a number of reasons \u2013 from simply overstaying or violating the terms of a visa to the commission of certain crimes, and from committing fraud in an immigration application to involvement in terrorist organizations. Our lawyers are experienced in defending foreign nationals against removal from the United States. With over 60 years of combined experience representing individuals and families under threat of deportation, we understand the law, know the defenses, and work our hardest to ensure your family stays together.<\/p>\n<\/div>\n<div class=\"prpgcnt-left\">\n<ul>\n<li><a href=\"https:\/\/krilaw.com\/es\/servicios\/defensa-corte-federal-remocion-deportacion\/defensa-contra-remocion-deportacion-apelacion\/\">Appeals<\/a><\/li>\n<li><a href=\"\/?page_id=263\">Board of Immigration Appeals<\/a><\/li>\n<li><a href=\"https:\/\/krilaw.com\/es\/servicios\/defensa-corte-federal-remocion-deportacion\/expedited-removal\/\">Expedited Removal<\/a><\/li>\n<li><a href=\"\/?page_id=272\">Federal Court Litigation<\/a><\/li>\n<li><a href=\"\/?page_id=108\">Removal and Deportation Defense<\/a><\/li>\n<li><a href=\"https:\/\/krilaw.com\/es\/servicios\/defensa-corte-federal-remocion-deportacion\/ordenes-remocion-deportacion\/\">Removal Orders<\/a><\/li>\n<\/ul>\n<\/div>\n<\/div>\n<div id=\"view4\" class=\"tabcontent\">\n<div class=\"prpgcnt-right\">\n<h2>Chicago Immigration Attorneys Who Are Experienced Litigators.<\/h2>\n<p>The federal courts may be useful to seek review of a Department of Homeland Security action or simple failure to act. The federal courts have the power to order the Department to take action on long-delayed applications or petitions. This is an especially useful tool with the Immigration Service, where applications sometimes linger in the system for years on end for no known reason.\u00a0 In addition, the federal courts have the power to review some decisions of the Department of Homeland Security, and even some of the decisions of the Board of Immigration Appeals.\u00a0 Federal courts may be the only recourse when a family member is detained for a lengthy period of time. Our attorneys are experienced litigators in the federal courts.<\/p>\n<\/div>\n<div class=\"prpgcnt-left\">\n<ul>\n<li><a href=\"https:\/\/krilaw.com\/es\/servicios\/inmigracion\/litigio-en-inmigracion\/\">Litigation<\/a><\/li>\n<\/ul>\n<\/div>\n<\/div>\n<\/div>\n<\/div>\n<\/div>\n","protected":false},"excerpt":{"rendered":"<p>EMPLEO FAMILIA Defensa de Expulsi\u00f3n LITIGIO Servicios de Empleo El Acta de Inmigraci\u00f3n y Nacionalidad, provee a las corporaciones e individuos con diversas oportunidades para ya sea que emigren a los Estados Unidos o entrar a dicho pa\u00eds temporalmente para realizar un trabajo espec\u00edfico. Mientras los estatutos si permiten a muchos de estos individuos entrar &hellip; <\/p>\n<p class=\"link-more\"><a href=\"https:\/\/krilaw.com\/es\/servicios\/\" class=\"more-link\">Seguir leyendo<span class=\"screen-reader-text\"> \u00ab\u00c1REAS DE PR\u00c1CTICA\u00bb<\/span><\/a><\/p>\n","protected":false},"author":22,"featured_media":7335,"parent":0,"menu_order":11,"comment_status":"closed","ping_status":"closed","template":"template-parts\/practice-areas-page.php","meta":{"_acf_changed":false,"_oasis_is_in_workflow":0,"_oasis_original":0,"_oasis_task_priority":"","footnotes":""},"class_list":["post-2745","page","type-page","status-publish","has-post-thumbnail","hentry","entry"],"acf":[],"_links":{"self":[{"href":"https:\/\/krilaw.com\/es\/wp-json\/wp\/v2\/pages\/2745","targetHints":{"allow":["GET"]}}],"collection":[{"href":"https:\/\/krilaw.com\/es\/wp-json\/wp\/v2\/pages"}],"about":[{"href":"https:\/\/krilaw.com\/es\/wp-json\/wp\/v2\/types\/page"}],"author":[{"embeddable":true,"href":"https:\/\/krilaw.com\/es\/wp-json\/wp\/v2\/users\/22"}],"replies":[{"embeddable":true,"href":"https:\/\/krilaw.com\/es\/wp-json\/wp\/v2\/comments?post=2745"}],"version-history":[{"count":6,"href":"https:\/\/krilaw.com\/es\/wp-json\/wp\/v2\/pages\/2745\/revisions"}],"predecessor-version":[{"id":10831,"href":"https:\/\/krilaw.com\/es\/wp-json\/wp\/v2\/pages\/2745\/revisions\/10831"}],"wp:featuredmedia":[{"embeddable":true,"href":"https:\/\/krilaw.com\/es\/wp-json\/wp\/v2\/media\/7335"}],"wp:attachment":[{"href":"https:\/\/krilaw.com\/es\/wp-json\/wp\/v2\/media?parent=2745"}],"curies":[{"name":"wp","href":"https:\/\/api.w.org\/{rel}","templated":true}]}}