{"id":2779,"date":"2017-04-01T13:42:34","date_gmt":"2017-04-01T13:42:34","guid":{"rendered":"https:\/\/krilaw.com\/perfil-abogados\/kevin-raica\/"},"modified":"2025-10-29T16:38:37","modified_gmt":"2025-10-29T21:38:37","slug":"kevin-raica","status":"publish","type":"page","link":"https:\/\/krilaw.com\/es\/perfil-abogados\/kevin-raica\/","title":{"rendered":"Kevin A. Raica"},"content":{"rendered":"<h2>Biograf\u00eda<\/h2>\n<p>Kevin Raica es un abogada senior de Kriezelman Burton &amp; Associates, LLC. El cuenta\u202fcon licencia para ejercer derecho en el estado de Illinois. Enfoca su pr\u00e1ctica exclusivamente en las \u00e1reas de la ley de inmigraci\u00f3n, incluida la inmigraci\u00f3n basada en la familia, exenciones, defensa de deportaci\u00f3n, asilo e inmigraci\u00f3n basada en el empleo. Kevin ejerce ante los Servicios de Ciudadan\u00eda e Inmigraci\u00f3n de los EE. UU., Inmigraci\u00f3n y Aduanas, Departamento de Estado de EE. UU., Departamento de Trabajo de EE. UU., Tribunal de Inmigraci\u00f3n, Apelaciones de la Junta de Inmigraci\u00f3n, Tribunal de Distrito de EE. UU. Para el Distrito Norte de Illinois y los Tribunales de Apelaciones de EE. UU. para el S\u00e9ptimo Circuito.<\/p>\n<p>Actualmente, Kevin es presidente del Comit\u00e9 de Enlace de la Oficina Ejecutiva del Cap\u00edtulo de Chicago de la Asociaci\u00f3n Estadounidense de Abogados de Inmigraci\u00f3n para el Comit\u00e9 de Enlace de Revisi\u00f3n de Inmigraci\u00f3n, y fue Copresidente del 2015-2016. Tambi\u00e9n se desempe\u00f1\u00f3 como Copresidente del comit\u00e9 de enlace de Operaciones de remoci\u00f3n del ICE de 2013-2015.<\/p>\n","protected":false},"excerpt":{"rendered":"<p>Biograf\u00eda Kevin Raica es un abogada senior de Kriezelman Burton &amp; Associates, LLC. El cuenta\u202fcon licencia para ejercer derecho en el estado de Illinois. Enfoca su pr\u00e1ctica exclusivamente en las \u00e1reas de la ley de inmigraci\u00f3n, incluida la inmigraci\u00f3n basada en la familia, exenciones, defensa de deportaci\u00f3n, asilo e inmigraci\u00f3n basada en el empleo. Kevin &hellip; <\/p>\n<p class=\"link-more\"><a href=\"https:\/\/krilaw.com\/es\/perfil-abogados\/kevin-raica\/\" class=\"more-link\">Seguir leyendo<span class=\"screen-reader-text\"> \u00abKevin A. Raica\u00bb<\/span><\/a><\/p>\n","protected":false},"author":22,"featured_media":7305,"parent":2748,"menu_order":0,"comment_status":"closed","ping_status":"closed","template":"template-parts\/single-profile-page.php","meta":{"_acf_changed":false,"_oasis_is_in_workflow":0,"_oasis_original":0,"_oasis_task_priority":"","footnotes":""},"class_list":["post-2779","page","type-page","status-publish","has-post-thumbnail","hentry","entry"],"acf":[],"_links":{"self":[{"href":"https:\/\/krilaw.com\/es\/wp-json\/wp\/v2\/pages\/2779","targetHints":{"allow":["GET"]}}],"collection":[{"href":"https:\/\/krilaw.com\/es\/wp-json\/wp\/v2\/pages"}],"about":[{"href":"https:\/\/krilaw.com\/es\/wp-json\/wp\/v2\/types\/page"}],"author":[{"embeddable":true,"href":"https:\/\/krilaw.com\/es\/wp-json\/wp\/v2\/users\/22"}],"replies":[{"embeddable":true,"href":"https:\/\/krilaw.com\/es\/wp-json\/wp\/v2\/comments?post=2779"}],"version-history":[{"count":9,"href":"https:\/\/krilaw.com\/es\/wp-json\/wp\/v2\/pages\/2779\/revisions"}],"predecessor-version":[{"id":9245,"href":"https:\/\/krilaw.com\/es\/wp-json\/wp\/v2\/pages\/2779\/revisions\/9245"}],"up":[{"embeddable":true,"href":"https:\/\/krilaw.com\/es\/wp-json\/wp\/v2\/pages\/2748"}],"wp:featuredmedia":[{"embeddable":true,"href":"https:\/\/krilaw.com\/es\/wp-json\/wp\/v2\/media\/7305"}],"wp:attachment":[{"href":"https:\/\/krilaw.com\/es\/wp-json\/wp\/v2\/media?parent=2779"}],"curies":[{"name":"wp","href":"https:\/\/api.w.org\/{rel}","templated":true}]}}