{"id":2783,"date":"2013-11-05T20:13:58","date_gmt":"2013-11-06T02:13:58","guid":{"rendered":"https:\/\/krilaw.com\/perfil-abogados\/lauren-mcclure\/"},"modified":"2025-10-17T13:14:39","modified_gmt":"2025-10-17T18:14:39","slug":"lauren-mcclure","status":"publish","type":"page","link":"https:\/\/krilaw.com\/es\/perfil-abogados\/lauren-mcclure\/","title":{"rendered":"Lauren E. McClure"},"content":{"rendered":"<h2>Biograf\u00eda<\/h2>\n<p>Lauren McClure es una abogada asociada en <a href=\"https:\/\/krilaw.com\/es\/nosotros\/\">Kriezelman Burton &amp; Associates, LLC<\/a>. Ella cuenta\u202fcon licencia para ejercer derecho en el estado de Illinois. Ella enfoca su pr\u00e1ctica exclusivamente en las \u00e1reas de la ley de <a href=\"https:\/\/krilaw.com\/es\/servicios\/inmigracion\/ley-de-inmigracion\/\">inmigraci\u00f3n,<\/a> incluida la <a href=\"https:\/\/krilaw.com\/es\/servicios\/inmigracion-basada-familia\/\">inmigraci\u00f3n basada en la familia<\/a>, el asilo, la defensa de deportaci\u00f3n, la inmigraci\u00f3n basada en el empleo y el litigio en un tribunal federal. Lauren cuenta con licencia autorizada para ejercer ante el Tribunal de Distrito de los EE. UU. Para el Distrito Norte de Illinois y el Tribunal de Apelaciones de los Estados Unidos para el S\u00e9ptimo Circuito. Actualmente se desempe\u00f1a como copresidenta del Comit\u00e9 de enlace del Secretario de Estado de la Asociaci\u00f3n de Abogados de Inmigraci\u00f3n de Estados Unidos. Tambi\u00e9n se desempe\u00f1\u00f3 como presidenta de la Divisi\u00f3n de Nuevos Miembros durante dos a\u00f1os, y presidi\u00f3 el Comit\u00e9 de Derecho de Inmigraci\u00f3n y Nacionalidad de la Asociaci\u00f3n de Abogados de Chicago desde 2014-2015.<\/p>\n","protected":false},"excerpt":{"rendered":"<p>Biograf\u00eda Lauren McClure es una abogada asociada en Kriezelman Burton &amp; Associates, LLC. Ella cuenta\u202fcon licencia para ejercer derecho en el estado de Illinois. Ella enfoca su pr\u00e1ctica exclusivamente en las \u00e1reas de la ley de inmigraci\u00f3n, incluida la inmigraci\u00f3n basada en la familia, el asilo, la defensa de deportaci\u00f3n, la inmigraci\u00f3n basada en el &hellip; <\/p>\n<p class=\"link-more\"><a href=\"https:\/\/krilaw.com\/es\/perfil-abogados\/lauren-mcclure\/\" class=\"more-link\">Seguir leyendo<span class=\"screen-reader-text\"> \u00abLauren E. McClure\u00bb<\/span><\/a><\/p>\n","protected":false},"author":22,"featured_media":7314,"parent":2748,"menu_order":0,"comment_status":"closed","ping_status":"closed","template":"template-parts\/single-profile-page.php","meta":{"_acf_changed":false,"_oasis_is_in_workflow":0,"_oasis_original":0,"_oasis_task_priority":"","footnotes":""},"class_list":["post-2783","page","type-page","status-publish","has-post-thumbnail","hentry","entry"],"acf":[],"_links":{"self":[{"href":"https:\/\/krilaw.com\/es\/wp-json\/wp\/v2\/pages\/2783","targetHints":{"allow":["GET"]}}],"collection":[{"href":"https:\/\/krilaw.com\/es\/wp-json\/wp\/v2\/pages"}],"about":[{"href":"https:\/\/krilaw.com\/es\/wp-json\/wp\/v2\/types\/page"}],"author":[{"embeddable":true,"href":"https:\/\/krilaw.com\/es\/wp-json\/wp\/v2\/users\/22"}],"replies":[{"embeddable":true,"href":"https:\/\/krilaw.com\/es\/wp-json\/wp\/v2\/comments?post=2783"}],"version-history":[{"count":9,"href":"https:\/\/krilaw.com\/es\/wp-json\/wp\/v2\/pages\/2783\/revisions"}],"predecessor-version":[{"id":10693,"href":"https:\/\/krilaw.com\/es\/wp-json\/wp\/v2\/pages\/2783\/revisions\/10693"}],"up":[{"embeddable":true,"href":"https:\/\/krilaw.com\/es\/wp-json\/wp\/v2\/pages\/2748"}],"wp:featuredmedia":[{"embeddable":true,"href":"https:\/\/krilaw.com\/es\/wp-json\/wp\/v2\/media\/7314"}],"wp:attachment":[{"href":"https:\/\/krilaw.com\/es\/wp-json\/wp\/v2\/media?parent=2783"}],"curies":[{"name":"wp","href":"https:\/\/api.w.org\/{rel}","templated":true}]}}