{"id":2791,"date":"2011-02-24T12:37:25","date_gmt":"2011-02-24T18:37:25","guid":{"rendered":"https:\/\/krilaw.com\/perfil-abogados\/attorney-justin-burton\/"},"modified":"2025-10-29T16:39:27","modified_gmt":"2025-10-29T21:39:27","slug":"attorney-justin-burton","status":"publish","type":"page","link":"https:\/\/krilaw.com\/es\/perfil-abogados\/attorney-justin-burton\/","title":{"rendered":"Justin R. Burton"},"content":{"rendered":"<h2>Biograf\u00eda<\/h2>\n<p>Justin Burton es miembro de <a href=\"https:\/\/krilaw.com\/es\/nosotros\/\">Kriezelman Burton &amp; Associates, LLC<\/a>. Es un abogado dedicado a la pr\u00e1ctica de la Ley de <a href=\"https:\/\/krilaw.com\/es\/servicios\/inmigracion\/ley-de-inmigracion\/\">Inmigraci\u00f3n y Nacionalidad<\/a>. Practica regularmente leyes ante los Servicios de Ciudadan\u00eda e Inmigraci\u00f3n de los EE. UU., El Departamento de Seguridad Nacional, los Tribunales de Inmigraci\u00f3n, la Junta de Apelaciones de Inmigraci\u00f3n, los Tribunales de Distrito Federal y los Tribunales de Apelaciones. Justin tambi\u00e9n es un orador habitual sobre el tema de la Ley de Inmigraci\u00f3n.<\/p>\n<p>Habla anualmente en la reuni\u00f3n de la Asociaci\u00f3n Estadounidense de Abogados de Inmigraci\u00f3n ante cientos de <a href=\"https:\/\/krilaw.com\/es\/servicios\/inmigracion\/what-does-an-immigration-attorney-do\/\">abogados de Inmigraci\u00f3n<\/a>. Tambi\u00e9n habla en reuniones con la Asociaci\u00f3n de Abogados de Chicago, Conferencia Regional en el Medio Oeste y la Asociaci\u00f3n Federal de Abogados. Algunas de sus decisiones publicadas ante el Tribunal de Apelaciones incluyen a Giday v. Gonzales; Tabaku v. Ashcroft; Abdelqader v. Ashcroft; y Naim v. Ashcroft. Justin es miembro de la Asociaci\u00f3n de Abogados de Chicago, del Colegio de Abogados de Illinois, de la Asociaci\u00f3n Americana de Abogados, de la Asociaci\u00f3n Estadounidense de Abogados de Inmigraci\u00f3n (AILA) y de la Asociaci\u00f3n Federal de Abogados. Tambi\u00e9n ha ocupado cargos, incluido el enlace con la Oficina Ejecutiva de Revisi\u00f3n de Inmigraci\u00f3n, encabez\u00f3 el inicio del Comit\u00e9 de Litigios AILA de Chicago y el Comit\u00e9 Nacional de Deportaci\u00f3n y Expulsi\u00f3n de AILA.<\/p>\n<p>Justin es voluntario extensamente con agencias y comit\u00e9s pro-bono. Actualmente es miembro de la Junta de la Sociedad Hebrea de Ayuda a la Inmigraci\u00f3n. Tambi\u00e9n brinda servicios pro-bono que incluyen asistencia regular a clientes indigentes con la Sociedad Legal Voluntaria de Chicago. Actualmente, Justin es miembro de la Junta Ejecutiva de Chicago de la Asociaci\u00f3n Estadounidense de Abogados de Inmigraci\u00f3n.<\/p>\n","protected":false},"excerpt":{"rendered":"<p>Biograf\u00eda Justin Burton es miembro de Kriezelman Burton &amp; Associates, LLC. Es un abogado dedicado a la pr\u00e1ctica de la Ley de Inmigraci\u00f3n y Nacionalidad. Practica regularmente leyes ante los Servicios de Ciudadan\u00eda e Inmigraci\u00f3n de los EE. UU., El Departamento de Seguridad Nacional, los Tribunales de Inmigraci\u00f3n, la Junta de Apelaciones de Inmigraci\u00f3n, los &hellip; <\/p>\n<p class=\"link-more\"><a href=\"https:\/\/krilaw.com\/es\/perfil-abogados\/attorney-justin-burton\/\" class=\"more-link\">Seguir leyendo<span class=\"screen-reader-text\"> \u00abJustin R. Burton\u00bb<\/span><\/a><\/p>\n","protected":false},"author":22,"featured_media":7326,"parent":2748,"menu_order":4,"comment_status":"closed","ping_status":"closed","template":"template-parts\/single-profile-page.php","meta":{"_acf_changed":false,"_oasis_is_in_workflow":0,"_oasis_original":0,"_oasis_task_priority":"","footnotes":""},"class_list":["post-2791","page","type-page","status-publish","has-post-thumbnail","hentry","entry"],"acf":[],"_links":{"self":[{"href":"https:\/\/krilaw.com\/es\/wp-json\/wp\/v2\/pages\/2791","targetHints":{"allow":["GET"]}}],"collection":[{"href":"https:\/\/krilaw.com\/es\/wp-json\/wp\/v2\/pages"}],"about":[{"href":"https:\/\/krilaw.com\/es\/wp-json\/wp\/v2\/types\/page"}],"author":[{"embeddable":true,"href":"https:\/\/krilaw.com\/es\/wp-json\/wp\/v2\/users\/22"}],"replies":[{"embeddable":true,"href":"https:\/\/krilaw.com\/es\/wp-json\/wp\/v2\/comments?post=2791"}],"version-history":[{"count":7,"href":"https:\/\/krilaw.com\/es\/wp-json\/wp\/v2\/pages\/2791\/revisions"}],"predecessor-version":[{"id":9223,"href":"https:\/\/krilaw.com\/es\/wp-json\/wp\/v2\/pages\/2791\/revisions\/9223"}],"up":[{"embeddable":true,"href":"https:\/\/krilaw.com\/es\/wp-json\/wp\/v2\/pages\/2748"}],"wp:featuredmedia":[{"embeddable":true,"href":"https:\/\/krilaw.com\/es\/wp-json\/wp\/v2\/media\/7326"}],"wp:attachment":[{"href":"https:\/\/krilaw.com\/es\/wp-json\/wp\/v2\/media?parent=2791"}],"curies":[{"name":"wp","href":"https:\/\/api.w.org\/{rel}","templated":true}]}}