{"id":2795,"date":"2011-02-24T12:44:37","date_gmt":"2011-02-24T18:44:37","guid":{"rendered":"https:\/\/krilaw.com\/perfil-abogados\/erin-cobb\/"},"modified":"2025-03-10T00:24:29","modified_gmt":"2025-03-10T05:24:29","slug":"erin-cobb","status":"publish","type":"page","link":"https:\/\/krilaw.com\/es\/perfil-abogados\/erin-cobb\/","title":{"rendered":"Erin C. Cobb"},"content":{"rendered":"<h2>Biograf\u00eda<\/h2>\n<p>Erin Cobb es miembro de Kriezelman Burton &amp; Associates, LLC, donde practica la \u00a0<a href=\"https:\/\/krilaw.com\/es\/servicios\/inmigracion\/ley-de-inmigracion\/\" target=\"_blank\" rel=\"noopener noreferrer\">ley de inmigraci\u00f3n<\/a> exclusivamente. Ella enfoca su pr\u00e1ctica en el <a href=\"https:\/\/krilaw.com\/es\/servicios\/inmigracion\/asilo\/\" target=\"_blank\" rel=\"noopener noreferrer\">asilo<\/a>, la inmigraci\u00f3n basada en la familia, la naturalizaci\u00f3n compleja, la <a href=\"https:\/\/krilaw.com\/es\/servicios\/defensa-corte-federal-remocion-deportacion\/\" target=\"_blank\" rel=\"noopener noreferrer\">defensa de deportaci\u00f3n<\/a> y el litigio en la corte federal. Actualmente es miembro del Comit\u00e9 Ejecutivo del Cap\u00edtulo de Chicago de la Asociaci\u00f3n Estadounidense de Abogados de Inmigraci\u00f3n y se ha desempe\u00f1ado como Profesora Adjunta en la Facultad de Derecho de la Universidad DePaul, donde ense\u00f1a Derecho de Inmigraci\u00f3n y Nacionalidad. Erin ejerce ante los Servicios de Ciudadan\u00eda e Inmigraci\u00f3n de EE. UU., Los Tribunales de Inmigraci\u00f3n, la Junta de Apelaciones de Inmigraci\u00f3n, el Tribunal de Distrito de EE. UU. Para el Distrito Norte de Illinois y el Tribunal de Apelaciones de los Estados Unidos para el Sexto y S\u00e9ptimo Circuito. Anteriormente fue abogada en una importante organizaci\u00f3n de servicios legales en Chicago, Illinois, y contin\u00faa realizando trabajo pro-bono a trav\u00e9s de una serie de organizaciones comunitarias.<\/p>\n<p>Antes de su carrera como abogada de inmigraci\u00f3n, Erin dio clases de ingl\u00e9s como segunda lengua a inmigrantes y posibles inmigrantes con la intenci\u00f3n de ser residentes permanentes tanto en Chicago como en el extranjero.<\/p>\n","protected":false},"excerpt":{"rendered":"<p>Biograf\u00eda Erin Cobb es miembro de Kriezelman Burton &amp; Associates, LLC, donde practica la \u00a0ley de inmigraci\u00f3n exclusivamente. Ella enfoca su pr\u00e1ctica en el asilo, la inmigraci\u00f3n basada en la familia, la naturalizaci\u00f3n compleja, la defensa de deportaci\u00f3n y el litigio en la corte federal. Actualmente es miembro del Comit\u00e9 Ejecutivo del Cap\u00edtulo de Chicago &hellip; <\/p>\n<p class=\"link-more\"><a href=\"https:\/\/krilaw.com\/es\/perfil-abogados\/erin-cobb\/\" class=\"more-link\">Seguir leyendo<span class=\"screen-reader-text\"> \u00abErin C. Cobb\u00bb<\/span><\/a><\/p>\n","protected":false},"author":22,"featured_media":7329,"parent":2748,"menu_order":6,"comment_status":"closed","ping_status":"closed","template":"template-parts\/single-profile-page.php","meta":{"_acf_changed":false,"_oasis_is_in_workflow":0,"_oasis_original":0,"_oasis_task_priority":"","footnotes":""},"class_list":["post-2795","page","type-page","status-publish","has-post-thumbnail","hentry","entry"],"acf":[],"_links":{"self":[{"href":"https:\/\/krilaw.com\/es\/wp-json\/wp\/v2\/pages\/2795","targetHints":{"allow":["GET"]}}],"collection":[{"href":"https:\/\/krilaw.com\/es\/wp-json\/wp\/v2\/pages"}],"about":[{"href":"https:\/\/krilaw.com\/es\/wp-json\/wp\/v2\/types\/page"}],"author":[{"embeddable":true,"href":"https:\/\/krilaw.com\/es\/wp-json\/wp\/v2\/users\/22"}],"replies":[{"embeddable":true,"href":"https:\/\/krilaw.com\/es\/wp-json\/wp\/v2\/comments?post=2795"}],"version-history":[{"count":12,"href":"https:\/\/krilaw.com\/es\/wp-json\/wp\/v2\/pages\/2795\/revisions"}],"predecessor-version":[{"id":9235,"href":"https:\/\/krilaw.com\/es\/wp-json\/wp\/v2\/pages\/2795\/revisions\/9235"}],"up":[{"embeddable":true,"href":"https:\/\/krilaw.com\/es\/wp-json\/wp\/v2\/pages\/2748"}],"wp:featuredmedia":[{"embeddable":true,"href":"https:\/\/krilaw.com\/es\/wp-json\/wp\/v2\/media\/7329"}],"wp:attachment":[{"href":"https:\/\/krilaw.com\/es\/wp-json\/wp\/v2\/media?parent=2795"}],"curies":[{"name":"wp","href":"https:\/\/api.w.org\/{rel}","templated":true}]}}