{"id":2799,"date":"2011-02-24T13:09:20","date_gmt":"2011-02-24T19:09:20","guid":{"rendered":"https:\/\/krilaw.com\/perfil-abogados\/mathew-kriezelman\/"},"modified":"2025-10-29T16:39:52","modified_gmt":"2025-10-29T21:39:52","slug":"mathew-kriezelman","status":"publish","type":"page","link":"https:\/\/krilaw.com\/es\/perfil-abogados\/mathew-kriezelman\/","title":{"rendered":"Matthew S. Kriezelman"},"content":{"rendered":"<h2>Biograf\u00eda<\/h2>\n<p>Matthew Kriezelman es miembro de <a href=\"https:\/\/krilaw.com\/es\/nosotros\/\">Kriezelman Burton &amp; Associates, LLC<\/a>. Practica regularmente la <a href=\"https:\/\/krilaw.com\/es\/servicios\/inmigracion\/ley-de-inmigracion\/\">ley de Inmigraci\u00f3n<\/a> ante los Servicios de Ciudadan\u00eda e Inmigraci\u00f3n de los Estados Unidos, el Departamento de Seguridad Nacional, los Tribunales de Inmigraci\u00f3n, la Junta de Apelaciones de Inmigraci\u00f3n, los Tribunales de Distrito Federal y los Tribunales de Apelaciones.<br \/>\nMatthew ha viajado extensamente por todo el pa\u00eds para representar a inmigrantes ante USCIS, ICE y varios tribunales de inmigraci\u00f3n.<\/p>\n<p>Tiene una amplia experiencia en litigar asuntos relacionados con la inmigraci\u00f3n ante el Tribunal Federal de Distrito. Matthew ha presentado numerosos reclamos bajo la Ley de Procedimientos Administrativos para solicitar que el Tribunal de Distrito obligue al Departamento de Seguridad Nacional a tomar una decisi\u00f3n final en un caso. A menudo, esto ha resultado en decisiones inmediatas en casos que han estado pendientes mucho m\u00e1s all\u00e1 de los tiempos normales de proceso. Matthew tambi\u00e9n ha presentado numerosas acciones para solicitar que el Tribunal de Distrito revise las negaciones de decisiones administrativas finales.<\/p>\n<p>Actualmente, Matthew se desempe\u00f1a como copresidente de la cl\u00ednica Pro-Bono de la Asociaci\u00f3n Estadounidense de Abogados de Inmigraci\u00f3n a trav\u00e9s de los Servicios Legales Voluntarios de Chicago. Matthew tiene oficinas en Chicago y Waukegan.<\/p>\n","protected":false},"excerpt":{"rendered":"<p>Biograf\u00eda Matthew Kriezelman es miembro de Kriezelman Burton &amp; Associates, LLC. Practica regularmente la ley de Inmigraci\u00f3n ante los Servicios de Ciudadan\u00eda e Inmigraci\u00f3n de los Estados Unidos, el Departamento de Seguridad Nacional, los Tribunales de Inmigraci\u00f3n, la Junta de Apelaciones de Inmigraci\u00f3n, los Tribunales de Distrito Federal y los Tribunales de Apelaciones. Matthew ha &hellip; <\/p>\n<p class=\"link-more\"><a href=\"https:\/\/krilaw.com\/es\/perfil-abogados\/mathew-kriezelman\/\" class=\"more-link\">Seguir leyendo<span class=\"screen-reader-text\"> \u00abMatthew S. Kriezelman\u00bb<\/span><\/a><\/p>\n","protected":false},"author":22,"featured_media":7332,"parent":2748,"menu_order":7,"comment_status":"closed","ping_status":"closed","template":"template-parts\/single-profile-page.php","meta":{"_acf_changed":false,"_oasis_is_in_workflow":0,"_oasis_original":0,"_oasis_task_priority":"","footnotes":""},"class_list":["post-2799","page","type-page","status-publish","has-post-thumbnail","hentry","entry"],"acf":[],"_links":{"self":[{"href":"https:\/\/krilaw.com\/es\/wp-json\/wp\/v2\/pages\/2799","targetHints":{"allow":["GET"]}}],"collection":[{"href":"https:\/\/krilaw.com\/es\/wp-json\/wp\/v2\/pages"}],"about":[{"href":"https:\/\/krilaw.com\/es\/wp-json\/wp\/v2\/types\/page"}],"author":[{"embeddable":true,"href":"https:\/\/krilaw.com\/es\/wp-json\/wp\/v2\/users\/22"}],"replies":[{"embeddable":true,"href":"https:\/\/krilaw.com\/es\/wp-json\/wp\/v2\/comments?post=2799"}],"version-history":[{"count":8,"href":"https:\/\/krilaw.com\/es\/wp-json\/wp\/v2\/pages\/2799\/revisions"}],"predecessor-version":[{"id":9222,"href":"https:\/\/krilaw.com\/es\/wp-json\/wp\/v2\/pages\/2799\/revisions\/9222"}],"up":[{"embeddable":true,"href":"https:\/\/krilaw.com\/es\/wp-json\/wp\/v2\/pages\/2748"}],"wp:featuredmedia":[{"embeddable":true,"href":"https:\/\/krilaw.com\/es\/wp-json\/wp\/v2\/media\/7332"}],"wp:attachment":[{"href":"https:\/\/krilaw.com\/es\/wp-json\/wp\/v2\/media?parent=2799"}],"curies":[{"name":"wp","href":"https:\/\/api.w.org\/{rel}","templated":true}]}}