{"id":2829,"date":"2015-11-07T04:10:57","date_gmt":"2015-11-07T04:10:57","guid":{"rendered":"https:\/\/krilaw.com\/consular-processing-and-adjustment-of-status\/"},"modified":"2025-09-23T02:31:32","modified_gmt":"2025-09-23T07:31:32","slug":"procesamiento-consular-ajuste-estatus","status":"publish","type":"page","link":"https:\/\/krilaw.com\/es\/servicios\/inmigracion\/procesamiento-consular-ajuste-estatus\/","title":{"rendered":"Procesamiento Consular y Ajuste de Estatus"},"content":{"rendered":"<h1>Abogados para Procesamiento Consular y Ajuste de Estatus en Chicago<\/h1>\n<p>Obtener el estatus de residencia permanente <a href=\"https:\/\/www.uscis.gov\/greencard\" target=\"_blank\" rel=\"noopener\">(una tarjeta de residencia)<\/a> en los Estados Unidos puede conferir una serie de beneficios importantes a las personas. Bajo la Ley de Inmigraci\u00f3n y Nacionalidad (<a href=\"https:\/\/www.uscis.gov\/legal-resources\/immigration-and-nationality-act\" target=\"_blank\" rel=\"noopener\">INA)<\/a>, hay dos maneras principales a trav\u00e9s de las cuales una persona puede obtener el estatus de residente permanente: procesamiento consular y ajuste de estatus. Aunque ambos m\u00e9todos logran el mismo resultado, hay diferencias importantes que los inmigrantes potenciales deber\u00edan conocer. Adem\u00e1s, tanto el procesamiento consular como el ajuste de estatus pueden ser extremadamente complicados, por lo que es altamente recomendable que cualquiera que busque el estatus de residente permanente a trav\u00e9s de cualquiera de estos procesos, consulte conun abogado lo antes posible.<\/p>\n<h2>Procesamiento Consular<\/h2>\n<p>El procesamiento consular es utilizado por personas en el extranjero que son\u00a0 beneficiarios de una petici\u00f3n de inmigrante aprobada y tienen un n\u00famero de inmigrante disponible de inmediato. Para obtener el estatus de residente permanente, deben solicitar en el consulado de los Estados Unidos en el extranjero una visa de inmigrante para poder ingresar a los Estados Unidos como residente permanente. Los pasos asociados con el procesamiento consular son los siguientes:<\/p>\n<ul>\n<li>Determinar si tiene la capacidad de inmigrar<\/li>\n<li>Presentar la petici\u00f3n de inmigrante correcta<\/li>\n<li>Obtener una decisi\u00f3n sobre su petici\u00f3n<\/li>\n<li>Esperar a que el Centro Nacional de Visas le informe que un n\u00famero de visa de inmigrante estar\u00e1 disponible.<\/li>\n<li>Asistir a una cita en la oficina consular<\/li>\n<li>Notificar al Centro de Visas de cualquier cambio en este proceso<\/li>\n<li>Obtener un paquete de visa para presentar frente a un Oficial de Aduanas y Protecci\u00f3n Fronteriza (CBP)<\/li>\n<li>Recibir su tarjeta verde (tarjeta de residencia permanente)<\/li>\n<\/ul>\n<h2>Ajuste de Estatus<\/h2>\n<p>El ajuste de estatus, por otro lado, permite que una persona que ya se encuentra en los Estados Unidos cambie su estatus de inmigrante a no inmigrante o residente permanente. Con el fin de obtener un ajuste de estatus, una persona debe cumplir con todas los requisitos establecidospara el estatus de residencia permanente en una categor\u00eda determinada. Los pasos necesarios para obtener el ajuste de estatus incluyen los siguientes:<\/p>\n<ul>\n<li>Determinar si tiene una base para inmigrar<\/li>\n<li>Presentar la petici\u00f3n de inmigrante correcta<\/li>\n<li>Verificar si hay visas disponibles en su categor\u00eda<\/li>\n<li>Presentar el Formulario I-485<\/li>\n<li>Proporcionar informaci\u00f3n biom\u00e9trica en su Centro de soporte de aplicaciones<\/li>\n<li>Asistir a su entrevista, si corresponde<\/li>\n<li>Obtener una decisi\u00f3n final por correo<\/li>\n<\/ul>\n<p>Es importante destacar que, si se le niega un ajuste de estatus, su notificaci\u00f3n le informar\u00e1 si tiene derecho a apelar. En algunos casos, puede ser que no. Si tiene derecho a apelar, debe presentar una notificaci\u00f3n de apelaci\u00f3n dentro de los 30 d\u00edas a partir de la fecha en la que recibi\u00f3 la decisi\u00f3n. En algunos casos, puede presentar una Moci\u00f3n para reabrir o v reconsiderar su caso. Si cualquierade estas opciones de apelaci\u00f3n aplica a usted, debe comunicarse con un abogado inmediatamente.<\/p>\n<h2>Contacte hoy a un despacho de abogados de inmigraci\u00f3n en chicago para hablar de su problema relacionado con el procesamiento consular o el ajuste de estatus<\/h2>\n<p>Ya sea que busque el estatus de residente permanente a trav\u00e9s del proceso consular o mediante un ajuste de estatus, la asistencia de un abogado de inmigraci\u00f3n puede ser invaluable. En muchos casos, contar con un abogado puede ayudar a que el proceso sea mucho m\u00e1s r\u00e1pido y eficiente, y tambi\u00e9n puede ayudar a evitar cualquier problema incluso antes de que surja. Durante m\u00e1s de 40 a\u00f1os, los abogados de procesamiento y ajuste de estatus consular de Chicago<strong><u>,<\/u><\/strong><a href=\"https:\/\/krilaw.com\/es\/perfil-abogados\/\">\u00a0 Kriezelman Burton &amp; Associates LLC,<\/a> han ayudado a personas con problemas legales relacionados con la ley de inmigraci\u00f3n de los Estados Unidos. Para programar una consulta con uno de nuestros abogados, llame a nuestra oficina hoy mismo al <a href=\"tel:3123322550\">312-332-2550<\/a>.<\/p>\n<h2>Preguntas frecuentes sobre el ajuste de estatus<\/h2>\n","protected":false},"excerpt":{"rendered":"<p>Abogados para Procesamiento Consular y Ajuste de Estatus en Chicago Obtener el estatus de residencia permanente (una tarjeta de residencia) en los Estados Unidos puede conferir una serie de beneficios importantes a las personas. Bajo la Ley de Inmigraci\u00f3n y Nacionalidad (INA), hay dos maneras principales a trav\u00e9s de las cuales una persona puede obtener &hellip; <\/p>\n<p class=\"link-more\"><a href=\"https:\/\/krilaw.com\/es\/servicios\/inmigracion\/procesamiento-consular-ajuste-estatus\/\" class=\"more-link\">Seguir leyendo<span class=\"screen-reader-text\"> \u00abProcesamiento Consular y Ajuste de Estatus\u00bb<\/span><\/a><\/p>\n","protected":false},"author":6,"featured_media":7177,"parent":2985,"menu_order":32,"comment_status":"closed","ping_status":"closed","template":"","meta":{"_acf_changed":false,"_oasis_is_in_workflow":0,"_oasis_original":0,"_oasis_task_priority":"","footnotes":""},"class_list":["post-2829","page","type-page","status-publish","has-post-thumbnail","hentry","entry"],"acf":[],"_links":{"self":[{"href":"https:\/\/krilaw.com\/es\/wp-json\/wp\/v2\/pages\/2829","targetHints":{"allow":["GET"]}}],"collection":[{"href":"https:\/\/krilaw.com\/es\/wp-json\/wp\/v2\/pages"}],"about":[{"href":"https:\/\/krilaw.com\/es\/wp-json\/wp\/v2\/types\/page"}],"author":[{"embeddable":true,"href":"https:\/\/krilaw.com\/es\/wp-json\/wp\/v2\/users\/6"}],"replies":[{"embeddable":true,"href":"https:\/\/krilaw.com\/es\/wp-json\/wp\/v2\/comments?post=2829"}],"version-history":[{"count":3,"href":"https:\/\/krilaw.com\/es\/wp-json\/wp\/v2\/pages\/2829\/revisions"}],"predecessor-version":[{"id":10454,"href":"https:\/\/krilaw.com\/es\/wp-json\/wp\/v2\/pages\/2829\/revisions\/10454"}],"up":[{"embeddable":true,"href":"https:\/\/krilaw.com\/es\/wp-json\/wp\/v2\/pages\/2985"}],"wp:featuredmedia":[{"embeddable":true,"href":"https:\/\/krilaw.com\/es\/wp-json\/wp\/v2\/media\/7177"}],"wp:attachment":[{"href":"https:\/\/krilaw.com\/es\/wp-json\/wp\/v2\/media?parent=2829"}],"curies":[{"name":"wp","href":"https:\/\/api.w.org\/{rel}","templated":true}]}}