{"id":2832,"date":"2011-07-27T10:00:32","date_gmt":"2011-07-27T10:00:32","guid":{"rendered":"https:\/\/krilaw.com\/federal-court-litigation\/"},"modified":"2024-04-30T16:41:07","modified_gmt":"2024-04-30T21:41:07","slug":"litigacion-tribunal-federal","status":"publish","type":"page","link":"https:\/\/krilaw.com\/es\/servicios\/defensa-corte-federal-remocion-deportacion\/litigacion-tribunal-federal\/","title":{"rendered":"Litigaci\u00f3n en Tribunales Federales"},"content":{"rendered":"<h1>Abogados de Litigaci\u00f3n en Tribunales Federales de Chicago<\/h1>\n<p>Los tribunales federales son \u00fatiles para solicitar una revisi\u00f3n de una acci\u00f3n del Departamento de Seguridad Nacional, falta de acci\u00f3n u omisi\u00f3n. \u00bfLa solicitud o petici\u00f3n que present\u00f3 ante los Servicios de Ciudadan\u00eda o Inmigraci\u00f3n de los Estados Unidos ha estado pendiente durante un tiempo excepcionalmente largo? \u00a1Usted puede hacer algo al respecto! En algunos casos, puede ser apropiado solicitar a los tribunales federales que ordenen al Servicio de Inmigraci\u00f3n que tome una decisi\u00f3n sobre su caso.<\/p>\n<p>En las solicitudes de<a href=\"https:\/\/krilaw.com\/es\/servicios\/inmigracion\/ley-de-inmigracion\/ciudadania-naturalizacion\/\"> naturalizaci\u00f3n<\/a>, esto normalmente se puede hacer despu\u00e9s de que hayan transcurrido 120 d\u00edas desde que fue entrevistado para su solicitud.<\/p>\n<p>Para otras aplicaciones, la cantidad de tiempo de espera antes de presentar un caso var\u00eda. Adem\u00e1s, hay otras consideraciones que pueden afectar si este tipo de demanda ser\u00eda de beneficio en su caso. Le recomendamos que se <a href=\"https:\/\/krilaw.com\/es\/contacto\/\">contacte<\/a> con nuestras oficinas para discutir si puede ser apropiado presentar una demanda con respecto a su solicitud.<\/p>\n","protected":false},"excerpt":{"rendered":"<p>Abogados de Litigaci\u00f3n en Tribunales Federales de Chicago Los tribunales federales son \u00fatiles para solicitar una revisi\u00f3n de una acci\u00f3n del Departamento de Seguridad Nacional, falta de acci\u00f3n u omisi\u00f3n. \u00bfLa solicitud o petici\u00f3n que present\u00f3 ante los Servicios de Ciudadan\u00eda o Inmigraci\u00f3n de los Estados Unidos ha estado pendiente durante un tiempo excepcionalmente largo? &hellip; <\/p>\n<p class=\"link-more\"><a href=\"https:\/\/krilaw.com\/es\/servicios\/defensa-corte-federal-remocion-deportacion\/litigacion-tribunal-federal\/\" class=\"more-link\">Seguir leyendo<span class=\"screen-reader-text\"> \u00abLitigaci\u00f3n en Tribunales Federales\u00bb<\/span><\/a><\/p>\n","protected":false},"author":22,"featured_media":0,"parent":2939,"menu_order":33,"comment_status":"closed","ping_status":"closed","template":"","meta":{"_acf_changed":false,"_oasis_is_in_workflow":0,"_oasis_original":0,"_oasis_task_priority":"","footnotes":""},"class_list":["post-2832","page","type-page","status-publish","hentry","entry"],"acf":[],"_links":{"self":[{"href":"https:\/\/krilaw.com\/es\/wp-json\/wp\/v2\/pages\/2832","targetHints":{"allow":["GET"]}}],"collection":[{"href":"https:\/\/krilaw.com\/es\/wp-json\/wp\/v2\/pages"}],"about":[{"href":"https:\/\/krilaw.com\/es\/wp-json\/wp\/v2\/types\/page"}],"author":[{"embeddable":true,"href":"https:\/\/krilaw.com\/es\/wp-json\/wp\/v2\/users\/22"}],"replies":[{"embeddable":true,"href":"https:\/\/krilaw.com\/es\/wp-json\/wp\/v2\/comments?post=2832"}],"version-history":[{"count":0,"href":"https:\/\/krilaw.com\/es\/wp-json\/wp\/v2\/pages\/2832\/revisions"}],"up":[{"embeddable":true,"href":"https:\/\/krilaw.com\/es\/wp-json\/wp\/v2\/pages\/2939"}],"wp:attachment":[{"href":"https:\/\/krilaw.com\/es\/wp-json\/wp\/v2\/media?parent=2832"}],"curies":[{"name":"wp","href":"https:\/\/api.w.org\/{rel}","templated":true}]}}