{"id":2835,"date":"2017-10-05T18:53:44","date_gmt":"2017-10-05T18:53:44","guid":{"rendered":"https:\/\/krilaw.com\/visas\/"},"modified":"2024-08-05T16:53:20","modified_gmt":"2024-08-05T21:53:20","slug":"visas","status":"publish","type":"page","link":"https:\/\/krilaw.com\/es\/servicios\/empleo\/visa-no-inmigrante\/visas\/","title":{"rendered":"Visas"},"content":{"rendered":"<h1>Abogados de Visas F y M en Chicago<\/h1>\n<p>Estados Unidos tiene algunos de los mejores colegios y universidades del mundo. Si bien existen excelentes universidades en todo los Estados Unidos, hay pocos lugares que sean mejores para la educaci\u00f3n superior que el \u00e1rea de Chicago. Los estudiantes extranjeros pueden obtener acceso a estos colegios y universidades, trav\u00e9s de los programas de visas de estudiantes estadounidenses.<\/p>\n<p>En Kriezelman Burton &amp; Associates, LLC, nuestros <a href=\"https:\/\/krilaw.com\/es\/perfil-abogados\/\">abogados en visas de estudiantes<\/a> en Chicago tienen una amplia experiencia en el manejo de todo tipo de solicitudes de visas educativas. Si usted o un ser querido est\u00e1 buscando obtener una visa para asistir a la escuela en el norte de Illinois, contacte con nuestro equipo hoy mismo para obtener asistencia inmediata con su caso.<\/p>\n<h2>Visas tipo f-1<\/h2>\n<p>Las visas F-1 est\u00e1n disponibles para estudiantes internacionales que asisten a un programa acad\u00e9mico calificado en un colegio o universidad en los Estados Unidos. Los estudiantes que buscan este tipo de visa deben tener una carga de curso de tiempo completo en la instituci\u00f3n educativa en donde asisten a clases. Los portadores de una visa F-1 pueden permanecer en los Estados Unidos durante los 60 d\u00edas posteriores a la finalizaci\u00f3n de su programa escolar. Para permanecer m\u00e1s tiempo, estos titulares de visa deben solicitar dicho permiso y ser aprobados para quedarse a trabajar en el pa\u00eds.<\/p>\n<h2>Visas tipo m-1<\/h2>\n<p>La visa M-1 es similar a la visa F-1, con la diferencia principal de que los solicitantes de visa M-1 ser\u00e1n aprobados para inscribirse a tiempo completo en una escuela vocacional estadounidense u otro programa no acad\u00e9mico calificado. Al igual que con las visas F-1, los solicitantes deben cumplir con ciertos requisitos de salud, car\u00e1cter y requisitos financieros para poder ser aprobados para la visa. Los titulares de una visa M-1, tambi\u00e9n deben solicitar la aprobaci\u00f3n para seguir trabajando en los EE. UU. despu\u00e9s de completar su educaci\u00f3n.<\/p>\n<h2>Visas tipo f-3 y m-3<\/h2>\n<p>Las visas F-3 y M-3 son visas de no inmigrante que est\u00e1n disponibles para los estudiantes sujetos a desplazamientos peri\u00f3dicos y que son residentes legales ya sea de M\u00e9xico o Canad\u00e1. Estas visas fueron creadas por el Congreso de los Estados Unidos a trav\u00e9s del La Ley de Estudiantes de Cercan\u00edas Fronterizas de 2002. El objetivo principal de las visas F-3 \/ M-3 es permitir a los estudiantes que viven cerca de la frontera cruzar a los Estados Unidos para obtener una educaci\u00f3n. En particular, antes de los atentados del 11 de septiembre del 2001, los estudiantes fronterizos de M\u00e9xico y Canad\u00e1 pod\u00edan estudiar en los EE. UU. sin obtener ninguna documentaci\u00f3n especializada. El Departamento de Seguridad Nacional (DHS) cre\u00f3 visas F-3 \/ M-3 por razones de seguridad.<\/p>\n<h2>Contacte a Nuestros Abogados de Inmigraci\u00f3n de Chicago Hoy<\/h2>\n<p>En <a href=\"https:\/\/krilaw.com\/es\/contacto\/\">Kriezelman Burton &amp; Associates, LLC<\/a>, nuestros abogados de inmigraci\u00f3n en Chicago tienen una amplia experiencia en el manejo de casos de \u00a0visas tipo \u201cF\u201d y \u00a0tipo \u201cM\u201d. Para obtener ayuda inmediata con su caso, ll\u00e1menos hoy mismo al (312) 332-2550 para agendar una revisi\u00f3n de su caso confidencial. Desde nuestra oficina principal en Chicago, servimos a los inmigrantes y sus familias en todo el condado de Cook y alrededor del mundo.<\/p>\n","protected":false},"excerpt":{"rendered":"<p>Abogados de Visas F y M en Chicago Estados Unidos tiene algunos de los mejores colegios y universidades del mundo. Si bien existen excelentes universidades en todo los Estados Unidos, hay pocos lugares que sean mejores para la educaci\u00f3n superior que el \u00e1rea de Chicago. Los estudiantes extranjeros pueden obtener acceso a estos colegios y &hellip; <\/p>\n<p class=\"link-more\"><a href=\"https:\/\/krilaw.com\/es\/servicios\/empleo\/visa-no-inmigrante\/visas\/\" class=\"more-link\">Seguir leyendo<span class=\"screen-reader-text\"> \u00abVisas\u00bb<\/span><\/a><\/p>\n","protected":false},"author":6,"featured_media":7472,"parent":2954,"menu_order":34,"comment_status":"closed","ping_status":"closed","template":"","meta":{"_acf_changed":false,"_oasis_is_in_workflow":0,"_oasis_original":0,"_oasis_task_priority":"","footnotes":""},"class_list":["post-2835","page","type-page","status-publish","has-post-thumbnail","hentry","entry"],"acf":[],"_links":{"self":[{"href":"https:\/\/krilaw.com\/es\/wp-json\/wp\/v2\/pages\/2835","targetHints":{"allow":["GET"]}}],"collection":[{"href":"https:\/\/krilaw.com\/es\/wp-json\/wp\/v2\/pages"}],"about":[{"href":"https:\/\/krilaw.com\/es\/wp-json\/wp\/v2\/types\/page"}],"author":[{"embeddable":true,"href":"https:\/\/krilaw.com\/es\/wp-json\/wp\/v2\/users\/6"}],"replies":[{"embeddable":true,"href":"https:\/\/krilaw.com\/es\/wp-json\/wp\/v2\/comments?post=2835"}],"version-history":[{"count":2,"href":"https:\/\/krilaw.com\/es\/wp-json\/wp\/v2\/pages\/2835\/revisions"}],"predecessor-version":[{"id":7717,"href":"https:\/\/krilaw.com\/es\/wp-json\/wp\/v2\/pages\/2835\/revisions\/7717"}],"up":[{"embeddable":true,"href":"https:\/\/krilaw.com\/es\/wp-json\/wp\/v2\/pages\/2954"}],"wp:featuredmedia":[{"embeddable":true,"href":"https:\/\/krilaw.com\/es\/wp-json\/wp\/v2\/media\/7472"}],"wp:attachment":[{"href":"https:\/\/krilaw.com\/es\/wp-json\/wp\/v2\/media?parent=2835"}],"curies":[{"name":"wp","href":"https:\/\/api.w.org\/{rel}","templated":true}]}}