{"id":2838,"date":"2015-09-12T20:19:30","date_gmt":"2015-09-12T20:19:30","guid":{"rendered":"https:\/\/krilaw.com\/investors-and-entrepreneurs\/"},"modified":"2024-08-05T16:43:23","modified_gmt":"2024-08-05T21:43:23","slug":"inversionistas-empresarios","status":"publish","type":"page","link":"https:\/\/krilaw.com\/es\/servicios\/empleo\/inversionistas-empresarios\/","title":{"rendered":"Inversionistas y Empresarios"},"content":{"rendered":"<h1>Abogados de Inmigraci\u00f3n para Inversionistas y Empresarios en Chicago<\/h1>\n<p>Si usted es un ciudadano extranjero y desea comenzar a operar su negocio en los Estados Unidos enfrenta muchos requisitos legales complicados y regulaciones relacionadas con la inmigraci\u00f3n. Una de las decisiones m\u00e1s importantes que tomar\u00e1,\u00a0 ser\u00e1 cual es el tipo de visa apropiada\u00a0 a la que debe de aplicar para que se encuentre legalmente y trabajando en los Estados Unidos. En la firma de <strong><u>abogados de inmigraci\u00f3n en Chicago<\/u><\/strong> Kriezelman Burton &amp; Associates, LLC, ayudamos regularmente a propietarios de negocios e inversionistas, en la navegaci\u00f3n del proceso inmigratorio para que puedan obtener la visa adecuada de la manera m\u00e1s eficiente posible. Las siguientes son algunas de las opciones que buscamos en nombre de nuestros clientes inversionistas y emprendedores.<\/p>\n<h2>E-2 Visa para Inversionistas por Tratado Comercial<\/h2>\n<p><strong><u>Este tipo de visa<\/u><\/strong> es utilizada por muchos propietarios de empresas extranjeras que desean gestionar sus negocios en los Estados Unidos. Algunos de los requisitos b\u00e1sicos para este tipo de visa son los siguientes:<\/p>\n<ul>\n<li>Venir de uno de los pa\u00edses que tiene un tratado con los EE. UU.<\/li>\n<li>Invertir una cierta cantidad de capital en una empresa comercial real en los EE. UU. La cantidad de inversi\u00f3n requerida depende del tipo de empresa y debe ser sustancial en relaci\u00f3n con el costo total de la empresa; y<\/li>\n<li>una motivaci\u00f3n para venir a los EE. UU. que est\u00e9 directamente relacionada con el negocio. Esto se puede demostrar al poseer cuando menos la mitad del negocio o al desempe\u00f1arse en un puesto gerencial u otro rol que dirija las operaciones.<\/li>\n<\/ul>\n<p>Algunos beneficios de este tipo de visa son que su c\u00f3nyuge e hijos menores de 21 a\u00f1os tambi\u00e9n pueden recibir visas en funci\u00f3n de su estatus. Este tipo de visa se puede renovar indefinidamente mientras que califique; sin embargo, no le ayuda a obtener una tarjeta verde o de residencia permanente.<\/p>\n<h2>Eb-5 Programa de Inversionistas Inmigrantes<\/h2>\n<p>Este tipo de visa a menudo se conoce como la visa del mill\u00f3n de d\u00f3lares debido a la gran cantidad de inversi\u00f3n comercial requerida. Por ejemplo, la <strong><u>EB-5 requiere<\/u><\/strong> que invierta al menos $ 500,000 en una zona rural o $ 1,000,000 en una zona urbana. La inversi\u00f3n debe estar activa y tiene que ser en una empresa leg\u00edtima nueva o preexistente. Tambi\u00e9n debe demostrar que la inversi\u00f3n y \/ o el negocio crear\u00e1 o contribuir\u00e1 hacia el desarrollo de al menos diez puestos de trabajo dentro de cierto per\u00edodo de tiempo. Esta visa puede resultar en tarjetas verdes o de residencia permanente para usted y su familia; sin embargo, requiere de una cantidad significativa de capital para calificar.<\/p>\n<h2>Otras Opciones para Inversionistas y Emprendedores.<\/h2>\n<p>Si ninguna de las opciones anteriores es adecuada para usted, hay muchas otras opciones que nuestros abogados examinar\u00e1n para ayudarlo a comenzar a realizar negocios en los EE. UU. Estas pueden incluir una visa H1-B y una visa L-1, entre otras. Dise\u00f1amos soluciones de inmigraci\u00f3n \u00fanicas que lo ayudar\u00e1n a tener \u00e9xito en sus proyectos en EE. UU.<\/p>\n<h2>Platique sus Opciones con un Abogado de Inmigraci\u00f3n para Inversionistas y Empresarios en Chicago<\/h2>\n<p>Si usted es un inversionista o emprendedor extranjero que desea realizar operaciones comerciales en los EE. UU., su primer paso debe ser platicar todas sus diferentes opciones legales de visas con un abogado de inmigraci\u00f3n experimentado. En el despacho de abogados de Kriezelman Burton &amp; Associates LLC en Chicago, nuestro equipo ha auxiliado a muchos inversionistas y empresarios a trasladar sus negocios a los EE. UU. O a invertir en un negocio existente en los EE. UU. Si usted es inversionista o propietario de un negocio, no dude en <strong><u>contactar<\/u><\/strong> a nuestra oficina al 312-332-2550 para saber c\u00f3mo nuestro equipo legal puede ayudarlo.<\/p>\n","protected":false},"excerpt":{"rendered":"<p>Abogados de Inmigraci\u00f3n para Inversionistas y Empresarios en Chicago Si usted es un ciudadano extranjero y desea comenzar a operar su negocio en los Estados Unidos enfrenta muchos requisitos legales complicados y regulaciones relacionadas con la inmigraci\u00f3n. Una de las decisiones m\u00e1s importantes que tomar\u00e1,\u00a0 ser\u00e1 cual es el tipo de visa apropiada\u00a0 a la &hellip; <\/p>\n<p class=\"link-more\"><a href=\"https:\/\/krilaw.com\/es\/servicios\/empleo\/inversionistas-empresarios\/\" class=\"more-link\">Seguir leyendo<span class=\"screen-reader-text\"> \u00abInversionistas y Empresarios\u00bb<\/span><\/a><\/p>\n","protected":false},"author":6,"featured_media":7444,"parent":2991,"menu_order":35,"comment_status":"closed","ping_status":"closed","template":"","meta":{"_acf_changed":false,"_oasis_is_in_workflow":0,"_oasis_original":0,"_oasis_task_priority":"","footnotes":""},"class_list":["post-2838","page","type-page","status-publish","has-post-thumbnail","hentry","entry"],"acf":[],"_links":{"self":[{"href":"https:\/\/krilaw.com\/es\/wp-json\/wp\/v2\/pages\/2838","targetHints":{"allow":["GET"]}}],"collection":[{"href":"https:\/\/krilaw.com\/es\/wp-json\/wp\/v2\/pages"}],"about":[{"href":"https:\/\/krilaw.com\/es\/wp-json\/wp\/v2\/types\/page"}],"author":[{"embeddable":true,"href":"https:\/\/krilaw.com\/es\/wp-json\/wp\/v2\/users\/6"}],"replies":[{"embeddable":true,"href":"https:\/\/krilaw.com\/es\/wp-json\/wp\/v2\/comments?post=2838"}],"version-history":[{"count":3,"href":"https:\/\/krilaw.com\/es\/wp-json\/wp\/v2\/pages\/2838\/revisions"}],"predecessor-version":[{"id":7713,"href":"https:\/\/krilaw.com\/es\/wp-json\/wp\/v2\/pages\/2838\/revisions\/7713"}],"up":[{"embeddable":true,"href":"https:\/\/krilaw.com\/es\/wp-json\/wp\/v2\/pages\/2991"}],"wp:featuredmedia":[{"embeddable":true,"href":"https:\/\/krilaw.com\/es\/wp-json\/wp\/v2\/media\/7444"}],"wp:attachment":[{"href":"https:\/\/krilaw.com\/es\/wp-json\/wp\/v2\/media?parent=2838"}],"curies":[{"name":"wp","href":"https:\/\/api.w.org\/{rel}","templated":true}]}}