{"id":2842,"date":"2015-09-12T20:23:04","date_gmt":"2015-09-12T20:23:04","guid":{"rendered":"https:\/\/krilaw.com\/perm-labor-certification\/"},"modified":"2025-09-23T04:37:45","modified_gmt":"2025-09-23T09:37:45","slug":"certificacion-laboral-perm","status":"publish","type":"page","link":"https:\/\/krilaw.com\/es\/servicios\/empleo\/certificacion-laboral-perm\/","title":{"rendered":"Certificaci\u00f3n Laboral PERM"},"content":{"rendered":"<h1>Abogados de Certificaci\u00f3n Laboral PERM en Chicago<\/h1>\n<p>El Programa de Gesti\u00f3n y Revisi\u00f3n Electr\u00f3nica (PERM), tambi\u00e9n conocida como certificaci\u00f3n laboral PERM, es un paso importante para que muchos ciudadanos extranjeros puedan obtener la visa de empleo necesaria y trabajen legalmente en los Estados Unidos. Para que un ciudadano extranjero obtenga ciertos tipos de visas, un empleador debe solicitar una certificaci\u00f3n laboral del Departamento de Trabajo de los EE. UU. (DOL). Una vez que se aprueba la certificaci\u00f3n, el empleador puede solicitar al Servicio de Ciudadan\u00eda e Inmigraci\u00f3n de los Estados Unidos (USCIS) una<a href=\"https:\/\/krilaw.com\/es\/servicios\/inmigracion\/tarjeta-residencia-permanente\/\"> tarjeta verde o de residencia permanente para el empleado.<\/a><\/p>\n<p>El proceso de certificaci\u00f3n laboral PERM puede ser complicado, especialmente si su caso se selecciona para una auditor\u00eda. Siempre es aconsejable consultar con un abogado de inmigraci\u00f3n experimentado en Chicago con Kriezelman Burton &amp; Associates LLC, que pueda guiarlo a lo largo del proceso para garantizar que cumpla con todas las regulaciones y leyes relevantes.<\/p>\n<h2>Requisitos para la aprobaci\u00f3n de perm<\/h2>\n<p>Para solicitar PERM, debe cumplir con los siguientes requisitos:<\/p>\n<ul>\n<li>El empleado debe trabajar para el empleador a tiempo completo y permanente, no a tiempo parcial, estacional o temporal.<\/li>\n<li>Los requisitos del trabajo deben ser razonables para el puesto y no pueden dise\u00f1arse espec\u00edficamente para el nivel de educaci\u00f3n y experiencia del empleado.<\/li>\n<li>Al empleado se le pagar\u00e1 el salario predominante seg\u00fan lo determinado por el DOL y que recibir\u00edan las personas similarmente cualificadas para el mismo puesto. Al empleado se le debe pagar el 100 por ciento del salario prevaleciente.<\/li>\n<li>Se debe realizar una cierta cantidad de actividades de contrataci\u00f3n para determinar que el mercado laboral actual no proporciona un candidato suficientemente calificado, capaz y dispuesto para el trabajo que no sea el extranjero.<\/li>\n<\/ul>\n<h2>El proceso de solicitud de perm<\/h2>\n<p>Una vez que el empleador completa la extensa solicitud PERM, puede enviar dicha solicitud de manera electr\u00f3nica o por correo postal de los EE. UU. al DOL. Aunque no tiene que presentar ning\u00fan otro documento cuando presenta la solicitud, debe tener a la mano una cantidad de documentos en caso de una auditor\u00eda o revisi\u00f3n. Por ejemplo, el empleador deber\u00e1 conservar los documentos relacionados con las actividades de reclutamiento en caso de que surja la duda de que realiz\u00f3 una contrataci\u00f3n adecuada antes de presentar la solicitud. Si el empleador es seleccionado para una auditor\u00eda, tiene solo un tiempo limitado para proporcionar todos los documentos necesarios que respaldan sus afirmaciones. Si no proporciona los documentos solicitados, no solo se cancelar\u00e1 la solicitud, sino que el DOL puede insistir en supervisar de cerca cualquier esfuerzo de reclutamiento futuro para la b\u00fasqueda de una solicitud PERM y asegurarse de que est\u00e1 cumpliendo adecuadamente con los requisitos.<\/p>\n<p>Debido a que la solicitud PERM y el proceso de auditor\u00eda son estrictos e implacables, debe contar con la gu\u00eda de un abogado experimentado que pueda ayudarlo con su solicitud o determinar si existen otras opciones para obtener una visa para un empleado extranjero.<\/p>\n<h2>Descubra c\u00f3mo un abogado en chicago, especialista en certificaci\u00f3n laboral perm puede ayudarle<\/h2>\n<p>Si usted es un empleador y desea contratar ciudadanos extranjeros, debe consultar con un abogado en Chicago experimentado en inmigraci\u00f3n en la oficina de Kriezelman Burton &amp; Associates LLC. Nuestros abogados pueden ayudarlo con todos los pasos de su certificaci\u00f3n laboral PERM y est\u00e1n completamente familiarizados con los procesos y requisitos para las aplicaciones PERM. Si desea analizar su situaci\u00f3n de certificaci\u00f3n laboral, llame al <a href=\"tel:3123322550\">312-332-2550<\/a> o utilice nuestro formulario<a href=\"https:\/\/krilaw.com\/es\/contacto\/\"> de contacto en l\u00ednea<\/a> para programar su consulta.<\/p>\n<h2>Preguntas frecuentes sobre la certificaci\u00f3n laboral PERM<\/h2>\n","protected":false},"excerpt":{"rendered":"<p>Abogados de Certificaci\u00f3n Laboral PERM en Chicago El Programa de Gesti\u00f3n y Revisi\u00f3n Electr\u00f3nica (PERM), tambi\u00e9n conocida como certificaci\u00f3n laboral PERM, es un paso importante para que muchos ciudadanos extranjeros puedan obtener la visa de empleo necesaria y trabajen legalmente en los Estados Unidos. Para que un ciudadano extranjero obtenga ciertos tipos de visas, un &hellip; <\/p>\n<p class=\"link-more\"><a href=\"https:\/\/krilaw.com\/es\/servicios\/empleo\/certificacion-laboral-perm\/\" class=\"more-link\">Seguir leyendo<span class=\"screen-reader-text\"> \u00abCertificaci\u00f3n Laboral PERM\u00bb<\/span><\/a><\/p>\n","protected":false},"author":6,"featured_media":7448,"parent":2991,"menu_order":36,"comment_status":"closed","ping_status":"closed","template":"","meta":{"_acf_changed":false,"_oasis_is_in_workflow":0,"_oasis_original":0,"_oasis_task_priority":"","footnotes":""},"class_list":["post-2842","page","type-page","status-publish","has-post-thumbnail","hentry","entry"],"acf":[],"_links":{"self":[{"href":"https:\/\/krilaw.com\/es\/wp-json\/wp\/v2\/pages\/2842","targetHints":{"allow":["GET"]}}],"collection":[{"href":"https:\/\/krilaw.com\/es\/wp-json\/wp\/v2\/pages"}],"about":[{"href":"https:\/\/krilaw.com\/es\/wp-json\/wp\/v2\/types\/page"}],"author":[{"embeddable":true,"href":"https:\/\/krilaw.com\/es\/wp-json\/wp\/v2\/users\/6"}],"replies":[{"embeddable":true,"href":"https:\/\/krilaw.com\/es\/wp-json\/wp\/v2\/comments?post=2842"}],"version-history":[{"count":4,"href":"https:\/\/krilaw.com\/es\/wp-json\/wp\/v2\/pages\/2842\/revisions"}],"predecessor-version":[{"id":10491,"href":"https:\/\/krilaw.com\/es\/wp-json\/wp\/v2\/pages\/2842\/revisions\/10491"}],"up":[{"embeddable":true,"href":"https:\/\/krilaw.com\/es\/wp-json\/wp\/v2\/pages\/2991"}],"wp:featuredmedia":[{"embeddable":true,"href":"https:\/\/krilaw.com\/es\/wp-json\/wp\/v2\/media\/7448"}],"wp:attachment":[{"href":"https:\/\/krilaw.com\/es\/wp-json\/wp\/v2\/media?parent=2842"}],"curies":[{"name":"wp","href":"https:\/\/api.w.org\/{rel}","templated":true}]}}