{"id":2848,"date":"2016-02-16T08:00:51","date_gmt":"2016-02-16T08:00:51","guid":{"rendered":"https:\/\/krilaw.com\/asylum\/"},"modified":"2025-09-23T02:17:40","modified_gmt":"2025-09-23T07:17:40","slug":"asilo","status":"publish","type":"page","link":"https:\/\/krilaw.com\/es\/servicios\/inmigracion\/asilo\/","title":{"rendered":"Asilo"},"content":{"rendered":"<h1>Abogados para la Obtenci\u00f3n de Asilo en Chicago<\/h1>\n<p>Las personas que creen que no pueden regresar a sus pa\u00edses de origen porque han sufrido persecuci\u00f3n o tienen un temor razonable de ser perseguidos en el futuro debido a su raza, religi\u00f3n, nacionalidad, pertenencia a un grupo social determinado u opini\u00f3n pol\u00edtica, pueden calificar para solicitar asilo, lo cual permite a una persona de otro pa\u00eds permanecer en los Estados Unidos. Aunque muchas personas confunden el estatus de refugiado con el asilo, las dos son diferentes, ya que los solicitantes de asilo deben estar f\u00edsicamente presentes en los Estados Unidos para solicitar dicho estatus.<\/p>\n<p>Las solicitudes de asilo se deciden caso por caso, por lo que es importante que quienes buscan el estatus de asilado, se aseguren de proporcionar a las autoridades de inmigraci\u00f3n la documentaci\u00f3n e informaci\u00f3n completa y precisa sobre su situaci\u00f3n.<\/p>\n<p>La informaci\u00f3n que se proporciona a continuaci\u00f3n tiene como objetivo responder algunas de las preguntas m\u00e1s frecuentes respecto al asilo en los Estados Unidos. Para obtener m\u00e1s informaci\u00f3n o recibir asesoramiento espec\u00edfico sobre su situaci\u00f3n, llame a nuestra oficina para hablar con un abogado de inmigraci\u00f3n hoy mismo.<\/p>\n<h2>\u00bfC\u00f3mo Solicito Asilo?<\/h2>\n<p>Para solicitar el asilo, una persona debe estar f\u00edsicamente presente en los Estados Unidos y presentar su solicitud dentro del periodo de un a\u00f1o a partir de su ultima entrada, sujeto a ciertas excepciones. Para poder solicitarlo, debe presentar el <strong><u>Formulario I-589<\/u><\/strong>, <strong><u>Solicitud de Asilo<\/u><\/strong> y <strong><u>Suspensi\u00f3n de Remoci\u00f3n <\/u><\/strong>con el centro de servicio correspondiente, que para aquellos ubicados en Illinois es el Centro de Servicio de Nebraska. El formulario requiere una cantidad significativa de informaci\u00f3n sobre los antecedentes del solicitante, incluyendo informaci\u00f3n sobre la persecuci\u00f3n sufrida o temida, su historial familiar, laboral y delictivo. Los candidatos deben respaldar su solicitud con testimonios detallados sobre su temor de regresar al pa\u00eds de origen y con toda la documentaci\u00f3n de apoyo posible. Los solicitantes deben asistir a una entrevista respecto a su solicitud con un Oficial de Asilo capacitado.<\/p>\n<h2>\u00bfEl Recibir Asilo me Permite Trabajar Legalmente en los Estados Unidos?<\/h2>\n<p>S\u00ed. Las personas a las que se les ha otorgado asilo pueden trabajar legalmente en los Estados Unidos. La mayor\u00eda de los asilados tambi\u00e9n deben obtener Documentos de Autorizaci\u00f3n de Empleo para fines de identificaci\u00f3n o para su uso con posibles empleadores. Adem\u00e1s, a las personas que a\u00fan no se les ha otorgado asilo, pueden ser elegibles para la autorizaci\u00f3n de empleo si los siguientes hechos son ciertos:<\/p>\n<ul>\n<li>Han pasado 150 d\u00edas desde que se present\u00f3 su solicitud de asilo, excluyendo cualquier demora que haya sido culpa del declarante; y<\/li>\n<li>a\u00fan no se ha tomado una decisi\u00f3n sobre la solicitud del individuo.<\/li>\n<\/ul>\n<p>Desafortunadamente, una gran variedad de acciones pueden considerarse como culpa del declarante y puede detener o alentar el proceso. Por lo tanto, es importante buscar el asesoramiento de un abogado calificado.<\/p>\n<h2>\u00bfLos Asilados Pueden Obtener una Tarjeta de Residencia Permanente?<\/h2>\n<p>Las personas a las que se les ha otorgado asilo pueden solicitar una tarjeta verde (que otorga el estatus de residente permanente) despu\u00e9s de un a\u00f1o. Adem\u00e1s, los miembros de la familia que han obtenido asilo derivado tambi\u00e9n pueden solicitar una tarjeta verde. Obtener una tarjeta de residencia es una parte esencial en el camino para alcanzar la ciudadan\u00eda plena, ya que las personas que han tenido un estatus de residente permanente por cinco a\u00f1os y adem\u00e1s son elegibles, pueden solicitar la naturalizaci\u00f3n.<\/p>\n<h3>P\u00f3ngase en Contacto con una Firma de Abogados Experimentados en Asilo hoy Mismo para Programar una Consulta<\/h3>\n<p>Las personas que buscan asilo en los Estados Unidos deben consultar con un abogado de inmigraci\u00f3n experimentado lo antes posible. La asistencia de un abogado puede tener un impacto directo en si su solicitud de asilo es aceptada o no y, a menudo, puede ayudar a evitar posibles problemas que puedan surgir. Para programar una consulta con uno de nuestros abogados de asilo en Chicago, <strong><u>contacte<\/u><\/strong> hoy a Kriezelman Burton &amp; Associates LLC, al <a href=\"tel:3123322550\">312-332-2550<\/a>.<\/p>\n<h2>Preguntas frecuentes sobre asilo<\/h2>\n","protected":false},"excerpt":{"rendered":"<p>Abogados para la Obtenci\u00f3n de Asilo en Chicago Las personas que creen que no pueden regresar a sus pa\u00edses de origen porque han sufrido persecuci\u00f3n o tienen un temor razonable de ser perseguidos en el futuro debido a su raza, religi\u00f3n, nacionalidad, pertenencia a un grupo social determinado u opini\u00f3n pol\u00edtica, pueden calificar para solicitar &hellip; <\/p>\n<p class=\"link-more\"><a href=\"https:\/\/krilaw.com\/es\/servicios\/inmigracion\/asilo\/\" class=\"more-link\">Seguir leyendo<span class=\"screen-reader-text\"> \u00abAsilo\u00bb<\/span><\/a><\/p>\n","protected":false},"author":6,"featured_media":7168,"parent":2985,"menu_order":38,"comment_status":"closed","ping_status":"closed","template":"","meta":{"_acf_changed":false,"_oasis_is_in_workflow":0,"_oasis_original":0,"_oasis_task_priority":"","footnotes":""},"class_list":["post-2848","page","type-page","status-publish","has-post-thumbnail","hentry","entry"],"acf":[],"_links":{"self":[{"href":"https:\/\/krilaw.com\/es\/wp-json\/wp\/v2\/pages\/2848","targetHints":{"allow":["GET"]}}],"collection":[{"href":"https:\/\/krilaw.com\/es\/wp-json\/wp\/v2\/pages"}],"about":[{"href":"https:\/\/krilaw.com\/es\/wp-json\/wp\/v2\/types\/page"}],"author":[{"embeddable":true,"href":"https:\/\/krilaw.com\/es\/wp-json\/wp\/v2\/users\/6"}],"replies":[{"embeddable":true,"href":"https:\/\/krilaw.com\/es\/wp-json\/wp\/v2\/comments?post=2848"}],"version-history":[{"count":4,"href":"https:\/\/krilaw.com\/es\/wp-json\/wp\/v2\/pages\/2848\/revisions"}],"predecessor-version":[{"id":10446,"href":"https:\/\/krilaw.com\/es\/wp-json\/wp\/v2\/pages\/2848\/revisions\/10446"}],"up":[{"embeddable":true,"href":"https:\/\/krilaw.com\/es\/wp-json\/wp\/v2\/pages\/2985"}],"wp:featuredmedia":[{"embeddable":true,"href":"https:\/\/krilaw.com\/es\/wp-json\/wp\/v2\/media\/7168"}],"wp:attachment":[{"href":"https:\/\/krilaw.com\/es\/wp-json\/wp\/v2\/media?parent=2848"}],"curies":[{"name":"wp","href":"https:\/\/api.w.org\/{rel}","templated":true}]}}