{"id":2851,"date":"2012-11-01T11:32:24","date_gmt":"2012-11-01T11:32:24","guid":{"rendered":"https:\/\/krilaw.com\/eb5-investor-visa\/"},"modified":"2024-08-05T16:53:04","modified_gmt":"2024-08-05T21:53:04","slug":"visa-inversionista-eb5","status":"publish","type":"page","link":"https:\/\/krilaw.com\/es\/servicios\/empleo\/visa-inversionista-eb5\/","title":{"rendered":"Visa de Inversionista Tipo EB5"},"content":{"rendered":"<h1>Abogados de Visa de Inversionista Tipo EB5 en Chicago<\/h1>\n<p>El gobierno de los Estados Unidos ha buscado promover la inversi\u00f3n ofreciendo el programa &#8220;EB-5&#8221; como un medio para que los extranjeros adquieran residencia permanente en el pa\u00eds. Esta visa cubre a individuos que invierten $ 1,000,000 (o $ 500,000 si se demuestra que el \u00e1rea de inversi\u00f3n es un TEA o \u00e1rea espec\u00edfica de empleo) en una nueva empresa comercial que emplea al menos 10 trabajadores USC o LPR a tiempo completo. Inicialmente, a los inversionistas se les otorga residencia permanente condicional y al final de un per\u00edodo de dos a\u00f1os, cuando demuestran que han cumplido con los requisitos b\u00e1sicos para tal inversi\u00f3n, se les otorga una tarjeta verde completa con validez por diez a\u00f1os.<\/p>\n<p>Los inversionistas tienen la opci\u00f3n de administrar activamente el negocio a trav\u00e9s de la gesti\u00f3n diaria y la elaboraci\u00f3n de pol\u00edticas u obtener sus tarjetas verdes a trav\u00e9s de una inversi\u00f3n pasiva en un Centro Regional. Estos centros re\u00fanen recursos e invierte fondos en diversas industrias como bienes ra\u00edces, hoteler\u00eda, servicios educativos, atenci\u00f3n m\u00e9dica, manufactura y comercio minorista. Con la reciente reautorizaci\u00f3n del Programa Piloto del Centro Regional por 3 a\u00f1os, se ha dado \u00a0la oportunidad a los inversionistas de continuar benefici\u00e1ndose del conocimiento t\u00e9cnico de estos centros. Cuando un inversor elige administrar activamente un negocio, la empresa comercial subyacente puede establecerse a trav\u00e9s de un amplio espectro de entidades comerciales, incluida una sociedad de responsabilidad limitada, una sociedad de cartera y subsidiarias de propiedad total de dichas entidades. La entidad debe ser con fines de lucro. El inversor debe demostrar que los fondos han sido puestos en riesgo, que la fuente de fondos es leg\u00edtima y que se crear\u00e1n los 10 empleos necesarios durante los dos a\u00f1os de residencia condicional otorgada al inversionista. Kriezelman Burton and Associates LLC, ha representado exitosamente a los inversionistas del programa EB-5 basado en inversiones nuevas y en curso.39<\/p>\n","protected":false},"excerpt":{"rendered":"<p>Abogados de Visa de Inversionista Tipo EB5 en Chicago El gobierno de los Estados Unidos ha buscado promover la inversi\u00f3n ofreciendo el programa &#8220;EB-5&#8221; como un medio para que los extranjeros adquieran residencia permanente en el pa\u00eds. Esta visa cubre a individuos que invierten $ 1,000,000 (o $ 500,000 si se demuestra que el \u00e1rea &hellip; <\/p>\n<p class=\"link-more\"><a href=\"https:\/\/krilaw.com\/es\/servicios\/empleo\/visa-inversionista-eb5\/\" class=\"more-link\">Seguir leyendo<span class=\"screen-reader-text\"> \u00abVisa de Inversionista Tipo EB5\u00bb<\/span><\/a><\/p>\n","protected":false},"author":22,"featured_media":7440,"parent":2991,"menu_order":39,"comment_status":"closed","ping_status":"closed","template":"","meta":{"_acf_changed":false,"_oasis_is_in_workflow":0,"_oasis_original":0,"_oasis_task_priority":"","footnotes":""},"class_list":["post-2851","page","type-page","status-publish","has-post-thumbnail","hentry","entry"],"acf":[],"_links":{"self":[{"href":"https:\/\/krilaw.com\/es\/wp-json\/wp\/v2\/pages\/2851","targetHints":{"allow":["GET"]}}],"collection":[{"href":"https:\/\/krilaw.com\/es\/wp-json\/wp\/v2\/pages"}],"about":[{"href":"https:\/\/krilaw.com\/es\/wp-json\/wp\/v2\/types\/page"}],"author":[{"embeddable":true,"href":"https:\/\/krilaw.com\/es\/wp-json\/wp\/v2\/users\/22"}],"replies":[{"embeddable":true,"href":"https:\/\/krilaw.com\/es\/wp-json\/wp\/v2\/comments?post=2851"}],"version-history":[{"count":2,"href":"https:\/\/krilaw.com\/es\/wp-json\/wp\/v2\/pages\/2851\/revisions"}],"predecessor-version":[{"id":7716,"href":"https:\/\/krilaw.com\/es\/wp-json\/wp\/v2\/pages\/2851\/revisions\/7716"}],"up":[{"embeddable":true,"href":"https:\/\/krilaw.com\/es\/wp-json\/wp\/v2\/pages\/2991"}],"wp:featuredmedia":[{"embeddable":true,"href":"https:\/\/krilaw.com\/es\/wp-json\/wp\/v2\/media\/7440"}],"wp:attachment":[{"href":"https:\/\/krilaw.com\/es\/wp-json\/wp\/v2\/media?parent=2851"}],"curies":[{"name":"wp","href":"https:\/\/api.w.org\/{rel}","templated":true}]}}