{"id":2854,"date":"2011-07-27T09:30:36","date_gmt":"2011-07-27T15:30:36","guid":{"rendered":"https:\/\/krilaw.com\/f-1-visa\/"},"modified":"2024-08-05T16:53:34","modified_gmt":"2024-08-05T21:53:34","slug":"visa-f1","status":"publish","type":"page","link":"https:\/\/krilaw.com\/es\/servicios\/empleo\/visa-no-inmigrante\/visa-f1\/","title":{"rendered":"Visa F1"},"content":{"rendered":"<h1>Abogados de Visa Tipo F1 en Chicago<\/h1>\n<p>Las visas de estudiantes F-1 est\u00e1n disponibles para aquellos que asisten a escuelas en los Estados Unidos. Generalmente, un individuo se registra en una escuela en los Estados Unidos despu\u00e9s de ser aceptado. Un I-20 es emitido por la escuela y se presenta en el consulado estadounidense en el\u00a0 extranjero. A veces, un ciudadano extranjero que es admitido con otro tipo de visa puede transferirse a una visa de estudiante F-1 con el permiso del Departamento de Seguridad Nacional.<\/p>\n<p>El empleo est\u00e1 prohibido como estudiante F-1 con ciertas excepciones. Al graduarse, un ciudadano extranjero puede ser elegible para la Capacitaci\u00f3n Pr\u00e1ctica Opcional, donde puede trabajar en su campo de estudio durante un per\u00edodo de tiempo determinado.<\/p>\n","protected":false},"excerpt":{"rendered":"<p>Abogados de Visa Tipo F1 en Chicago Las visas de estudiantes F-1 est\u00e1n disponibles para aquellos que asisten a escuelas en los Estados Unidos. Generalmente, un individuo se registra en una escuela en los Estados Unidos despu\u00e9s de ser aceptado. Un I-20 es emitido por la escuela y se presenta en el consulado estadounidense en &hellip; <\/p>\n<p class=\"link-more\"><a href=\"https:\/\/krilaw.com\/es\/servicios\/empleo\/visa-no-inmigrante\/visa-f1\/\" class=\"more-link\">Seguir leyendo<span class=\"screen-reader-text\"> \u00abVisa F1\u00bb<\/span><\/a><\/p>\n","protected":false},"author":22,"featured_media":7496,"parent":2954,"menu_order":17,"comment_status":"closed","ping_status":"closed","template":"","meta":{"_acf_changed":false,"_oasis_is_in_workflow":0,"_oasis_original":0,"_oasis_task_priority":"","footnotes":""},"class_list":["post-2854","page","type-page","status-publish","has-post-thumbnail","hentry","entry"],"acf":[],"_links":{"self":[{"href":"https:\/\/krilaw.com\/es\/wp-json\/wp\/v2\/pages\/2854","targetHints":{"allow":["GET"]}}],"collection":[{"href":"https:\/\/krilaw.com\/es\/wp-json\/wp\/v2\/pages"}],"about":[{"href":"https:\/\/krilaw.com\/es\/wp-json\/wp\/v2\/types\/page"}],"author":[{"embeddable":true,"href":"https:\/\/krilaw.com\/es\/wp-json\/wp\/v2\/users\/22"}],"replies":[{"embeddable":true,"href":"https:\/\/krilaw.com\/es\/wp-json\/wp\/v2\/comments?post=2854"}],"version-history":[{"count":2,"href":"https:\/\/krilaw.com\/es\/wp-json\/wp\/v2\/pages\/2854\/revisions"}],"predecessor-version":[{"id":7718,"href":"https:\/\/krilaw.com\/es\/wp-json\/wp\/v2\/pages\/2854\/revisions\/7718"}],"up":[{"embeddable":true,"href":"https:\/\/krilaw.com\/es\/wp-json\/wp\/v2\/pages\/2954"}],"wp:featuredmedia":[{"embeddable":true,"href":"https:\/\/krilaw.com\/es\/wp-json\/wp\/v2\/media\/7496"}],"wp:attachment":[{"href":"https:\/\/krilaw.com\/es\/wp-json\/wp\/v2\/media?parent=2854"}],"curies":[{"name":"wp","href":"https:\/\/api.w.org\/{rel}","templated":true}]}}