{"id":2860,"date":"2011-07-27T06:38:53","date_gmt":"2011-07-27T12:38:53","guid":{"rendered":"https:\/\/krilaw.com\/employment-based-5th-preference-category\/"},"modified":"2024-05-02T14:47:16","modified_gmt":"2024-05-02T19:47:16","slug":"quinta-categoria-preferencia-basada-empleo","status":"publish","type":"page","link":"https:\/\/krilaw.com\/es\/servicios\/empleo\/inmigracion-basada-empleo-visas-inmigrantes\/quinta-categoria-preferencia-basada-empleo\/","title":{"rendered":"Quinta Categor\u00eda de Preferencia Basada en Empleo"},"content":{"rendered":"<h1>Abogados de la Quinta Categor\u00eda de Preferencia Basada en Empleo de Chicago<\/h1>\n<p>La visa de <strong><u>inversionista EB-5<\/u><\/strong> cubre individuos que invierten $ 1,000,000 (o $ 500,000 si se demuestra que el \u00e1rea de inversi\u00f3n es un TEA o \u00e1rea de empleo espec\u00edfica) en una nueva empresa comercial que emplea al menos 10 trabajadores de USC o LPR a tiempo completo y que participan en el negocio a trav\u00e9s de la gesti\u00f3n cotidiana y la elaboraci\u00f3n de pol\u00edticas. La empresa comercial subyacente puede establecerse a trav\u00e9s de un amplio espectro de entidades comerciales, incluida una sociedad de responsabilidad limitada, una sociedad de cartera y subsidiarias de propiedad total de dichas entidades. La entidad debe ser con fines de lucro. El inversor debe demostrar que los fondos han sido puestos en riesgo, que la fuente de fondos es leg\u00edtima y que se crear\u00e1n los 10 empleos necesarios durante los dos a\u00f1os de residencia condicional otorgada al inversionista<\/p>\n","protected":false},"excerpt":{"rendered":"<p>Abogados de la Quinta Categor\u00eda de Preferencia Basada en Empleo de Chicago La visa de inversionista EB-5 cubre individuos que invierten $ 1,000,000 (o $ 500,000 si se demuestra que el \u00e1rea de inversi\u00f3n es un TEA o \u00e1rea de empleo espec\u00edfica) en una nueva empresa comercial que emplea al menos 10 trabajadores de USC &hellip; <\/p>\n<p class=\"link-more\"><a href=\"https:\/\/krilaw.com\/es\/servicios\/empleo\/inmigracion-basada-empleo-visas-inmigrantes\/quinta-categoria-preferencia-basada-empleo\/\" class=\"more-link\">Seguir leyendo<span class=\"screen-reader-text\"> \u00abQuinta Categor\u00eda de Preferencia Basada en Empleo\u00bb<\/span><\/a><\/p>\n","protected":false},"author":22,"featured_media":0,"parent":2936,"menu_order":14,"comment_status":"closed","ping_status":"closed","template":"","meta":{"_acf_changed":false,"_oasis_is_in_workflow":0,"_oasis_original":0,"_oasis_task_priority":"","footnotes":""},"class_list":["post-2860","page","type-page","status-publish","hentry","entry"],"acf":[],"_links":{"self":[{"href":"https:\/\/krilaw.com\/es\/wp-json\/wp\/v2\/pages\/2860","targetHints":{"allow":["GET"]}}],"collection":[{"href":"https:\/\/krilaw.com\/es\/wp-json\/wp\/v2\/pages"}],"about":[{"href":"https:\/\/krilaw.com\/es\/wp-json\/wp\/v2\/types\/page"}],"author":[{"embeddable":true,"href":"https:\/\/krilaw.com\/es\/wp-json\/wp\/v2\/users\/22"}],"replies":[{"embeddable":true,"href":"https:\/\/krilaw.com\/es\/wp-json\/wp\/v2\/comments?post=2860"}],"version-history":[{"count":0,"href":"https:\/\/krilaw.com\/es\/wp-json\/wp\/v2\/pages\/2860\/revisions"}],"up":[{"embeddable":true,"href":"https:\/\/krilaw.com\/es\/wp-json\/wp\/v2\/pages\/2936"}],"wp:attachment":[{"href":"https:\/\/krilaw.com\/es\/wp-json\/wp\/v2\/media?parent=2860"}],"curies":[{"name":"wp","href":"https:\/\/api.w.org\/{rel}","templated":true}]}}