{"id":2863,"date":"2011-07-26T08:27:36","date_gmt":"2011-07-26T14:27:36","guid":{"rendered":"https:\/\/krilaw.com\/o-visa\/"},"modified":"2024-08-05T16:56:54","modified_gmt":"2024-08-05T21:56:54","slug":"visa-o","status":"publish","type":"page","link":"https:\/\/krilaw.com\/es\/servicios\/empleo\/visa-no-inmigrante\/visa-o\/","title":{"rendered":"Visa Tipo O"},"content":{"rendered":"<h1>Abogados de Visa Tipo \u201cO\u201d en Chicago<\/h1>\n<p>Estas visas est\u00e1n reservadas para personas con habilidades extraordinarias en las ciencias, las artes, la educaci\u00f3n, los negocios o el deporte. Por lo tanto, los individuos dentro de una amplia variedad de campos leg\u00edtimos patrocinados por un empleador son elegibles para dicha clasificaci\u00f3n. El beneficiario deber\u00e1 demostrar habilidades extraordinarias por \u201caclamaci\u00f3n nacional e internacional sostenida\u201d y reconocimiento generalizado en su campo, lo que se evidencia con publicaciones, premios, membres\u00edas en asociaciones selectas y otros criterios. Se debe incluir una carta de consulta sobre los logros del solicitante \u00a0por parte de un sindicato o grupo de gesti\u00f3n apropiado, si existe en su campo. No hay l\u00edmite en la cantidad de tiempo que un individuo puede pasar en estatus O-1, aunque tal estado puede otorgarse por no m\u00e1s de 3 a\u00f1os a la vez.<\/p>\n","protected":false},"excerpt":{"rendered":"<p>Abogados de Visa Tipo \u201cO\u201d en Chicago Estas visas est\u00e1n reservadas para personas con habilidades extraordinarias en las ciencias, las artes, la educaci\u00f3n, los negocios o el deporte. Por lo tanto, los individuos dentro de una amplia variedad de campos leg\u00edtimos patrocinados por un empleador son elegibles para dicha clasificaci\u00f3n. El beneficiario deber\u00e1 demostrar habilidades &hellip; <\/p>\n<p class=\"link-more\"><a href=\"https:\/\/krilaw.com\/es\/servicios\/empleo\/visa-no-inmigrante\/visa-o\/\" class=\"more-link\">Seguir leyendo<span class=\"screen-reader-text\"> \u00abVisa Tipo O\u00bb<\/span><\/a><\/p>\n","protected":false},"author":22,"featured_media":7517,"parent":2954,"menu_order":24,"comment_status":"closed","ping_status":"closed","template":"","meta":{"_acf_changed":false,"_oasis_is_in_workflow":0,"_oasis_original":0,"_oasis_task_priority":"","footnotes":""},"class_list":["post-2863","page","type-page","status-publish","has-post-thumbnail","hentry","entry"],"acf":[],"_links":{"self":[{"href":"https:\/\/krilaw.com\/es\/wp-json\/wp\/v2\/pages\/2863","targetHints":{"allow":["GET"]}}],"collection":[{"href":"https:\/\/krilaw.com\/es\/wp-json\/wp\/v2\/pages"}],"about":[{"href":"https:\/\/krilaw.com\/es\/wp-json\/wp\/v2\/types\/page"}],"author":[{"embeddable":true,"href":"https:\/\/krilaw.com\/es\/wp-json\/wp\/v2\/users\/22"}],"replies":[{"embeddable":true,"href":"https:\/\/krilaw.com\/es\/wp-json\/wp\/v2\/comments?post=2863"}],"version-history":[{"count":2,"href":"https:\/\/krilaw.com\/es\/wp-json\/wp\/v2\/pages\/2863\/revisions"}],"predecessor-version":[{"id":7721,"href":"https:\/\/krilaw.com\/es\/wp-json\/wp\/v2\/pages\/2863\/revisions\/7721"}],"up":[{"embeddable":true,"href":"https:\/\/krilaw.com\/es\/wp-json\/wp\/v2\/pages\/2954"}],"wp:featuredmedia":[{"embeddable":true,"href":"https:\/\/krilaw.com\/es\/wp-json\/wp\/v2\/media\/7517"}],"wp:attachment":[{"href":"https:\/\/krilaw.com\/es\/wp-json\/wp\/v2\/media?parent=2863"}],"curies":[{"name":"wp","href":"https:\/\/api.w.org\/{rel}","templated":true}]}}