{"id":2866,"date":"2011-07-26T08:06:21","date_gmt":"2011-07-26T14:06:21","guid":{"rendered":"https:\/\/krilaw.com\/b-1-b-2\/"},"modified":"2025-09-23T05:16:43","modified_gmt":"2025-09-23T10:16:43","slug":"visas-b1-b2","status":"publish","type":"page","link":"https:\/\/krilaw.com\/es\/servicios\/empleo\/visas-b1-b2\/","title":{"rendered":"Visas Tipo B-1 \/ B-2"},"content":{"rendered":"<h1>Abogados de Visas Tipo B-1 \/ B-2 en Chicago<\/h1>\n<h2>Visa B-1<\/h2>\n<p>La visa B-1 es una categor\u00eda de visa temporal reservada para actividades comerciales. Si bien el alcance de la visa es amplio y cubre una variedad de actividades comerciales, incluyendo consultas con socios comerciales o clientes de EE. UU., viajes a convenciones en los Estados Unidos, negociaciones de contratos y liquidaci\u00f3n de bienes, los visitantes B-1 no pueden recibir pagos ni compensaciones en los Estados Unidos. Los l\u00edmites en el \u00e1mbito de la actividad comercial bajo una visa B-1, hacen especialmente importante que consulte con un abogado profesional para confirmar que sus actividades previstas son legales bajo los t\u00e9rminos de su estado migratorio.<\/p>\n<h2>Visa B-2<\/h2>\n<p>La visa B-2 es tambi\u00e9n una categor\u00eda de visa temporal reservada para viajes de corta duraci\u00f3n a los Estados Unidos de \u00edndole relacionada al turismo, visita familiar o tratamiento m\u00e9dico.<\/p>\n<p>(Fuente: www.uscis.gov, visite &#8220;Visitantes a los Estados Unidos&#8221;; http:\/\/travel.state.gov\/visa\/temp\/types\/types_1262.html)<\/p>\n<h2>Preguntas frecuentes sobre las visas B-1 y B-2<\/h2>\n","protected":false},"excerpt":{"rendered":"<p>Abogados de Visas Tipo B-1 \/ B-2 en Chicago Visa B-1 La visa B-1 es una categor\u00eda de visa temporal reservada para actividades comerciales. Si bien el alcance de la visa es amplio y cubre una variedad de actividades comerciales, incluyendo consultas con socios comerciales o clientes de EE. UU., viajes a convenciones en los &hellip; <\/p>\n<p class=\"link-more\"><a href=\"https:\/\/krilaw.com\/es\/servicios\/empleo\/visas-b1-b2\/\" class=\"more-link\">Seguir leyendo<span class=\"screen-reader-text\"> \u00abVisas Tipo B-1 \/ B-2\u00bb<\/span><\/a><\/p>\n","protected":false},"author":22,"featured_media":7486,"parent":2991,"menu_order":14,"comment_status":"closed","ping_status":"closed","template":"","meta":{"_acf_changed":false,"_oasis_is_in_workflow":0,"_oasis_original":0,"_oasis_task_priority":"","footnotes":""},"class_list":["post-2866","page","type-page","status-publish","has-post-thumbnail","hentry","entry"],"acf":[],"_links":{"self":[{"href":"https:\/\/krilaw.com\/es\/wp-json\/wp\/v2\/pages\/2866","targetHints":{"allow":["GET"]}}],"collection":[{"href":"https:\/\/krilaw.com\/es\/wp-json\/wp\/v2\/pages"}],"about":[{"href":"https:\/\/krilaw.com\/es\/wp-json\/wp\/v2\/types\/page"}],"author":[{"embeddable":true,"href":"https:\/\/krilaw.com\/es\/wp-json\/wp\/v2\/users\/22"}],"replies":[{"embeddable":true,"href":"https:\/\/krilaw.com\/es\/wp-json\/wp\/v2\/comments?post=2866"}],"version-history":[{"count":4,"href":"https:\/\/krilaw.com\/es\/wp-json\/wp\/v2\/pages\/2866\/revisions"}],"predecessor-version":[{"id":10516,"href":"https:\/\/krilaw.com\/es\/wp-json\/wp\/v2\/pages\/2866\/revisions\/10516"}],"up":[{"embeddable":true,"href":"https:\/\/krilaw.com\/es\/wp-json\/wp\/v2\/pages\/2991"}],"wp:featuredmedia":[{"embeddable":true,"href":"https:\/\/krilaw.com\/es\/wp-json\/wp\/v2\/media\/7486"}],"wp:attachment":[{"href":"https:\/\/krilaw.com\/es\/wp-json\/wp\/v2\/media?parent=2866"}],"curies":[{"name":"wp","href":"https:\/\/api.w.org\/{rel}","templated":true}]}}