{"id":2869,"date":"2011-07-26T08:07:35","date_gmt":"2011-07-26T14:07:35","guid":{"rendered":"https:\/\/krilaw.com\/e-visas\/"},"modified":"2024-08-05T09:12:44","modified_gmt":"2024-08-05T14:12:44","slug":"visas-e","status":"publish","type":"page","link":"https:\/\/krilaw.com\/es\/servicios\/empleo\/visa-no-inmigrante\/visas-e\/","title":{"rendered":"Visas Tipo E"},"content":{"rendered":"<h1>Abogados de Visas Tipo \u201cE\u201d en Chicago<\/h1>\n<p>Esta categor\u00eda de visas, que incluye tanto la <strong><u>E-1<\/u><\/strong> como la <strong><u>E-2<\/u><\/strong>, est\u00e1 reservada para los ciudadanos que trabajar\u00e1n en los Estados Unidos como comerciantes o inversores de pa\u00edses calificantes con los que los Estados Unidos mantienen tratados de comercio y navegaci\u00f3n. La visa E-1 est\u00e1 reservada para comerciantes y la visa E-2 est\u00e1 reservada para inversores. Ambos tipos de visas comparten las siguientes condiciones:<\/p>\n<ul>\n<li>El individuo que busca tal estatus debe tener la nacionalidad de un pa\u00eds del tratado.<\/li>\n<li>El individuo que busca tal estatus debe ser el inversionista principal (en el caso de una E-2), o debe ser empleado en un puesto de supervisi\u00f3n, ejecutivo o altamente capacitado.<\/li>\n<\/ul>\n","protected":false},"excerpt":{"rendered":"<p>Abogados de Visas Tipo \u201cE\u201d en Chicago Esta categor\u00eda de visas, que incluye tanto la E-1 como la E-2, est\u00e1 reservada para los ciudadanos que trabajar\u00e1n en los Estados Unidos como comerciantes o inversores de pa\u00edses calificantes con los que los Estados Unidos mantienen tratados de comercio y navegaci\u00f3n. La visa E-1 est\u00e1 reservada para &hellip; <\/p>\n<p class=\"link-more\"><a href=\"https:\/\/krilaw.com\/es\/servicios\/empleo\/visa-no-inmigrante\/visas-e\/\" class=\"more-link\">Seguir leyendo<span class=\"screen-reader-text\"> \u00abVisas Tipo E\u00bb<\/span><\/a><\/p>\n","protected":false},"author":22,"featured_media":7493,"parent":2954,"menu_order":16,"comment_status":"closed","ping_status":"closed","template":"","meta":{"_acf_changed":false,"_oasis_is_in_workflow":0,"_oasis_original":0,"_oasis_task_priority":"","footnotes":""},"class_list":["post-2869","page","type-page","status-publish","has-post-thumbnail","hentry","entry"],"acf":[],"_links":{"self":[{"href":"https:\/\/krilaw.com\/es\/wp-json\/wp\/v2\/pages\/2869","targetHints":{"allow":["GET"]}}],"collection":[{"href":"https:\/\/krilaw.com\/es\/wp-json\/wp\/v2\/pages"}],"about":[{"href":"https:\/\/krilaw.com\/es\/wp-json\/wp\/v2\/types\/page"}],"author":[{"embeddable":true,"href":"https:\/\/krilaw.com\/es\/wp-json\/wp\/v2\/users\/22"}],"replies":[{"embeddable":true,"href":"https:\/\/krilaw.com\/es\/wp-json\/wp\/v2\/comments?post=2869"}],"version-history":[{"count":1,"href":"https:\/\/krilaw.com\/es\/wp-json\/wp\/v2\/pages\/2869\/revisions"}],"predecessor-version":[{"id":7695,"href":"https:\/\/krilaw.com\/es\/wp-json\/wp\/v2\/pages\/2869\/revisions\/7695"}],"up":[{"embeddable":true,"href":"https:\/\/krilaw.com\/es\/wp-json\/wp\/v2\/pages\/2954"}],"wp:featuredmedia":[{"embeddable":true,"href":"https:\/\/krilaw.com\/es\/wp-json\/wp\/v2\/media\/7493"}],"wp:attachment":[{"href":"https:\/\/krilaw.com\/es\/wp-json\/wp\/v2\/media?parent=2869"}],"curies":[{"name":"wp","href":"https:\/\/api.w.org\/{rel}","templated":true}]}}