{"id":2874,"date":"2011-07-27T06:34:51","date_gmt":"2011-07-27T12:34:51","guid":{"rendered":"https:\/\/krilaw.com\/employment-based-3rd-preference-category\/"},"modified":"2024-05-02T14:45:38","modified_gmt":"2024-05-02T19:45:38","slug":"tercera-categoria-preferencia-basada-empleo","status":"publish","type":"page","link":"https:\/\/krilaw.com\/es\/servicios\/empleo\/inmigracion-basada-empleo-visas-inmigrantes\/tercera-categoria-preferencia-basada-empleo\/","title":{"rendered":"Tercera Categor\u00eda de Preferencia Basada en Empleo"},"content":{"rendered":"<h1>Abogados de la Tercera Categor\u00eda de Preferencia Basada en Empleo de Chicago<\/h1>\n<p>EB-3: PROFESIONALES, ESPECIALIZADOS Y OTROS TRABAJADORES<\/p>\n<p>Esta categor\u00eda est\u00e1 reservada para profesionales patrocinados por el empleador con una licenciatura o grado de estudios superior, capacitados (definidos como un m\u00ednimo de 2 a\u00f1os de capacitaci\u00f3n o experiencia laboral) y otros trabajadores (aquellos con menos de 2 a\u00f1os de capacitaci\u00f3n y experiencia laboral). Todos los empleados patrocinados en esta categor\u00eda requieren de una certificaci\u00f3n laboral. (ver <strong><u>certificaci\u00f3n laboral<\/u><\/strong>). Esta es a menudo la categor\u00eda de visa patrocinada m\u00e1s com\u00fan. Esta categor\u00eda de visa a menudo se excede en sus solicitudes y, por lo tanto, solo hay un n\u00famero limitado de visas disponibles por a\u00f1o.<\/p>\n<p>Certificaci\u00f3n laboral extranjera.<\/p>\n","protected":false},"excerpt":{"rendered":"<p>Abogados de la Tercera Categor\u00eda de Preferencia Basada en Empleo de Chicago EB-3: PROFESIONALES, ESPECIALIZADOS Y OTROS TRABAJADORES Esta categor\u00eda est\u00e1 reservada para profesionales patrocinados por el empleador con una licenciatura o grado de estudios superior, capacitados (definidos como un m\u00ednimo de 2 a\u00f1os de capacitaci\u00f3n o experiencia laboral) y otros trabajadores (aquellos con menos &hellip; <\/p>\n<p class=\"link-more\"><a href=\"https:\/\/krilaw.com\/es\/servicios\/empleo\/inmigracion-basada-empleo-visas-inmigrantes\/tercera-categoria-preferencia-basada-empleo\/\" class=\"more-link\">Seguir leyendo<span class=\"screen-reader-text\"> \u00abTercera Categor\u00eda de Preferencia Basada en Empleo\u00bb<\/span><\/a><\/p>\n","protected":false},"author":22,"featured_media":0,"parent":2936,"menu_order":7,"comment_status":"closed","ping_status":"closed","template":"","meta":{"_acf_changed":false,"_oasis_is_in_workflow":0,"_oasis_original":0,"_oasis_task_priority":"","footnotes":""},"class_list":["post-2874","page","type-page","status-publish","hentry","entry"],"acf":[],"_links":{"self":[{"href":"https:\/\/krilaw.com\/es\/wp-json\/wp\/v2\/pages\/2874","targetHints":{"allow":["GET"]}}],"collection":[{"href":"https:\/\/krilaw.com\/es\/wp-json\/wp\/v2\/pages"}],"about":[{"href":"https:\/\/krilaw.com\/es\/wp-json\/wp\/v2\/types\/page"}],"author":[{"embeddable":true,"href":"https:\/\/krilaw.com\/es\/wp-json\/wp\/v2\/users\/22"}],"replies":[{"embeddable":true,"href":"https:\/\/krilaw.com\/es\/wp-json\/wp\/v2\/comments?post=2874"}],"version-history":[{"count":0,"href":"https:\/\/krilaw.com\/es\/wp-json\/wp\/v2\/pages\/2874\/revisions"}],"up":[{"embeddable":true,"href":"https:\/\/krilaw.com\/es\/wp-json\/wp\/v2\/pages\/2936"}],"wp:attachment":[{"href":"https:\/\/krilaw.com\/es\/wp-json\/wp\/v2\/media?parent=2874"}],"curies":[{"name":"wp","href":"https:\/\/api.w.org\/{rel}","templated":true}]}}