{"id":2880,"date":"2016-03-01T08:00:12","date_gmt":"2016-03-01T08:00:12","guid":{"rendered":"https:\/\/krilaw.com\/vawa-and-u-visas\/"},"modified":"2025-09-23T05:03:19","modified_gmt":"2025-09-23T10:03:19","slug":"visa-wawa-visa-u","status":"publish","type":"page","link":"https:\/\/krilaw.com\/es\/servicios\/empleo\/visa-no-inmigrante\/visa-wawa-visa-u\/","title":{"rendered":"Visas Tipo Vawa y Tipo U"},"content":{"rendered":"<h1>Abogados de Visa Tipo VAWA y Visa Tipo U de Chicago<\/h1>\n<p>Las personas que son v\u00edctimas de ciertos delitos o de violencia dom\u00e9stica pueden tener varias opciones para permanecer en este pa\u00eds, ya sea por medio de una visa tipo \u201cU\u201d o mediante una auto petici\u00f3n autorizada por la Ley de Violencia contra la Mujer (<strong><u>VAWA<\/u><\/strong>). Determinar para cu\u00e1les de estos programas podr\u00eda ser elegible puede ser complicado y, en algunos casos, puede ser admisible para ambos. La informaci\u00f3n presentada a continuaci\u00f3n est\u00e1 dise\u00f1ada para ayudar a las personas a entender estas dos opciones y \u00a0saber en cuales circunstancias puede ser mejor presentar una auto-petici\u00f3n bajo la VAWA y cu\u00e1ndo ser\u00eda favorable buscar una visa U. Para obtener informaci\u00f3n espec\u00edfica sobre su caso, aseg\u00farese de hablar con un abogado de inmigraci\u00f3n con experiencia.<\/p>\n<h2>Visas Tipo U<\/h2>\n<p>Las visas U son un tipo de visa de no inmigrante disponible para las v\u00edctimas de ciertos delitos que han sufrido abuso mental, f\u00edsico o emocional de manera sustancial y que han colaborado con las agencias encargadas de hacer cumplir la ley, los fiscales o ciertos \u00a0funcionarios del gobierno. Las visas U permiten a sus titulares vivir y trabajar dentro de los Estados Unidos por un per\u00edodo de cuatro a\u00f1os. Se pueden otorgar extensiones en ciertas situaciones. Es importante destacar que solo hay <strong><u>10,000 Visas U<\/u><\/strong> disponibles para los solicitantes cada a\u00f1o, pero no hay l\u00edmite para los miembros de la familia que obtienen el estatus a trav\u00e9s del solicitante principal. Las visas U pueden utilizarse como un camino hacia la ciudadan\u00eda, ya que los titulares de esta visa son elegibles para solicitar una tarjeta de residencia permanente o tarjeta verde despu\u00e9s de vivir continuamente en los EE. UU. durante tres a\u00f1os con la visa U. Un individuo puede ser elegible para una visa U si \u00e9l o ella es v\u00edctima de cualquiera de los siguientes actos criminales; tenga en cuenta que esta no es una lista completa y las v\u00edctimas de otros delitos deben contactar a un abogado de inmigraci\u00f3n con experiencia para saber si pueden calificar:<\/p>\n<ul>\n<li>Secuestro<\/li>\n<li>Esclavitud<\/li>\n<li>Falso encarcelamiento<\/li>\n<li>Asalto criminal<\/li>\n<li>Extorsi\u00f3n<\/li>\n<li>Violencia dom\u00e9stica<\/li>\n<li>Violaci\u00f3n<\/li>\n<li>Perjurio<\/li>\n<li>Prostituci\u00f3n<\/li>\n<li>Acecho; y<\/li>\n<li>Abuso sexual<\/li>\n<\/ul>\n<h2>La Ley de Violencia Contra la Mujer<\/h2>\n<p>VAWA proporciona a las personas que han sido maltratadas o abusadas por ciertos miembros de la familia la oportunidad de obtener tarjetas verdes de residencia permanente sin que alg\u00fan miembro de la familia tenga que hacer una petici\u00f3n en su nombre. El abuso f\u00edsico no es requerido; la ley considera otros tipos de abuso bajo el t\u00e9rmino &#8220;extrema crueldad&#8221;. La ley permite que tanto hombres como mujeres soliciten por s\u00ed mismos un estatus de residencia permanente legal bajo las siguientes circunstancias:<\/p>\n<ul>\n<li>El c\u00f3nyuge del extranjero es ciudadano o residente permanente de los EE. UU. y el o ella golpe\u00f3 o abus\u00f3 del extranjero o del hijo del extranjero<\/li>\n<li>El padre o padrastro del extranjero es ciudadano o residente permanente de los Estados Unidos y \u00e9l o ella golpe\u00f3 o abus\u00f3 al ciudadano extranjero<\/li>\n<li>El hijo o la hija adulto de un ciudadano extranjero es ciudadano de EE. UU. y el o ella abus\u00f3 del ciudadano extranjero<\/li>\n<\/ul>\n<p>Mientras que las personas que buscan la aprobaci\u00f3n de una auto-petici\u00f3n bajo VAWA deben poder establecer una buena conducta moral, una visa U solo requiere que el peticionario no sea inadmisible a los Estados Unidos, lo cual es un obst\u00e1culo menor que superar. Adem\u00e1s la visa U ofrece una exenci\u00f3n generosa para los solicitantes que tienen problemas de inadmisibilidad, como condenas penales o m\u00faltiples entradas ilegales a este pa\u00eds.<\/p>\n<h2>Comun\u00edquese hoy Mismo con un Abogado de Inmigracion para Visas Tipo Vawa y Tipo u en Chicago para Hablar Sobre su Caso<\/h2>\n<p>Las personas que han sido v\u00edctimas de violencia dom\u00e9stica u otros delitos pueden permanecer en los Estados Unidos a trav\u00e9s de la Ley contra la Violencia a la Mujer o mediante una visa U. Algunos familiares tambi\u00e9n pueden ser incluidos en las solicitudes, ya sea dentro o fuera de los Estados Unidos. Debido a las complejidades legales involucradas al solicitar a las autoridades de inmigraci\u00f3n una visa o el estado de residencia permanente, se recomienda que cualquiera que considere hacerlo cuente con los servicios de un <strong><u>abogado especializado en inmigraci\u00f3n<\/u><\/strong> de Chicago. Para <strong><u>programar una consulta<\/u><\/strong> con uno de nuestros abogados, llame a Kriezelman Burton &amp; Associates LLC hoy al <a href=\"tel:3123322550\">312-332-2550<\/a>.<\/p>\n<h2>Preguntas frecuentes sobre inmigraci\u00f3n a trav\u00e9s de la Ley de Violencia contra la Mujer<\/h2>\n","protected":false},"excerpt":{"rendered":"<p>Abogados de Visa Tipo VAWA y Visa Tipo U de Chicago Las personas que son v\u00edctimas de ciertos delitos o de violencia dom\u00e9stica pueden tener varias opciones para permanecer en este pa\u00eds, ya sea por medio de una visa tipo \u201cU\u201d o mediante una auto petici\u00f3n autorizada por la Ley de Violencia contra la Mujer &hellip; <\/p>\n<p class=\"link-more\"><a href=\"https:\/\/krilaw.com\/es\/servicios\/empleo\/visa-no-inmigrante\/visa-wawa-visa-u\/\" class=\"more-link\">Seguir leyendo<span class=\"screen-reader-text\"> \u00abVisas Tipo Vawa y Tipo U\u00bb<\/span><\/a><\/p>\n","protected":false},"author":6,"featured_media":7482,"parent":2954,"menu_order":49,"comment_status":"closed","ping_status":"closed","template":"","meta":{"_acf_changed":false,"_oasis_is_in_workflow":0,"_oasis_original":0,"_oasis_task_priority":"","footnotes":""},"class_list":["post-2880","page","type-page","status-publish","has-post-thumbnail","hentry","entry"],"acf":[],"_links":{"self":[{"href":"https:\/\/krilaw.com\/es\/wp-json\/wp\/v2\/pages\/2880","targetHints":{"allow":["GET"]}}],"collection":[{"href":"https:\/\/krilaw.com\/es\/wp-json\/wp\/v2\/pages"}],"about":[{"href":"https:\/\/krilaw.com\/es\/wp-json\/wp\/v2\/types\/page"}],"author":[{"embeddable":true,"href":"https:\/\/krilaw.com\/es\/wp-json\/wp\/v2\/users\/6"}],"replies":[{"embeddable":true,"href":"https:\/\/krilaw.com\/es\/wp-json\/wp\/v2\/comments?post=2880"}],"version-history":[{"count":4,"href":"https:\/\/krilaw.com\/es\/wp-json\/wp\/v2\/pages\/2880\/revisions"}],"predecessor-version":[{"id":10507,"href":"https:\/\/krilaw.com\/es\/wp-json\/wp\/v2\/pages\/2880\/revisions\/10507"}],"up":[{"embeddable":true,"href":"https:\/\/krilaw.com\/es\/wp-json\/wp\/v2\/pages\/2954"}],"wp:featuredmedia":[{"embeddable":true,"href":"https:\/\/krilaw.com\/es\/wp-json\/wp\/v2\/media\/7482"}],"wp:attachment":[{"href":"https:\/\/krilaw.com\/es\/wp-json\/wp\/v2\/media?parent=2880"}],"curies":[{"name":"wp","href":"https:\/\/api.w.org\/{rel}","templated":true}]}}