{"id":2886,"date":"2011-07-27T06:15:25","date_gmt":"2011-07-27T12:15:25","guid":{"rendered":"https:\/\/krilaw.com\/fiance-visas\/"},"modified":"2024-08-05T09:21:27","modified_gmt":"2024-08-05T14:21:27","slug":"visa-prometido-conyuge","status":"publish","type":"page","link":"https:\/\/krilaw.com\/es\/servicios\/inmigracion-basada-familia\/visa-prometido-conyuge\/","title":{"rendered":"Visas para Prometido o C\u00f3nyuge"},"content":{"rendered":"<h1>Abogados de Visa para Prometido o C\u00f3nyuge en Chicago<\/h1>\n<p>Nuestros clientes a menudo preguntan a nuestras oficinas sobre obtener asesoramiento si como c\u00f3nyuges o prometidos ciudadanos estadounidenses es apropiado declarar como su prometido al futuro c\u00f3nyuge o, alternativamente, como un c\u00f3nyuge casado. Dependiendo de los hechos, circunstancias y objetivos de cada cliente, intentamos aconsejar a nuestros clientes y a aquellos que buscan asesoramiento legal con el fin de evitar las problem\u00e1ticas y consecuencias de buscar la visa inapropiada de no inmigrante o inmigrante.<\/p>\n<p>Dadas las dificultades asociadas con proporcionar informaci\u00f3n general sobre la cual uno podr\u00eda tomar decisiones que afecten a su c\u00f3nyuge o futuro esposo(a), ofrecemos la siguiente informaci\u00f3n relacionada con la visa de novio que tiene la clasificaci\u00f3n de no inmigrante K-1 seg\u00fan la Ley de Inmigraci\u00f3n y Nacionalidad. La siguiente informaci\u00f3n se ofrece y proporciona simplemente para brindar un trasfondo al tema, dando as\u00ed una direcci\u00f3n a quienes enfrentan esta situaci\u00f3n. Nuestras oficinas est\u00e1n, por supuesto, disponibles para discutir este asunto m\u00e1s a fondo seg\u00fan corresponda.<\/p>\n<p>La <strong><u>Visa K-1<\/u><\/strong> sigue disponible para los prometidos(as) de ciudadanos estadounidenses que ingresan a los Estados Unidos con el \u00fanico prop\u00f3sito de casarse dentro de los noventa d\u00edas de su admisi\u00f3n. Los hijos menores del titular de la visa K-1 son elegibles como derivados para la admisi\u00f3n bajo la visa de no inmigrante K-2. Aquellos que buscan ingresar como novios, primero deben establecer que tienen la capacidad legal para casarse inmediatamente dentro del per\u00edodo requerido de noventa d\u00edas, que se han reunido f\u00edsicamente con el ciudadano estadounidense dentro de los dos a\u00f1os de que se present\u00f3 la petici\u00f3n (generalmente fuera de los Estados Unidos) y que son admisibles o elegibles para una exenci\u00f3n, que les permitir\u00eda ingresar a los Estados Unidos sin incidentes.<\/p>\n<p>Una visa de no inmigrante relacionada es <strong><u>la Visa K-3<\/u><\/strong> la cual permite que el futuro esposo evite las dificultades procedimentales del proceso de visa de inmigrante para que \u00e9l o ella pueda ingresar al pa\u00eds, mientras la solicitud de <strong><u>Visa I-130<\/u><\/strong> a\u00fan est\u00e1 pendiente ante los servicios de Ciudadan\u00eda e Inmigraci\u00f3n (USCIS) de los Estados Unidos. La visa K-3 est\u00e1 dise\u00f1ada para las personas ya casadas con ciudadanos de los EE. UU. donde el c\u00f3nyuge ciudadano de los EE. UU., como ya se mencion\u00f3, ha presentado una I-130 de Petici\u00f3n de Familiar Extranjero al USCIS. Por lo tanto, la clasificaci\u00f3n de no inmigrante K-3 se considera en el Consulado estadounidense que tiene jurisdicci\u00f3n sobre la residencia del c\u00f3nyuge inmigrante. El formulario I-129F, un formulario de USCIS, se presenta al mismo tiempo que la solicitud de visa I-130 para permitir que el c\u00f3nyuge ciudadano estadounidense previsto ingrese a los Estados Unidos, mientras que la solicitud de visa I-130 sigue pendiente. Esta situaci\u00f3n se cre\u00f3 bajo el &#8220;ACTA DE VIDA&#8221;, una ley aprobada por el Congreso de este pa\u00eds para permitir la reunificaci\u00f3n de los c\u00f3nyuges ciudadanos estadounidenses con sus familiares en el extranjero. Esto fue producto de los largos retrasos asociados con el procesamiento del formulario I-130. Los ni\u00f1os de una petici\u00f3n de visa K-3 reciben visas K-4. Los titulares de la visa K-3 y K-4 son admitidos por dos a\u00f1os, sin embargo, las extensiones est\u00e1n permitidas si la solicitud de visa I-130 a\u00fan no se ha aprobado. Una vez que el USCIS aprueba la solicitud de visa I-130 y el c\u00f3nyuge K-3 permanece en los Estados Unidos, entonces las partes presentar\u00e1n una solicitud de ajuste de estado utilizando el formulario I-485 con todo el material de apoyo en las oficinas de USCIS en los Estados Unidos de la jurisdicci\u00f3n del sitio de residencia de las partes.<\/p>\n<p>El receptor de la visa K-1 no es elegible para cambiar su estado a otra clasificaci\u00f3n de no inmigrante, en caso de que no se case dentro del per\u00edodo de 90 d\u00edas despu\u00e9s de haber sido admitido en los Estados Unidos. Esto es cierto a pesar de que el destinado prometido K-1, que tiene la intenci\u00f3n de casarse de buena fe al momento de su ingreso a los Estados Unidos, es rechazado por el futuro esposo(a) ciudadano de EE. UU.<\/p>\n<p>Como puede suponer, esta situaci\u00f3n a menudo se presenta en nuestras oficinas. Estamos en posici\u00f3n de <strong><u>ofrecer consejo<\/u><\/strong> y asesoramiento en este aspecto con el fin de aliviar las terribles dificultades de quienes enfrentan este dilema.<\/p>\n","protected":false},"excerpt":{"rendered":"<p>Abogados de Visa para Prometido o C\u00f3nyuge en Chicago Nuestros clientes a menudo preguntan a nuestras oficinas sobre obtener asesoramiento si como c\u00f3nyuges o prometidos ciudadanos estadounidenses es apropiado declarar como su prometido al futuro c\u00f3nyuge o, alternativamente, como un c\u00f3nyuge casado. Dependiendo de los hechos, circunstancias y objetivos de cada cliente, intentamos aconsejar a &hellip; <\/p>\n<p class=\"link-more\"><a href=\"https:\/\/krilaw.com\/es\/servicios\/inmigracion-basada-familia\/visa-prometido-conyuge\/\" class=\"more-link\">Seguir leyendo<span class=\"screen-reader-text\"> \u00abVisas para Prometido o C\u00f3nyuge\u00bb<\/span><\/a><\/p>\n","protected":false},"author":22,"featured_media":7479,"parent":2994,"menu_order":11,"comment_status":"closed","ping_status":"closed","template":"","meta":{"_acf_changed":false,"_oasis_is_in_workflow":0,"_oasis_original":0,"_oasis_task_priority":"","footnotes":""},"class_list":["post-2886","page","type-page","status-publish","has-post-thumbnail","hentry","entry"],"acf":[],"_links":{"self":[{"href":"https:\/\/krilaw.com\/es\/wp-json\/wp\/v2\/pages\/2886","targetHints":{"allow":["GET"]}}],"collection":[{"href":"https:\/\/krilaw.com\/es\/wp-json\/wp\/v2\/pages"}],"about":[{"href":"https:\/\/krilaw.com\/es\/wp-json\/wp\/v2\/types\/page"}],"author":[{"embeddable":true,"href":"https:\/\/krilaw.com\/es\/wp-json\/wp\/v2\/users\/22"}],"replies":[{"embeddable":true,"href":"https:\/\/krilaw.com\/es\/wp-json\/wp\/v2\/comments?post=2886"}],"version-history":[{"count":1,"href":"https:\/\/krilaw.com\/es\/wp-json\/wp\/v2\/pages\/2886\/revisions"}],"predecessor-version":[{"id":7698,"href":"https:\/\/krilaw.com\/es\/wp-json\/wp\/v2\/pages\/2886\/revisions\/7698"}],"up":[{"embeddable":true,"href":"https:\/\/krilaw.com\/es\/wp-json\/wp\/v2\/pages\/2994"}],"wp:featuredmedia":[{"embeddable":true,"href":"https:\/\/krilaw.com\/es\/wp-json\/wp\/v2\/media\/7479"}],"wp:attachment":[{"href":"https:\/\/krilaw.com\/es\/wp-json\/wp\/v2\/media?parent=2886"}],"curies":[{"name":"wp","href":"https:\/\/api.w.org\/{rel}","templated":true}]}}