{"id":2889,"date":"2011-07-26T08:19:55","date_gmt":"2011-07-26T14:19:55","guid":{"rendered":"https:\/\/krilaw.com\/h-visas\/"},"modified":"2025-09-23T05:10:44","modified_gmt":"2025-09-23T10:10:44","slug":"visa-h","status":"publish","type":"page","link":"https:\/\/krilaw.com\/es\/servicios\/empleo\/visa-no-inmigrante\/visa-h\/","title":{"rendered":"Visas Tipo H"},"content":{"rendered":"<h1>Abogados de Visa Tipo \u201cH\u201d en Chicago<\/h1>\n<p>Las Visas H incluyen una amplia categor\u00eda de visas que cubren el empleo y la capacitaci\u00f3n en los Estados Unidos. En esta categor\u00eda se incluyen las ocupaciones especializadas (H-1B), el empleo agr\u00edcola temporal o estacional (H-2A), el empleo temporal no agr\u00edcola (H-2B) y algunas formas de capacitaci\u00f3n (H-3). Cada una de estas peticiones debe ser presentada por un empleador en nombre de un empleado con calificaciones espec\u00edficas, debe ir acompa\u00f1ada de evidencia que demuestre la naturaleza del empleo y la admisibilidad del empleado para dicho trabajo. La disponibilidad de cada una de estas clasificaciones est\u00e1 sujeta a los cupos dentro de un a\u00f1o fiscal espec\u00edfico, lo que exige una planificaci\u00f3n cuidadosa para cumplir con los objetivos de contrataci\u00f3n del empleador. Los empleadores de muchas industrias se benefician de estas clasificaciones incluyendo agricultura, hoteler\u00eda, servicios financieros, derecho, medicina y salud, contabilidad y negocios, entre otros.<\/p>\n<h2>Preguntas frecuentes sobre las visas H<\/h2>\n","protected":false},"excerpt":{"rendered":"<p>Abogados de Visa Tipo \u201cH\u201d en Chicago Las Visas H incluyen una amplia categor\u00eda de visas que cubren el empleo y la capacitaci\u00f3n en los Estados Unidos. En esta categor\u00eda se incluyen las ocupaciones especializadas (H-1B), el empleo agr\u00edcola temporal o estacional (H-2A), el empleo temporal no agr\u00edcola (H-2B) y algunas formas de capacitaci\u00f3n (H-3). &hellip; <\/p>\n<p class=\"link-more\"><a href=\"https:\/\/krilaw.com\/es\/servicios\/empleo\/visa-no-inmigrante\/visa-h\/\" class=\"more-link\">Seguir leyendo<span class=\"screen-reader-text\"> \u00abVisas Tipo H\u00bb<\/span><\/a><\/p>\n","protected":false},"author":22,"featured_media":7500,"parent":2954,"menu_order":19,"comment_status":"closed","ping_status":"closed","template":"","meta":{"_acf_changed":false,"_oasis_is_in_workflow":0,"_oasis_original":0,"_oasis_task_priority":"","footnotes":""},"class_list":["post-2889","page","type-page","status-publish","has-post-thumbnail","hentry","entry"],"acf":[],"_links":{"self":[{"href":"https:\/\/krilaw.com\/es\/wp-json\/wp\/v2\/pages\/2889","targetHints":{"allow":["GET"]}}],"collection":[{"href":"https:\/\/krilaw.com\/es\/wp-json\/wp\/v2\/pages"}],"about":[{"href":"https:\/\/krilaw.com\/es\/wp-json\/wp\/v2\/types\/page"}],"author":[{"embeddable":true,"href":"https:\/\/krilaw.com\/es\/wp-json\/wp\/v2\/users\/22"}],"replies":[{"embeddable":true,"href":"https:\/\/krilaw.com\/es\/wp-json\/wp\/v2\/comments?post=2889"}],"version-history":[{"count":4,"href":"https:\/\/krilaw.com\/es\/wp-json\/wp\/v2\/pages\/2889\/revisions"}],"predecessor-version":[{"id":10512,"href":"https:\/\/krilaw.com\/es\/wp-json\/wp\/v2\/pages\/2889\/revisions\/10512"}],"up":[{"embeddable":true,"href":"https:\/\/krilaw.com\/es\/wp-json\/wp\/v2\/pages\/2954"}],"wp:featuredmedia":[{"embeddable":true,"href":"https:\/\/krilaw.com\/es\/wp-json\/wp\/v2\/media\/7500"}],"wp:attachment":[{"href":"https:\/\/krilaw.com\/es\/wp-json\/wp\/v2\/media?parent=2889"}],"curies":[{"name":"wp","href":"https:\/\/api.w.org\/{rel}","templated":true}]}}