{"id":2919,"date":"2011-07-27T09:48:02","date_gmt":"2011-07-27T15:48:02","guid":{"rendered":"https:\/\/krilaw.com\/appeals\/"},"modified":"2025-09-23T04:08:48","modified_gmt":"2025-09-23T09:08:48","slug":"defensa-contra-remocion-deportacion-apelacion","status":"publish","type":"page","link":"https:\/\/krilaw.com\/es\/servicios\/defensa-corte-federal-remocion-deportacion\/defensa-contra-remocion-deportacion-apelacion\/","title":{"rendered":"Apelaciones Deportaci\u00f3n Remoci\u00f3n"},"content":{"rendered":"<h1>Abogados Apelaciones Deportaci\u00f3n Remoci\u00f3n en Chicago<\/h1>\n<p>Nuestra firma\u00a0pelea\u00a0agresivamente\u00a0los\u00a0casos de remoci\u00f3n\u00a0o deportaci\u00f3n\u00a0en todos los niveles del proceso de apelaci\u00f3n.\u00a0Primero, nos\u00a0reunimos con nuestros clientes, para discutir detenidamente las opciones y los argumentos disponibles.\u00a0Cont\u00e1ctenos de inmediato, revisamos todas y cada una de las otras oportunidades para asegurar la estad\u00eda de una persona en los Estados Unidos adem\u00e1s de presentar una apelaci\u00f3n.<\/p>\n<p>Una decisi\u00f3n adversa tomada por un Juez de Inmigraci\u00f3n puede ser apelada ante la Junta de Apelaciones de Inmigraci\u00f3n. La Junta de Apelaciones de Inmigraci\u00f3n es una agencia dentro del Departamento de Justicia y revisa todas las apelaciones presentadas en casos de la Corte de Inmigraci\u00f3n. La Junta de Apelaciones de Inmigraci\u00f3n debe recibir la apelaci\u00f3n a m\u00e1s tardar 30 d\u00edas despu\u00e9s de que el Juez de Inmigraci\u00f3n dictamine sobre el caso. Una vez que se presenta una apelaci\u00f3n,\u00a0la persona extranjera\u00a0tiene la oportunidad de argumentar su caso a trav\u00e9s de un escrito legal, pero debe cumplir con los plazos emitidos por la Junta. El resumen debe incluir todos los hechos relevantes y todos los argumentos legales,\u00a0citando\u00a0a la autoridad apropiada, en apoyo de la posici\u00f3n de la persona. Despu\u00e9s de que la Junta reciba\u00a0el informe escrito de cada parte,\u00a0se emite\u00a0una decisi\u00f3n por escrito, ya sea desestimando la apelaci\u00f3n o devolviendo el caso al Juez de Inmigraci\u00f3n para una acci\u00f3n adicional. Estas apelaciones pueden tomar hasta 18 meses o 2 a\u00f1os si la persona no est\u00e1 bajo custodia de inmigraci\u00f3n, y se permite que una persona permanezca en los Estados Unidos mientras est\u00e1 pendiente\u00a0la decisi\u00f3n final.<\/p>\n<p>En algunos casos, si la Junta de Apelaciones de Inmigraci\u00f3n niega la apelaci\u00f3n, el caso puede presentarse ante un Tribunal Federal de Apelaciones para su revisi\u00f3n posterior. La Ley de Inmigraci\u00f3n y Nacionalidad limita los tipos de casos y cuestiones que pueden presentarse ante los tribunales de apelaci\u00f3n. Si\u00a0est\u00e1\u00a0disponible, la Petici\u00f3n de Revisi\u00f3n debe presentarse dentro de los 30 d\u00edas posteriores a la decisi\u00f3n de la Junta. Si no se presenta oportunamente la Petici\u00f3n de\u00a0Revisi\u00f3n, la corte no podr\u00e1\u00a0tener oportunidad de\u00a0revisar\u00a0el caso. Tanto el ciudadano extranjero, a trav\u00e9s de su abogado, como el Departamento de Seguridad Nacional deben presentar escritos que argumenten su posici\u00f3n. Adem\u00e1s, el Tribunal de Apelaciones puede brindar la oportunidad para que los abogados de cada parte discutan el caso oralmente ante un panel de jueces compuesto por tres miembros. Estos son procedimientos muy formales y est\u00e1n sujetos a un estricto conjunto de reglas.<\/p>\n<p>Todas las apelaciones tienen fechas l\u00edmite\u00a0para ser presentadas. Si no presenta la apelaci\u00f3n antes de la fecha l\u00edmite, no tendr\u00e1 la oportunidad de hacerlo m\u00e1s tarde. Por lo tanto, es importante actuar r\u00e1pidamente en cualquier caso denegado. Llame o <a href=\"https:\/\/krilaw.com\/es\/contacto\/\">env\u00ede un correo electr\u00f3nico<\/a> a nuestras oficinas ahora, y h\u00e1ganos saber de inmediato si est\u00e1 considerando presentar una apelaci\u00f3n.<\/p>\n<h2>Preguntas frecuentes sobre apelaciones de inmigraci\u00f3n<\/h2>\n","protected":false},"excerpt":{"rendered":"<p>Abogados Apelaciones Deportaci\u00f3n Remoci\u00f3n en Chicago Nuestra firma\u00a0pelea\u00a0agresivamente\u00a0los\u00a0casos de remoci\u00f3n\u00a0o deportaci\u00f3n\u00a0en todos los niveles del proceso de apelaci\u00f3n.\u00a0Primero, nos\u00a0reunimos con nuestros clientes, para discutir detenidamente las opciones y los argumentos disponibles.\u00a0Cont\u00e1ctenos de inmediato, revisamos todas y cada una de las otras oportunidades para asegurar la estad\u00eda de una persona en los Estados Unidos adem\u00e1s de &hellip; <\/p>\n<p class=\"link-more\"><a href=\"https:\/\/krilaw.com\/es\/servicios\/defensa-corte-federal-remocion-deportacion\/defensa-contra-remocion-deportacion-apelacion\/\" class=\"more-link\">Seguir leyendo<span class=\"screen-reader-text\"> \u00abApelaciones Deportaci\u00f3n Remoci\u00f3n\u00bb<\/span><\/a><\/p>\n","protected":false},"author":22,"featured_media":7377,"parent":2939,"menu_order":5,"comment_status":"closed","ping_status":"closed","template":"","meta":{"_acf_changed":false,"_oasis_is_in_workflow":0,"_oasis_original":0,"_oasis_task_priority":"","footnotes":""},"class_list":["post-2919","page","type-page","status-publish","has-post-thumbnail","hentry","entry"],"acf":[],"_links":{"self":[{"href":"https:\/\/krilaw.com\/es\/wp-json\/wp\/v2\/pages\/2919","targetHints":{"allow":["GET"]}}],"collection":[{"href":"https:\/\/krilaw.com\/es\/wp-json\/wp\/v2\/pages"}],"about":[{"href":"https:\/\/krilaw.com\/es\/wp-json\/wp\/v2\/types\/page"}],"author":[{"embeddable":true,"href":"https:\/\/krilaw.com\/es\/wp-json\/wp\/v2\/users\/22"}],"replies":[{"embeddable":true,"href":"https:\/\/krilaw.com\/es\/wp-json\/wp\/v2\/comments?post=2919"}],"version-history":[{"count":3,"href":"https:\/\/krilaw.com\/es\/wp-json\/wp\/v2\/pages\/2919\/revisions"}],"predecessor-version":[{"id":10477,"href":"https:\/\/krilaw.com\/es\/wp-json\/wp\/v2\/pages\/2919\/revisions\/10477"}],"up":[{"embeddable":true,"href":"https:\/\/krilaw.com\/es\/wp-json\/wp\/v2\/pages\/2939"}],"wp:featuredmedia":[{"embeddable":true,"href":"https:\/\/krilaw.com\/es\/wp-json\/wp\/v2\/media\/7377"}],"wp:attachment":[{"href":"https:\/\/krilaw.com\/es\/wp-json\/wp\/v2\/media?parent=2919"}],"curies":[{"name":"wp","href":"https:\/\/api.w.org\/{rel}","templated":true}]}}