{"id":2922,"date":"2015-09-12T20:15:28","date_gmt":"2015-09-12T20:15:28","guid":{"rendered":"https:\/\/krilaw.com\/waivers-of-inadmissibility\/"},"modified":"2025-09-23T02:55:32","modified_gmt":"2025-09-23T07:55:32","slug":"excensiones-de-inadmisibilidad","status":"publish","type":"page","link":"https:\/\/krilaw.com\/es\/servicios\/inmigracion\/excensiones-de-inadmisibilidad\/","title":{"rendered":"Exenciones de Inadmisibilidad"},"content":{"rendered":"<h1>Abogados de Excensiones de Inadmisibilidad en Chicago<\/h1>\n<p>El proceso de obtener una exenci\u00f3n de inadmisibilidad puede ser complicado, y es imperativo que presente su historia de la mejor manera posible para tener una mejor oportunidad de obtener una exenci\u00f3n.\u00a0Los abogados experimentados de inmigraci\u00f3n\u00a0de la firma <a href=\"https:\/\/krilaw.com\/es\/contacto\/\">Kriezelman Burton &amp; Associates, LLC<\/a> entienden este proceso y conocen el enfoque que tiene la mejor posibilidad de dar como resultado una exenci\u00f3n otorgada.<\/p>\n<p>Para vivir y obtener\u00a0la\u00a0residencia en los Estados Unidos, se debe considerar que\u00a0usted\u00a0es &#8220;admisible&#8221;. Incluso si tiene una visa v\u00e1lida,\u00a0la residencia\u00a0se le puede denegar si los oficiales de inmigraci\u00f3n consideran que usted es inadmisible por alguna de las razones establecidas en la ley federal de inmigraci\u00f3n. Algunos ejemplos de razones de inadmisibilidad incluyen:<\/p>\n<ul>\n<li>Tener un desorden mental o f\u00edsico que pueda causar un comportamiento da\u00f1ino;<\/li>\n<li>Convicci\u00f3n criminal de un crimen de bajeza moral u otros delitos especificados<\/li>\n<li>M\u00faltiples condenas penales en su registro<\/li>\n<li>Estar considerado como un &#8220;adicto a las drogas&#8221;<\/li>\n<li>Haber cometido un fraude en relaci\u00f3n con las leyes de inmigraci\u00f3n de EE. UU.<\/li>\n<li>Estar afiliado a un partido pol\u00edtico totalitario o al partido Nazi<\/li>\n<li>Deportaci\u00f3n o remoci\u00f3n previa de los EE. UU.<\/li>\n<li>Presencia ilegal previa en los Estados Unidos<\/li>\n<\/ul>\n<p>En la oficina legal de inmigraci\u00f3n de Chicago de Kriezelman Burton &amp; Associates, LLC,\u00a0entendemos\u00a0cu\u00e1n devastador puede ser para usted\u00a0estar en condici\u00f3n de\u00a0inadmisibilidad. Afortunadamente, hay muchas situaciones en las que podemos ayudarlo a solicitar y obtener una exenci\u00f3n de inadmisibilidad para que pueda ingresar o permanecer en\u00a0los Estados Unidos.<\/p>\n<h2>El Proceso de Obtener una Exenci\u00f3n<\/h2>\n<p>El\u00a0primer paso debe ser determinar si usted es elegible para una exenci\u00f3n. Los requisitos de elegibilidad var\u00edan seg\u00fan los motivos particulares de inadmisibilidad en su caso. Por ejemplo, una serie de exenciones de inadmisibilidad diferentes requieren que demuestres lo siguiente:<\/p>\n<ul>\n<li>Usted tiene un c\u00f3nyuge o alguno de sus padres que es residente legal permanente o ciudadano de los EE. UU .;<\/li>\n<li>Alg\u00fan familiar sufrir\u00eda dificultades extremas si resulta inadmisible<\/li>\n<li>Mereces la exenci\u00f3n.<\/li>\n<\/ul>\n<p>Muchas de las circunstancias que\u00a0usted\u00a0necesita demostrar tienen un an\u00e1lisis subjetivo. Por ejemplo, si se &#8220;merece&#8221; una exenci\u00f3n o si existe una &#8220;dificultad extrema&#8221; generalmente se examina caso por caso, siendo cada caso \u00fanico. No hay\u00a0ninguna\u00a0regla r\u00edgida que determine si un solicitante cumple con los criterios o no. Por esta raz\u00f3n, es imperativo contar con un abogado de inmigraci\u00f3n que lo ayude, que comprenda lo que buscan los funcionarios del Servicio de Ciudadan\u00eda e Inmigraci\u00f3n de los Estados Unidos (USCIS). Un abogado de inmigraci\u00f3n calificado evaluar\u00e1 su situaci\u00f3n, identificar\u00e1 lo que necesita\u00a0demostrar\u00a0para calificar para\u00a0obtener\u00a0una exenci\u00f3n, lo ayudar\u00e1 con el formulario de solicitud y le argumentar\u00e1 al USCIS que cumple con los est\u00e1ndares para la exenci\u00f3n y\u00a0el m\u00e9rito de aprobaci\u00f3n.<\/p>\n<h2>Llame Hoy para Hablar con un Abogado de Exenciones de Inadmisibilidad de Chicago.<\/h2>\n<p>Si desea analizar sus opciones legales de inmigraci\u00f3n o sabe que necesita ayuda con cualquier tipo de asunto de inmigraci\u00f3n, llame a nuestra oficina al <a href=\"tel:3123322550\">312-332-2550<\/a> hoy.<\/p>\n<h2>Preguntas frecuentes sobre las exenciones de inadmisibilidad<\/h2>\n","protected":false},"excerpt":{"rendered":"<p>Abogados de Excensiones de Inadmisibilidad en Chicago El proceso de obtener una exenci\u00f3n de inadmisibilidad puede ser complicado, y es imperativo que presente su historia de la mejor manera posible para tener una mejor oportunidad de obtener una exenci\u00f3n.\u00a0Los abogados experimentados de inmigraci\u00f3n\u00a0de la firma Kriezelman Burton &amp; Associates, LLC entienden este proceso y conocen &hellip; <\/p>\n<p class=\"link-more\"><a href=\"https:\/\/krilaw.com\/es\/servicios\/inmigracion\/excensiones-de-inadmisibilidad\/\" class=\"more-link\">Seguir leyendo<span class=\"screen-reader-text\"> \u00abExenciones de Inadmisibilidad\u00bb<\/span><\/a><\/p>\n","protected":false},"author":6,"featured_media":7365,"parent":2985,"menu_order":0,"comment_status":"closed","ping_status":"closed","template":"","meta":{"_acf_changed":false,"_oasis_is_in_workflow":0,"_oasis_original":0,"_oasis_task_priority":"","footnotes":""},"class_list":["post-2922","page","type-page","status-publish","has-post-thumbnail","hentry","entry"],"acf":[],"_links":{"self":[{"href":"https:\/\/krilaw.com\/es\/wp-json\/wp\/v2\/pages\/2922","targetHints":{"allow":["GET"]}}],"collection":[{"href":"https:\/\/krilaw.com\/es\/wp-json\/wp\/v2\/pages"}],"about":[{"href":"https:\/\/krilaw.com\/es\/wp-json\/wp\/v2\/types\/page"}],"author":[{"embeddable":true,"href":"https:\/\/krilaw.com\/es\/wp-json\/wp\/v2\/users\/6"}],"replies":[{"embeddable":true,"href":"https:\/\/krilaw.com\/es\/wp-json\/wp\/v2\/comments?post=2922"}],"version-history":[{"count":4,"href":"https:\/\/krilaw.com\/es\/wp-json\/wp\/v2\/pages\/2922\/revisions"}],"predecessor-version":[{"id":10471,"href":"https:\/\/krilaw.com\/es\/wp-json\/wp\/v2\/pages\/2922\/revisions\/10471"}],"up":[{"embeddable":true,"href":"https:\/\/krilaw.com\/es\/wp-json\/wp\/v2\/pages\/2985"}],"wp:featuredmedia":[{"embeddable":true,"href":"https:\/\/krilaw.com\/es\/wp-json\/wp\/v2\/media\/7365"}],"wp:attachment":[{"href":"https:\/\/krilaw.com\/es\/wp-json\/wp\/v2\/media?parent=2922"}],"curies":[{"name":"wp","href":"https:\/\/api.w.org\/{rel}","templated":true}]}}