{"id":2925,"date":"2017-10-05T18:12:17","date_gmt":"2017-10-05T18:12:17","guid":{"rendered":"https:\/\/krilaw.com\/spousefiance-visa\/"},"modified":"2025-09-23T04:54:14","modified_gmt":"2025-09-23T09:54:14","slug":"visa-conyuge-prometido-empleo","status":"publish","type":"page","link":"https:\/\/krilaw.com\/es\/servicios\/empleo\/visa-no-inmigrante\/visa-conyuge-prometido-empleo\/","title":{"rendered":"Visa De Conyuge \/ Prometido de Empleo"},"content":{"rendered":"<h1>Abogados de Inmigraci\u00f3n de Chicago<\/h1>\n<p>En Kriezelman Burton &amp; Associates, LLC, tenemos una experiencia considerable en el manejo de casos de inmigraci\u00f3n basados en matrimonio. Nuestros\u00a0abogados de visa de c\u00f3nyuge \/ prometido\u00a0m\u00e1s importantes de Chicago\u00a0se dedican\u00a0a ayudar a nuestros clientes\u00a0para encontrar la mejor soluci\u00f3n de inmigraci\u00f3n posible para ellos, sus socios y sus familias.<\/p>\n<p>La inmigraci\u00f3n basada en la familia en una parte importante de nuestro sistema general de inmigraci\u00f3n. Si usted es un ciudadano estadounidense casado o comprometido con un extranjero,\u00a0existen opciones de inmigraci\u00f3n disponibles. Sin embargo, este proceso es extremadamente complejo. Puede ser frustrante, confuso y abrumador para los solicitantes.<\/p>\n<h2>Sus opciones para llevar a su c\u00f3nyuge o prometido a los estados unidos<\/h2>\n<p><em>\u00a0<\/em><em>K-1 Visas<\/em><\/p>\n<p>Una visa K-1 (tambi\u00e9n conocida como visa de prometido\/c\u00f3nyuge) puede usarse para traer a su futuro c\u00f3nyuge a los Estados Unidos. Una visa K-1 es una visa de no inmigrante que le permite legalmente al prometido de un ciudadano estadounidense venir a los EE. UU. Por un per\u00edodo de 90 d\u00edas. Durante este tiempo, el titular de la visa K-1 debe casarse con su\u00a0pareja\u00a0ciudadano estadounidense. Eventualmente, el titular de la visa ser\u00e1 elegible para solicitar el estatus legal como residente estadounidense permanente. Para ser elegible para una visa K-1, se deben cumplir los siguientes tres requisitos b\u00e1sicos:<\/p>\n<ul>\n<li>La pareja debe haberse conocido dentro del per\u00edodo anterior de dos a\u00f1os, o el organismo de la USCIS debe otorgar una exenci\u00f3n.<\/li>\n<li>La pareja debe tener una intenci\u00f3n leg\u00edtima y de buena fe de casarse.<\/li>\n<li>La pareja debe poder casarse legalmente conforme a la legislaci\u00f3n de los EE. UU. Dentro de los 90 d\u00edas posteriores a la llegada del titular de la visa K-1.<em style=\"font-size: 1rem;\">\u00a0<\/em><\/li>\n<\/ul>\n<p><em>Visas K-3 (Visa IR-1 y Visa CR-1)<\/em><\/p>\n<p>Si usted es ciudadano estadounidense y ya est\u00e1 casado con un c\u00f3nyuge extranjero, tiene m\u00faltiples opciones para\u00a0traer\u00a0a su pareja al pa\u00eds\u00a0para vivir legalmente. En primer lugar, es posible que pueda solicitar una visa de inmigrante para su c\u00f3nyuge, ya sea una visa IR-1 o una visa CR-1. Alternativamente, puede buscar el estado legal de su c\u00f3nyuge mediante la presentaci\u00f3n de una visa K-3.\u00a0La visa K-3 es una visa de no inmigrante que puede ayudar a acelerar el proceso en algunos casos. Espec\u00edficamente, una visa K-3\u00a0se puede emitir\u00a0en el pa\u00eds donde se celebr\u00f3 el matrimonio, para que el titular de la visa pueda venir a vivir a los Estados Unidos en lugar de esperar a que se procese su visa de inmigrante.\u00a0Esto es importante porque la visa de inmigrante est\u00e1ndar puede llevar una cantidad enorme de tiempo para procesarla. Una vez en los Estados Unidos, el titular de la visa K-3 eventualmente podr\u00e1 solicitar un ajuste de\u00a0su condici\u00f3n o estatus, a trav\u00e9s del Formulario I-485.<\/p>\n<h3>P\u00f3ngase en contacto con nuestros abogados de inmigraci\u00f3n\u00a0en\u00a0chicago hoy<\/h3>\n<p>En <a href=\"https:\/\/krilaw.com\/es\/contacto\/\">Kriezelman Burton &amp; Associates, LLC,<\/a> tenemos amplia experiencia en el manejo de visas de c\u00f3nyuge \/ prometido. Para obtener m\u00e1s informaci\u00f3n sobre lo que podemos hacer por usted,\u00a0cont\u00e1ctenos\u00a0al <a href=\"tel:3123322550\">(312) 332-2550<\/a> para\u00a0agendar\u00a0una\u00a0evaluaci\u00f3n de\u00a0su\u00a0caso\u00a0de manera confidencial. Desde nuestra oficina principal en Chicago, representamos a clientes en el condado de Cook y en todo el norte de Illinois.<\/p>\n<h2>Preguntas frecuentes sobre visas para c\u00f3nyuges y prometidos<\/h2>\n","protected":false},"excerpt":{"rendered":"<p>Abogados de Inmigraci\u00f3n de Chicago En Kriezelman Burton &amp; Associates, LLC, tenemos una experiencia considerable en el manejo de casos de inmigraci\u00f3n basados en matrimonio. Nuestros\u00a0abogados de visa de c\u00f3nyuge \/ prometido\u00a0m\u00e1s importantes de Chicago\u00a0se dedican\u00a0a ayudar a nuestros clientes\u00a0para encontrar la mejor soluci\u00f3n de inmigraci\u00f3n posible para ellos, sus socios y sus familias. La &hellip; <\/p>\n<p class=\"link-more\"><a href=\"https:\/\/krilaw.com\/es\/servicios\/empleo\/visa-no-inmigrante\/visa-conyuge-prometido-empleo\/\" class=\"more-link\">Seguir leyendo<span class=\"screen-reader-text\"> \u00abVisa De Conyuge \/ Prometido de Empleo\u00bb<\/span><\/a><\/p>\n","protected":false},"author":6,"featured_media":0,"parent":2954,"menu_order":0,"comment_status":"closed","ping_status":"closed","template":"","meta":{"_acf_changed":false,"_oasis_is_in_workflow":0,"_oasis_original":0,"_oasis_task_priority":"","footnotes":""},"class_list":["post-2925","page","type-page","status-publish","hentry","entry"],"acf":[],"_links":{"self":[{"href":"https:\/\/krilaw.com\/es\/wp-json\/wp\/v2\/pages\/2925","targetHints":{"allow":["GET"]}}],"collection":[{"href":"https:\/\/krilaw.com\/es\/wp-json\/wp\/v2\/pages"}],"about":[{"href":"https:\/\/krilaw.com\/es\/wp-json\/wp\/v2\/types\/page"}],"author":[{"embeddable":true,"href":"https:\/\/krilaw.com\/es\/wp-json\/wp\/v2\/users\/6"}],"replies":[{"embeddable":true,"href":"https:\/\/krilaw.com\/es\/wp-json\/wp\/v2\/comments?post=2925"}],"version-history":[{"count":2,"href":"https:\/\/krilaw.com\/es\/wp-json\/wp\/v2\/pages\/2925\/revisions"}],"predecessor-version":[{"id":10501,"href":"https:\/\/krilaw.com\/es\/wp-json\/wp\/v2\/pages\/2925\/revisions\/10501"}],"up":[{"embeddable":true,"href":"https:\/\/krilaw.com\/es\/wp-json\/wp\/v2\/pages\/2954"}],"wp:attachment":[{"href":"https:\/\/krilaw.com\/es\/wp-json\/wp\/v2\/media?parent=2925"}],"curies":[{"name":"wp","href":"https:\/\/api.w.org\/{rel}","templated":true}]}}