{"id":2929,"date":"2017-10-05T18:15:27","date_gmt":"2017-10-05T18:15:27","guid":{"rendered":"https:\/\/krilaw.com\/visa\/"},"modified":"2024-08-05T16:32:37","modified_gmt":"2024-08-05T21:32:37","slug":"visa-tipo-u","status":"publish","type":"page","link":"https:\/\/krilaw.com\/es\/servicios\/inmigracion\/visa-tipo-u\/","title":{"rendered":"Visa Tipo \u201cU\u201d"},"content":{"rendered":"<h1>Abogados de Visa Tipo \u201cU\u201d en Chicago<\/h1>\n<p>En Kriezelman Burton &amp; Associates, LLC, nuestros\u00a0experimentados abogados de inmigraci\u00f3n\u00a0se comprometen a ayudar a las v\u00edctimas con sus solicitudes de visa\u00a0tipo\u00a0\u201cU\u201d. Si usted o un ser querido califica para este tipo de ayuda de inmigraci\u00f3n, no dude en ponerse en contacto con nuestros mejores abogados de visa U\u00a0en\u00a0Chicago para obtener asistencia inmediata con su caso.<\/p>\n<p>El acta\u00a0de Protecci\u00f3n de V\u00edctimas de la Trata y la Violencia se convirti\u00f3 en ley en\u00a0el a\u00f1o\u00a02000. Entre otras cosas, esta legislaci\u00f3n\u00a0dio como resultado\u00a0la visa\u00a0tipo\u00a0\u201cU\u201d. Limitado a 10,000 solicitantes totales por a\u00f1o, la visa U ofrece a las v\u00edctimas\u00a0no-ciudadanos de cr\u00edmenes la protecci\u00f3n de inmigraci\u00f3n si est\u00e1n dispuestos a cooperar con las autoridades.<\/p>\n<h2>Elegilibidad para visa tipo u: explicado\u00a0<strong>\u00a0<\/strong><\/h2>\n<p>Las visas\u00a0tipo\u00a0U solo est\u00e1n disponibles para personas que han sido v\u00edctimas de un delito grave. Para calificar para una visa\u00a0tipo\u00a0U, se requieren las siguientes\u00a0caracter\u00edsticas:<\/p>\n<ul>\n<li>El solicitante debe haber sido v\u00edctima de un crimen.<\/li>\n<li>El crimen en cuesti\u00f3n debe calificar para recibir alivio bajo el acto.<\/li>\n<li>El solicitante debe haber sido sometido a abuso f\u00edsico o mental grave como parte del acto criminal.<\/li>\n<li>El solicitante debe tener informaci\u00f3n cre\u00edble sobre el crimen.<\/li>\n<li>El solicitante debe haber sido \u00fatil para la aplicaci\u00f3n de la ley estadounidense o debe ser \u00fatil para los funcionarios encargados de hacer cumplir la ley en alg\u00fan momento en el futuro.<\/li>\n<\/ul>\n<h2>\u00bfQu\u00e9 tipos de\u00a0&#8220;actividad criminal&#8221; califican\u00a0para la obtenci\u00f3n de la visa tipo \u201cu\u201d?<\/h2>\n<p>Hay muchos tipos diferentes de cr\u00edmenes que califican para recibir alivio bajo el programa de visa\u00a0tipo\u00a0U. Algunos de los ejemplos m\u00e1s comunes incluyen:<\/p>\n<ul>\n<li>Secuestro;<\/li>\n<li>Falso encarcelamiento<\/li>\n<li>Asalto<\/li>\n<li>Violencia dom\u00e9stica<\/li>\n<li>Violencia sexual<\/li>\n<li>Violaci\u00f3n<\/li>\n<li>Prostituci\u00f3n<\/li>\n<li>Tr\u00e1fico humano<\/li>\n<\/ul>\n<h2>Los beneficios de obtener una visa tipo \u201cu\u201d<\/h2>\n<p>Si le otorgan una visa\u00a0tipo\u00a0U, tendr\u00e1 la autoridad legal para vivir y trabajar dentro de los Estados Unidos mientras\u00a0usted tenga\u00a0la visa. Esto en s\u00ed mismo es un beneficio muy valioso. Adem\u00e1s, una visa\u00a0tipo\u00a0U se puede utilizar como un camino hacia la ciudadan\u00eda estadounidense. Despu\u00e9s de tres a\u00f1os de vivir en los Estados Unidos con este tipo de visa, puede solicitar\u00a0un permiso de residencia y trabajo. Finalmente, los titulares de una visa\u00a0tipo\u00a0U pueden llevar a ciertos miembros de su familia a los Estados Unidos. Espec\u00edficamente, un titular de una visa\u00a0tipo\u00a0U puede traer a sus hijos y\u00a0a\u00a0su c\u00f3nyuge a los Estados Unidos. Los familiares de los titulares de una visa\u00a0tipo\u00a0U que vienen a EE. UU.\u00a0pueden presentar una solicitud para recibir autorizaci\u00f3n para trabajar en el pa\u00eds.<\/p>\n<h2>Contacte a nuestra oficina hoy<\/h2>\n<p>En <a href=\"https:\/\/krilaw.com\/es\/contacto\/\">Kriezelman Burton &amp; Associates, LLC,<\/a> nuestros abogados de inmigraci\u00f3n en Illinois tienen una amplia experiencia en el manejo de casos de visas tipo U. Si usted o un ser querido fue v\u00edctima de un delito y ahora est\u00e1 buscando un alivio de inmigraci\u00f3n en forma de una visa tipo U, podemos ayudarlo. Ll\u00e1menos hoy al (312) 332-2550 para obtener asistencia legal de inmediato.<\/p>\n","protected":false},"excerpt":{"rendered":"<p>Abogados de Visa Tipo \u201cU\u201d en Chicago En Kriezelman Burton &amp; Associates, LLC, nuestros\u00a0experimentados abogados de inmigraci\u00f3n\u00a0se comprometen a ayudar a las v\u00edctimas con sus solicitudes de visa\u00a0tipo\u00a0\u201cU\u201d. Si usted o un ser querido califica para este tipo de ayuda de inmigraci\u00f3n, no dude en ponerse en contacto con nuestros mejores abogados de visa U\u00a0en\u00a0Chicago &hellip; <\/p>\n<p class=\"link-more\"><a href=\"https:\/\/krilaw.com\/es\/servicios\/inmigracion\/visa-tipo-u\/\" class=\"more-link\">Seguir leyendo<span class=\"screen-reader-text\"> \u00abVisa Tipo \u201cU\u201d\u00bb<\/span><\/a><\/p>\n","protected":false},"author":6,"featured_media":7362,"parent":2985,"menu_order":0,"comment_status":"closed","ping_status":"closed","template":"","meta":{"_acf_changed":false,"_oasis_is_in_workflow":0,"_oasis_original":0,"_oasis_task_priority":"","footnotes":""},"class_list":["post-2929","page","type-page","status-publish","has-post-thumbnail","hentry","entry"],"acf":[],"_links":{"self":[{"href":"https:\/\/krilaw.com\/es\/wp-json\/wp\/v2\/pages\/2929","targetHints":{"allow":["GET"]}}],"collection":[{"href":"https:\/\/krilaw.com\/es\/wp-json\/wp\/v2\/pages"}],"about":[{"href":"https:\/\/krilaw.com\/es\/wp-json\/wp\/v2\/types\/page"}],"author":[{"embeddable":true,"href":"https:\/\/krilaw.com\/es\/wp-json\/wp\/v2\/users\/6"}],"replies":[{"embeddable":true,"href":"https:\/\/krilaw.com\/es\/wp-json\/wp\/v2\/comments?post=2929"}],"version-history":[{"count":2,"href":"https:\/\/krilaw.com\/es\/wp-json\/wp\/v2\/pages\/2929\/revisions"}],"predecessor-version":[{"id":7711,"href":"https:\/\/krilaw.com\/es\/wp-json\/wp\/v2\/pages\/2929\/revisions\/7711"}],"up":[{"embeddable":true,"href":"https:\/\/krilaw.com\/es\/wp-json\/wp\/v2\/pages\/2985"}],"wp:featuredmedia":[{"embeddable":true,"href":"https:\/\/krilaw.com\/es\/wp-json\/wp\/v2\/media\/7362"}],"wp:attachment":[{"href":"https:\/\/krilaw.com\/es\/wp-json\/wp\/v2\/media?parent=2929"}],"curies":[{"name":"wp","href":"https:\/\/api.w.org\/{rel}","templated":true}]}}