{"id":2933,"date":"2011-03-02T14:30:26","date_gmt":"2011-03-02T20:30:26","guid":{"rendered":"https:\/\/krilaw.com\/immigration-law\/"},"modified":"2024-05-02T14:41:44","modified_gmt":"2024-05-02T19:41:44","slug":"ley-de-inmigracion","status":"publish","type":"page","link":"https:\/\/krilaw.com\/es\/servicios\/inmigracion\/ley-de-inmigracion\/","title":{"rendered":"Ley de Inmigraci\u00f3n"},"content":{"rendered":"<h1>Excelente Despacho de Inmigraci\u00f3n en Chicago<\/h1>\n<p>En Kriezelman Burton &amp; Associates, LLC estamos comprometidos a ayudar a las personas y empresas con problemas legales relacionados con la ley de inmigraci\u00f3n. La ley de inmigraci\u00f3n es un \u00e1rea de derecho muy complicada que cambia constantemente, y los abogados que ejercen en esta \u00e1rea\u00a0en particular\u00a0deben estar al\u00a0corriente\u00a0de los nuevos desarrollos a fin de proporcionar asesor\u00eda y representaci\u00f3n legal efectiva. Pocas cosas son tan estresantes como tener preguntas sobre d\u00f3nde vivir\u00e1, si podr\u00e1 estar con su familia, o si podr\u00e1\u00a0tener\u00a0un trabajo en particular o buscar una determinada oportunidad comercial. Trabajamos arduamente para garantizar que los casos de nuestros clientes se resuelvan de la mejor manera posible, y nos esforzamos por brindarles tranquilidad durante el proceso.<\/p>\n<h2>Representaci\u00f3n integral de inmigraci\u00f3n en chicago y en todo el mundo\u00a0<strong>\u00a0<\/strong><\/h2>\n<p>Hay una serie de problemas legales que pueden surgir en relaci\u00f3n con la ley de inmigraci\u00f3n. Nuestros abogados est\u00e1n calificados\u00a0y capacitados\u00a0para proporcionar asesor\u00eda legal y representaci\u00f3n a personas con cualquier asunto de inmigraci\u00f3n. Entre los tipos de casos que manejamos\u00a0generalmente, se encuentran los siguientes:<\/p>\n<p>&nbsp;<\/p>\n<ul>\n<li>Defensa de la deportaci\u00f3n<\/li>\n<li>Solicitudes de Visa<\/li>\n<li><a href=\"https:\/\/krilaw.com\/es\/servicios\/inmigracion\/tarjeta-residencia-permanente\/\">Tarjeta de residencia<\/a><\/li>\n<li>Visas de inversionistas<\/li>\n<li>Visas de comerciante<\/li>\n<li>Ley de Violencia contra las Mujeres<\/li>\n<li>Apelaciones de inmigraci\u00f3n<\/li>\n<li>Asilo pol\u00edtico<\/li>\n<li><a href=\"https:\/\/krilaw.com\/es\/servicios\/inmigracion-basada-familia\/\">Inmigraci\u00f3n basada en la familia<\/a><\/li>\n<li>Cumplimiento del empleador<\/li>\n<li>Acci\u00f3n diferida y DACA<\/li>\n<li>Visas para v\u00edctimas de cr\u00edmenes<\/li>\n<\/ul>\n<p>Aunque nuestra oficina se encuentra en el centro de Chicago, nuestros abogados viajan regularmente a\u00a0las\u00a0oficinas de inmigraci\u00f3n y tribunales en todo el pa\u00eds para ayudar a los clientes con diversos problemas.<\/p>\n<h2>No tener a un abogado de inmigraci\u00f3n\u00a0de\u00a0chicago puede tener graves consecuencias<\/h2>\n<p>&nbsp;<\/p>\n<p>Una determinaci\u00f3n administrativa o judicial adversa con respecto a una solicitud de inmigraci\u00f3n o procedimientos puede tener consecuencias importantes. En muchos casos, puede resultar en la prohibici\u00f3n de ingresar al pa\u00eds, o la deportaci\u00f3n y la separaci\u00f3n permanente de la familia. Para las empresas, las sanciones del empleador involucradas en los errores relacionados con la inmigraci\u00f3n pueden ser importantes desde el punto de vista financiero y pueden incluir importantes multas civiles o incluso sanciones penales en ciertos casos. En muchos casos de inmigraci\u00f3n, la asistencia de un abogado puede ayudar a evitar problemas incluso antes de que surjan. Cuando ya han surgido problemas, es extremadamente importante contratar asesores legales conocedores y experimentados para garantizar que su caso se maneje profesionalmente y se logre el mejor resultado posible.<\/p>\n<h3>P\u00f3ngase en contacto hoy con un despacho de abogados de inmigraci\u00f3n de chicago para hablar sobre su caso con un abogado experimentado en inmigraci\u00f3n<\/h3>\n<p>Las personas con problemas relacionados con la ley de inmigraci\u00f3n a menudo han dejado sus vidas en suspenso hasta que se resuelva el problema. Adem\u00e1s, las empresas que reclutan talentos en el extranjero o contratan regularmente a ciudadanos extranjeros est\u00e1n sujetos a varias leyes y regulaciones federales, y el incumplimiento de estas normas a menudo puede dar lugar a sanciones significativas. Con tanto en juego, es importante que cualquier persona con problemas legales relacionados con la ley de inmigraci\u00f3n de los Estados Unidos consulte con un abogado experimentado tan pronto como sea posible. Los abogados de <a href=\"https:\/\/krilaw.com\/es\/nosotros\/\">Kriezelman Burton &amp; Associates, LLC<\/a>, tienen la habilidad legal y la experiencia necesaria para llevar su caso al resultado m\u00e1s favorable posible. Para programar una consulta con uno de nuestros abogados de inmigraci\u00f3n de Chicago, llame a nuestra oficina hoy al 312-332-2550. En la alternativa, los clientes potenciales tambi\u00e9n pueden enviarnos un correo electr\u00f3nico a trav\u00e9s de nuestro formulario de <a href=\"https:\/\/krilaw.com\/es\/contacto\/\">contacto<\/a> en l\u00ednea disponible aqu\u00ed<\/p>\n","protected":false},"excerpt":{"rendered":"<p>Excelente Despacho de Inmigraci\u00f3n en Chicago En Kriezelman Burton &amp; Associates, LLC estamos comprometidos a ayudar a las personas y empresas con problemas legales relacionados con la ley de inmigraci\u00f3n. La ley de inmigraci\u00f3n es un \u00e1rea de derecho muy complicada que cambia constantemente, y los abogados que ejercen en esta \u00e1rea\u00a0en particular\u00a0deben estar al\u00a0corriente\u00a0de &hellip; <\/p>\n<p class=\"link-more\"><a href=\"https:\/\/krilaw.com\/es\/servicios\/inmigracion\/ley-de-inmigracion\/\" class=\"more-link\">Seguir leyendo<span class=\"screen-reader-text\"> \u00abLey de Inmigraci\u00f3n\u00bb<\/span><\/a><\/p>\n","protected":false},"author":22,"featured_media":0,"parent":2985,"menu_order":28,"comment_status":"closed","ping_status":"closed","template":"","meta":{"_acf_changed":false,"_oasis_is_in_workflow":0,"_oasis_original":0,"_oasis_task_priority":"","footnotes":""},"class_list":["post-2933","page","type-page","status-publish","hentry","entry"],"acf":[],"_links":{"self":[{"href":"https:\/\/krilaw.com\/es\/wp-json\/wp\/v2\/pages\/2933","targetHints":{"allow":["GET"]}}],"collection":[{"href":"https:\/\/krilaw.com\/es\/wp-json\/wp\/v2\/pages"}],"about":[{"href":"https:\/\/krilaw.com\/es\/wp-json\/wp\/v2\/types\/page"}],"author":[{"embeddable":true,"href":"https:\/\/krilaw.com\/es\/wp-json\/wp\/v2\/users\/22"}],"replies":[{"embeddable":true,"href":"https:\/\/krilaw.com\/es\/wp-json\/wp\/v2\/comments?post=2933"}],"version-history":[{"count":0,"href":"https:\/\/krilaw.com\/es\/wp-json\/wp\/v2\/pages\/2933\/revisions"}],"up":[{"embeddable":true,"href":"https:\/\/krilaw.com\/es\/wp-json\/wp\/v2\/pages\/2985"}],"wp:attachment":[{"href":"https:\/\/krilaw.com\/es\/wp-json\/wp\/v2\/media?parent=2933"}],"curies":[{"name":"wp","href":"https:\/\/api.w.org\/{rel}","templated":true}]}}