{"id":2939,"date":"2015-09-12T19:20:58","date_gmt":"2015-09-12T19:20:58","guid":{"rendered":"https:\/\/krilaw.com\/servicios\/removal-defense-federal-court-litigation\/"},"modified":"2024-08-06T10:21:10","modified_gmt":"2024-08-06T15:21:10","slug":"defensa-corte-federal-remocion-deportacion","status":"publish","type":"page","link":"https:\/\/krilaw.com\/es\/servicios\/defensa-corte-federal-remocion-deportacion\/","title":{"rendered":"Defensa Federal de Remoci\u00f3n o Deportaci\u00f3n"},"content":{"rendered":"<h1>Abogados Defensa Federal de Remoci\u00f3n o Deportaci\u00f3n <span class=\"Y2IQFc\" lang=\"es\">en Chicago<\/span><\/h1>\n<p>Debido a las disposiciones de la Ley de Inmigraci\u00f3n y Nacionalidad, el gobierno de los EE. UU., a\u00a0trav\u00e9s del Departamento de Seguridad Nacional, puede intentar deportar (o &#8220;remover&#8221;) a una persona por varias razones: desde quedarse m\u00e1s tiempo\u00a0de lo indicado en el territorio\u00a0o violar los t\u00e9rminos de una visa, as\u00ed como\u00a0la comisi\u00f3n de ciertos delitos, desde cometer fraude en una solicitud de inmigraci\u00f3n hasta involucrarse en organizaciones terroristas. Nuestros abogados tienen experiencia en la defensa de ciudadanos extranjeros contra la deportaci\u00f3n de los Estados Unidos. Con m\u00e1s de 60 a\u00f1os de experiencia combinada que representa a individuos y familias bajo la amenaza de deportaci\u00f3n, comprendemos la ley, conocemos las defensas y trabajamos para garantizar que su familia permanezca unida.<\/p>\n<p>En muchos casos, el Departamento de Seguridad Nacional comienza un proceso de deportaci\u00f3n contra un ciudadano extranjero mediante la emisi\u00f3n de una solicitud\u00a0de comparecencia. La Notificaci\u00f3n\u00a0cita\u00a0la secci\u00f3n de la ley que el gobierno alega que la persona viol\u00f3, junto con los hechos para respaldar su posici\u00f3n. El Departamento entrega este aviso a la persona y al Tribunal de Inmigraci\u00f3n. Al\u00a0recibirlo, el Tribunal de Inmigraci\u00f3n enviar\u00e1 un Aviso de audiencia a la persona, a la direcci\u00f3n que el Departamento de Seguridad Nacional proporcione al Tribunal. En la corte, el Departamento de Seguridad Nacional est\u00e1 representado por un abogado, y el extranjero tambi\u00e9n tiene derecho a un abogado (aunque no el derecho a un abogado proporcionado por el gobierno). Ambas partes pueden ofrecer argumentos, documentos y testigos para respaldar sus casos. Luego, el Tribunal de Inmigraci\u00f3n decidir\u00e1 si la persona es, de hecho,\u00a0removible\u00a0de los Estados Unidos y, de ser as\u00ed, si esa persona est\u00e1 calificada y\u00a0si tiene alguna oportunidad\u00a0que le permita permanecer en los Estados Unidos.<\/p>\n<p>Sin embargo, existen otros procedimientos, como la\u00a0remoci\u00f3n\u00a0administrativa y la\u00a0deportaci\u00f3n\u00a0urgente, que permiten al Departamento de Seguridad Nacional eludir el Tribunal de Inmigraci\u00f3n y\u00a0expulsar a ciertas personas sin una audiencia. Estos procesos se mueven mucho m\u00e1s r\u00e1pido, y las opciones para combatirlos son m\u00e1s limitadas.<\/p>\n<p>Ahora, m\u00e1s que nunca, se necesita una defensa agresiva para representar adecuadamente a una persona que se enfrenta a la\u00a0deportaci\u00f3n. La ley de inmigraci\u00f3n y su interpretaci\u00f3n est\u00e1n en\u00a0cambio\u00a0constante. Con m\u00e1s de 60 a\u00f1os de experiencia combinada, nuestros abogados conocen la jurisprudencia m\u00e1s actual y los cambios en la regulaci\u00f3n y la pol\u00edtica que nos permiten abogar eficaz y celosamente por nuestros clientes en los procedimientos de deportaci\u00f3n. Como abogados de inmigraci\u00f3n de Chicago, tenemos una amplia experiencia en el manejo de los asuntos de inmigraci\u00f3n m\u00e1s complejos. Somos abogados\u00a0ampliamente experimentados\u00a0en defensa de deportaci\u00f3n (defensa de\u00a0remoci\u00f3n o expulsi\u00f3n) en Chicago y sus alrededores, y hemos comparecido en tribunales de inmigraci\u00f3n en todo el pa\u00eds. Nuestros abogados\u00a0dan\u00a0conferencias\u00a0en temas\u00a0legales en todo el pa\u00eds y\u00a0se encuentran\u00a0a la vanguardia de los litigios ante los tribunales federales y los tribunales de inmigraci\u00f3n. Tendremos el honor de ayudarlo con su caso de deportaci\u00f3n (remoci\u00f3n), en cualquier lugar donde se\u00a0necesite.<\/p>\n<p>Adem\u00e1s, el litigio de apelaci\u00f3n es una estrategia crucial en cualquier pr\u00e1ctica de inmigraci\u00f3n. Si un caso es denegado por un juez de inmigraci\u00f3n, se puede presentar una apelaci\u00f3n ante la Junta de Apelaciones de Inmigraci\u00f3n. Las partes tienen la oportunidad de discutir su caso con la Junta a trav\u00e9s de la presentaci\u00f3n de informes escritos. En algunos casos, si la Junta niega la apelaci\u00f3n, el caso puede presentarse ante un Tribunal Federal de Apelaciones mediante la presentaci\u00f3n de una Petici\u00f3n de Revisi\u00f3n. Nuestros abogados han argumentado casos ante la Segunda, Tercera, Sexta, S\u00e9ptima, Octava y Novena Corte de Apelaciones del Circuito. Tambi\u00e9n hemos comparecido ante el Tribunal Supremo de EE. UU.<\/p>\n<h2>Apelaciones<\/h2>\n<ul>\n<li><a href=\"https:\/\/krilaw.com\/es\/servicios\/defensa-corte-federal-remocion-deportacion\/junta-apelaciones-inmigracion\/\">Junta de Apelaciones de Inmigraci\u00f3n\u00a0<\/a><\/li>\n<li><a href=\"https:\/\/krilaw.com\/es\/servicios\/defensa-corte-federal-remocion-deportacion\/expedited-removal\/\">Remoci\u00f3n o deportaci\u00f3n expedita\u00a0<\/a><\/li>\n<li><a href=\"https:\/\/krilaw.com\/es\/servicios\/defensa-corte-federal-remocion-deportacion\/litigacion-tribunal-federal\/\">Litigaci\u00f3n del Tribunal Federal\u00a0<\/a><\/li>\n<li><a href=\"https:\/\/krilaw.com\/es\/servicios\/defensa-corte-federal-remocion-deportacion\/ordenes-remocion-deportacion\/\">\u00d3rdenes de eliminaci\u00f3n\u00a0<\/a><\/li>\n<\/ul>\n","protected":false},"excerpt":{"rendered":"<p>Abogados Defensa Federal de Remoci\u00f3n o Deportaci\u00f3n en Chicago Debido a las disposiciones de la Ley de Inmigraci\u00f3n y Nacionalidad, el gobierno de los EE. UU., a\u00a0trav\u00e9s del Departamento de Seguridad Nacional, puede intentar deportar (o &#8220;remover&#8221;) a una persona por varias razones: desde quedarse m\u00e1s tiempo\u00a0de lo indicado en el territorio\u00a0o violar los t\u00e9rminos &hellip; <\/p>\n<p class=\"link-more\"><a href=\"https:\/\/krilaw.com\/es\/servicios\/defensa-corte-federal-remocion-deportacion\/\" class=\"more-link\">Seguir leyendo<span class=\"screen-reader-text\"> \u00abDefensa Federal de Remoci\u00f3n o Deportaci\u00f3n\u00bb<\/span><\/a><\/p>\n","protected":false},"author":6,"featured_media":7369,"parent":2745,"menu_order":0,"comment_status":"closed","ping_status":"closed","template":"","meta":{"_acf_changed":false,"_oasis_is_in_workflow":0,"_oasis_original":0,"_oasis_task_priority":"","footnotes":""},"class_list":["post-2939","page","type-page","status-publish","has-post-thumbnail","hentry","entry"],"acf":[],"_links":{"self":[{"href":"https:\/\/krilaw.com\/es\/wp-json\/wp\/v2\/pages\/2939","targetHints":{"allow":["GET"]}}],"collection":[{"href":"https:\/\/krilaw.com\/es\/wp-json\/wp\/v2\/pages"}],"about":[{"href":"https:\/\/krilaw.com\/es\/wp-json\/wp\/v2\/types\/page"}],"author":[{"embeddable":true,"href":"https:\/\/krilaw.com\/es\/wp-json\/wp\/v2\/users\/6"}],"replies":[{"embeddable":true,"href":"https:\/\/krilaw.com\/es\/wp-json\/wp\/v2\/comments?post=2939"}],"version-history":[{"count":2,"href":"https:\/\/krilaw.com\/es\/wp-json\/wp\/v2\/pages\/2939\/revisions"}],"predecessor-version":[{"id":7820,"href":"https:\/\/krilaw.com\/es\/wp-json\/wp\/v2\/pages\/2939\/revisions\/7820"}],"up":[{"embeddable":true,"href":"https:\/\/krilaw.com\/es\/wp-json\/wp\/v2\/pages\/2745"}],"wp:featuredmedia":[{"embeddable":true,"href":"https:\/\/krilaw.com\/es\/wp-json\/wp\/v2\/media\/7369"}],"wp:attachment":[{"href":"https:\/\/krilaw.com\/es\/wp-json\/wp\/v2\/media?parent=2939"}],"curies":[{"name":"wp","href":"https:\/\/api.w.org\/{rel}","templated":true}]}}