{"id":2942,"date":"2015-09-12T20:37:07","date_gmt":"2015-09-12T20:37:07","guid":{"rendered":"https:\/\/krilaw.com\/litigation\/"},"modified":"2024-08-05T16:22:28","modified_gmt":"2024-08-05T21:22:28","slug":"litigio-en-inmigracion","status":"publish","type":"page","link":"https:\/\/krilaw.com\/es\/servicios\/inmigracion\/litigio-en-inmigracion\/","title":{"rendered":"Litigio"},"content":{"rendered":"<h1>Abogados Litigantes en Inmigraci\u00f3n de Chicago<\/h1>\n<p>Los tribunales federales pueden ser \u00fatiles para solicitar una revisi\u00f3n de una acci\u00f3n del Departamento de Seguridad Nacional o una simple omisi\u00f3n de\u00a0acci\u00f3n. Los tribunales federales tienen el poder de ordenar al Departamento que tome medidas sobre solicitudes o peticiones demoradas con retraso. Esta es una herramienta especialmente \u00fatil con el Servicio de Inmigraci\u00f3n, donde las aplicaciones a veces permanecen en el sistema durante a\u00f1os sin ning\u00fan motivo conocido. Adem\u00e1s, los tribunales federales tienen el poder de revisar algunas decisiones del Departamento de Seguridad Nacional, e incluso algunas de las decisiones de la Junta de Apelaciones de Inmigraci\u00f3n. Los tribunales federales pueden ser el \u00fanico recurso cuando un miembro de la familia es detenido por un per\u00edodo prolongado. Nuestros abogados son litigantes experimentados en los tribunales federales.<\/p>\n<h2>Litigio\u00a0retardado\u00a0<strong>\u00a0<\/strong><\/h2>\n<p>Conforme a la ley federal, se requiere que una agencia del gobierno de EE. UU.\u00a0resuelva\u00a0un asunto presentado en un tiempo &#8220;razonable&#8221;. El Servicio de Ciudadan\u00eda e Inmigraci\u00f3n de EE. UU. Es una agencia y, por lo tanto, est\u00e1 obligado a emitir decisiones sobre la solicitud dentro de un plazo &#8220;razonable&#8221;. A veces, el tiempo que le lleva al Servicio de Inmigraci\u00f3n decidir una solicitud queda muy por debajo de lo que puede considerarse &#8220;razonable&#8221; o lo que es normal para ese tipo de caso. En esos casos, la demora puede resolverse buscando un &#8220;mandato de\u00a0mandamus&#8221; de un tribunal de distrito de los EE. UU. Si bien el tribunal no puede otorgar o denegar una solicitud relacionada con inmigraci\u00f3n, el tribunal puede ordenarle al Servicio de Inmigraci\u00f3n que haga su trabajo y que complete la adjudicaci\u00f3n de la solicitud dentro de un breve per\u00edodo de tiempo.<\/p>\n<p>Nuestros abogados son experimentados practicantes de tribunales federales. Hemos\u00a0perseguido\u00a0una y otra vez que el Servicio de Inmigraci\u00f3n\u00a0act\u00fae de manera\u00a0responsable\u00a0en sus decisiones\u00a0y\u00a0hemos trabajado dentro del sistema judicial para obligar al Servicio de Inmigraci\u00f3n a emitir decisiones en casos\u00a0retardados.<\/p>\n<h2>Apelaciones federales<\/h2>\n<p>En algunos casos, cuando el Tribunal de Inmigraci\u00f3n deneg\u00f3 una solicitud y el Tribunal de Inmigraci\u00f3n rechaz\u00f3 sus solicitudes, la Junta de Apelaciones de Inmigraci\u00f3n puede solicitar una revisi\u00f3n adicional. Esto se denomina &#8220;Petici\u00f3n de Revisi\u00f3n&#8221;. Los Tribunales de Apelaciones est\u00e1n limitados a escuchar solo una peque\u00f1a cantidad de asuntos. El proceso es formal y particular.<\/p>\n<p>Las peticiones de revisi\u00f3n presentadas\u00a0ante\u00a0las prestigiosas Cortes de Apelaciones de la naci\u00f3n requieren un abogado de apelaciones experimentado. Nuestros abogados han presentado peticiones de revisi\u00f3n, redactado y archivado informes, negociado con el abogado contrario, discutido ante paneles y\u00a0han llevado\u00a0casos a exitosa conclusi\u00f3n en todo Estados Unidos. Hemos representado a clientes ante los Tribunales de Apelaciones del S\u00e9ptimo, Segundo, Sexto y Noveno Circuito.<\/p>\n<h2>Otras acciones judiciales federales<\/h2>\n<p>Los tribunales federales tambi\u00e9n tienen el poder de revisar las solicitudes de naturalizaci\u00f3n denegadas, revisar el incumplimiento por parte del Departamento de Seguridad Nacional de actuar de conformidad con las reglamentaciones federales y revisar algunas determinaciones de custodia de ciudadanos extranjeros por parte del Departamento de Seguridad Nacional.<\/p>\n<h2>Contacte\u00a0con la experiencia que necesita en\u00a0inmigraci\u00f3n de chicago de su lado<strong>\u00a0<\/strong><\/h2>\n<p>Si est\u00e1 trabajando para lograr la ciudadan\u00eda, Kriezelman Burton &amp; Associates puede ayudarlo.\u00a0Cont\u00e1ctenos\u00a0al 312-332-2550 o complete nuestro <a href=\"https:\/\/krilaw.com\/es\/contacto\/\">formulario en l\u00ednea<\/a> para programar una consulta. Cont\u00e1ctenos ahora para obtener m\u00e1s informaci\u00f3n sobre c\u00f3mo un abogado de inmigraci\u00f3n en Chicago, IL puede ayudarlo a usted o a su familia.<\/p>\n","protected":false},"excerpt":{"rendered":"<p>Abogados Litigantes en Inmigraci\u00f3n de Chicago Los tribunales federales pueden ser \u00fatiles para solicitar una revisi\u00f3n de una acci\u00f3n del Departamento de Seguridad Nacional o una simple omisi\u00f3n de\u00a0acci\u00f3n. Los tribunales federales tienen el poder de ordenar al Departamento que tome medidas sobre solicitudes o peticiones demoradas con retraso. Esta es una herramienta especialmente \u00fatil &hellip; <\/p>\n<p class=\"link-more\"><a href=\"https:\/\/krilaw.com\/es\/servicios\/inmigracion\/litigio-en-inmigracion\/\" class=\"more-link\">Seguir leyendo<span class=\"screen-reader-text\"> \u00abLitigio\u00bb<\/span><\/a><\/p>\n","protected":false},"author":6,"featured_media":7339,"parent":2985,"menu_order":0,"comment_status":"closed","ping_status":"closed","template":"","meta":{"_acf_changed":false,"_oasis_is_in_workflow":0,"_oasis_original":0,"_oasis_task_priority":"","footnotes":""},"class_list":["post-2942","page","type-page","status-publish","has-post-thumbnail","hentry","entry"],"acf":[],"_links":{"self":[{"href":"https:\/\/krilaw.com\/es\/wp-json\/wp\/v2\/pages\/2942","targetHints":{"allow":["GET"]}}],"collection":[{"href":"https:\/\/krilaw.com\/es\/wp-json\/wp\/v2\/pages"}],"about":[{"href":"https:\/\/krilaw.com\/es\/wp-json\/wp\/v2\/types\/page"}],"author":[{"embeddable":true,"href":"https:\/\/krilaw.com\/es\/wp-json\/wp\/v2\/users\/6"}],"replies":[{"embeddable":true,"href":"https:\/\/krilaw.com\/es\/wp-json\/wp\/v2\/comments?post=2942"}],"version-history":[{"count":2,"href":"https:\/\/krilaw.com\/es\/wp-json\/wp\/v2\/pages\/2942\/revisions"}],"predecessor-version":[{"id":7706,"href":"https:\/\/krilaw.com\/es\/wp-json\/wp\/v2\/pages\/2942\/revisions\/7706"}],"up":[{"embeddable":true,"href":"https:\/\/krilaw.com\/es\/wp-json\/wp\/v2\/pages\/2985"}],"wp:featuredmedia":[{"embeddable":true,"href":"https:\/\/krilaw.com\/es\/wp-json\/wp\/v2\/media\/7339"}],"wp:attachment":[{"href":"https:\/\/krilaw.com\/es\/wp-json\/wp\/v2\/media?parent=2942"}],"curies":[{"name":"wp","href":"https:\/\/api.w.org\/{rel}","templated":true}]}}