{"id":2945,"date":"2017-10-05T18:18:39","date_gmt":"2017-10-05T18:18:39","guid":{"rendered":"https:\/\/krilaw.com\/special-immigrant-juvenile-visas\/"},"modified":"2024-08-05T16:32:24","modified_gmt":"2024-08-05T21:32:24","slug":"visas-inmigracion-especial-jovenes","status":"publish","type":"page","link":"https:\/\/krilaw.com\/es\/servicios\/inmigracion\/visas-inmigracion-especial-jovenes\/","title":{"rendered":"Visas Especiales Jovenes"},"content":{"rendered":"<h1>Abogados de Visas Especiales para J\u00f3venes de Chicago<\/h1>\n<p>En Kriezelman Burton &amp; Associates, LLC, nuestros<a href=\"https:\/\/krilaw.com\/es\/perfil-abogados\/\"> abogados de inmigraci\u00f3n<\/a> de Illinois tienen un conocimiento completo del proceso de solicitud de SIJS. Si usted o un ser querido busca\u00a0una oportunidad para regularizar su situaci\u00f3n\u00a0de inmigraci\u00f3n a trav\u00e9s de obtener el estado de SIJ, comun\u00edquese con nuestros abogados especialistas en visas de menores inmigrantes de Chicago para obtener asistencia inmediata con su reclamo.<\/p>\n<p>Tristemente, hay muchos casos en los cuales ni\u00f1os extranjeros indocumentados son tra\u00eddos a los Estados Unidos por sus padres, solo para ser abusados, abandonados o abandonados. El Estatus Especial de Inmigrante Juvenil (SIJS) es un programa de inmigraci\u00f3n estadounidense que les brinda a los ni\u00f1os afectados la posibilidad de obtener un estatus legal permanente dentro de los Estados Unidos, independientemente de sus padres abusivos o negligentes.<\/p>\n<h2>Estado de inmigrante juvenil especial: requisitos de elegibilidad<\/h2>\n<p>Seg\u00fan la ley de inmigraci\u00f3n actual de los EE. UU., El programa SIJS tiene requisitos de elegibilidad muy estrictos. Para poder obtener un estatus legal permanente a trav\u00e9s de este programa, un inmigrante que fue tra\u00eddo a los Estados Unidos como menor debe poder cumplir con los siguientes cinco criterios:<\/p>\n<ul>\n<li>Deben ser menores de 21 a\u00f1os;<\/li>\n<li>En este momento deben estar solteros;<\/li>\n<li>Deben estar bajo la jurisdicci\u00f3n legal de un tribunal de menores en el momento en que se presenta la solicitud;<\/li>\n<li>El tribunal debe determinar que la reunificaci\u00f3n con los padres del ni\u00f1o es una opci\u00f3n inviable, debido a los antecedentes de abuso, abandono, abandono o maltrato; y<\/li>\n<li>Debe determinarse que no corresponde al inter\u00e9s superior del solicitante regresar a otro pa\u00eds, ya sea su pa\u00eds de nacimiento o un tercer pa\u00eds donde anteriormente viv\u00eda el solicitante.<\/li>\n<\/ul>\n<h2>Obtener una tarjeta de residencia a trav\u00e9s del estatus de inmigrante juvenil especial (sijs)<\/h2>\n<p>El estatus especial de inmigrante juvenil no es lo mismo que obtener una tarjeta de residencia. De hecho, poder obtener el estado SIJ no significa necesariamente que tenga la garant\u00eda de obtener una tarjeta verde\u00a0o de residencia\u00a0en cualquier momento en el futuro. Sin embargo, obtener una tarjeta\u00a0de residente\u00a0es una posibilidad. Hay un camino desde el programa SIJ hasta la residencia permanente legal dentro de los Estados Unidos. Si actualmente tiene el estado SIJ y est\u00e1 buscando obtener una tarjeta\u00a0de residencia, debe contactar a un abogado de inmigraci\u00f3n calificado tan pronto como sea posible. Este es un asunto sensible al tiempo. Su abogado podr\u00e1 revisar su caso y determinar qu\u00e9 debe hacerse para ayudarlo a avanzar con su solicitud.<\/p>\n<h2>Hable hoy con un abogado de inmigraci\u00f3n de chicago<\/h2>\n<p>En <a href=\"https:\/\/krilaw.com\/es\/contacto\/\">Kriezelman Burton &amp; Associates, LLC,<\/a> nuestros abogados de inmigraci\u00f3n calificados ofrecen una gama completa de servicios de leyes de inmigraci\u00f3n, que incluyen visas de inmigrantes especiales para menores. Para solicitar una consulta de inmigraci\u00f3n totalmente confidencial, ll\u00e1menos hoy mismo al (312) 332-2550. Desde nuestras oficinas en Chicago y Lake Shore, representamos a clientes de inmigraci\u00f3n en todo el norte de Illinois.<\/p>\n","protected":false},"excerpt":{"rendered":"<p>Abogados de Visas Especiales para J\u00f3venes de Chicago En Kriezelman Burton &amp; Associates, LLC, nuestros abogados de inmigraci\u00f3n de Illinois tienen un conocimiento completo del proceso de solicitud de SIJS. Si usted o un ser querido busca\u00a0una oportunidad para regularizar su situaci\u00f3n\u00a0de inmigraci\u00f3n a trav\u00e9s de obtener el estado de SIJ, comun\u00edquese con nuestros abogados &hellip; <\/p>\n<p class=\"link-more\"><a href=\"https:\/\/krilaw.com\/es\/servicios\/inmigracion\/visas-inmigracion-especial-jovenes\/\" class=\"more-link\">Seguir leyendo<span class=\"screen-reader-text\"> \u00abVisas Especiales Jovenes\u00bb<\/span><\/a><\/p>\n","protected":false},"author":6,"featured_media":7355,"parent":2985,"menu_order":0,"comment_status":"closed","ping_status":"closed","template":"","meta":{"_acf_changed":false,"_oasis_is_in_workflow":0,"_oasis_original":0,"_oasis_task_priority":"","footnotes":""},"class_list":["post-2945","page","type-page","status-publish","has-post-thumbnail","hentry","entry"],"acf":[],"_links":{"self":[{"href":"https:\/\/krilaw.com\/es\/wp-json\/wp\/v2\/pages\/2945","targetHints":{"allow":["GET"]}}],"collection":[{"href":"https:\/\/krilaw.com\/es\/wp-json\/wp\/v2\/pages"}],"about":[{"href":"https:\/\/krilaw.com\/es\/wp-json\/wp\/v2\/types\/page"}],"author":[{"embeddable":true,"href":"https:\/\/krilaw.com\/es\/wp-json\/wp\/v2\/users\/6"}],"replies":[{"embeddable":true,"href":"https:\/\/krilaw.com\/es\/wp-json\/wp\/v2\/comments?post=2945"}],"version-history":[{"count":2,"href":"https:\/\/krilaw.com\/es\/wp-json\/wp\/v2\/pages\/2945\/revisions"}],"predecessor-version":[{"id":7710,"href":"https:\/\/krilaw.com\/es\/wp-json\/wp\/v2\/pages\/2945\/revisions\/7710"}],"up":[{"embeddable":true,"href":"https:\/\/krilaw.com\/es\/wp-json\/wp\/v2\/pages\/2985"}],"wp:featuredmedia":[{"embeddable":true,"href":"https:\/\/krilaw.com\/es\/wp-json\/wp\/v2\/media\/7355"}],"wp:attachment":[{"href":"https:\/\/krilaw.com\/es\/wp-json\/wp\/v2\/media?parent=2945"}],"curies":[{"name":"wp","href":"https:\/\/api.w.org\/{rel}","templated":true}]}}