{"id":2948,"date":"2015-12-04T17:24:35","date_gmt":"2015-12-04T17:24:35","guid":{"rendered":"https:\/\/krilaw.com\/what-does-an-immigration-attorney-do\/"},"modified":"2024-04-30T16:51:24","modified_gmt":"2024-04-30T21:51:24","slug":"what-does-an-immigration-attorney-do","status":"publish","type":"page","link":"https:\/\/krilaw.com\/es\/servicios\/inmigracion\/what-does-an-immigration-attorney-do\/","title":{"rendered":"Que hace un Abogado de Inmigraci\u00f3n"},"content":{"rendered":"<h1>\u00bfQu\u00e9 Hace Exactamente un Abogado de Inmigraci\u00f3n de Illinois?<\/h1>\n<p>Las\u00a0leyes con respecto a la inmigraci\u00f3n\u00a0en\u00a0los Estados Unidos son extremadamente complicadas e implican estatutos, reglamentos y jurisprudencia federales que interpretan lo que el texto de la ley realmente significa. Adem\u00e1s, los problemas relacionados con la ley de inmigraci\u00f3n pueden tener un impacto en los aspectos m\u00e1s importantes de la vida de una persona, incluida su capacidad para trabajar y estar con su familia. Por estas y otras razones importantes, muchas personas con problemas legales relacionados con la ley de inmigraci\u00f3n eligen contratar a un abogado que\u00a0ejerza\u00a0exclusivamente en el \u00e1rea de la ley de inmigraci\u00f3n para ayudarlos.<\/p>\n<p>Algunas de las formas m\u00e1s comunes en que un abogado de inmigraci\u00f3n puede ayudar se detallan a continuaci\u00f3n. Para obtener consejos espec\u00edficos con respecto a su caso,\u00a0contacte\u00a0a Kriezelman Burton &amp; Associates, LLC hoy mismo.<\/p>\n<h2>Aconsejando a las personas en relaci\u00f3n con sus opciones legales\u00a0<strong>\u00a0<\/strong><\/h2>\n<p>Asesorar a las personas sobre la opci\u00f3n legal en relaci\u00f3n con un asunto en particular es una de las formas m\u00e1s importantes en que un abogado de inmigraci\u00f3n puede ayudar a las personas. Las leyes relacionadas con la inmigraci\u00f3n son complejas y puede ser dif\u00edcil para un individuo determinar si una disposici\u00f3n particular aplica en su caso. Por ejemplo, para muchas personas, hay varios caminos que pueden seguir para obtener una tarjeta verde, como la inmigraci\u00f3n basada en el trabajo o familiar. En algunos casos, uno puede ser significativamente m\u00e1s simple que el otro, ahorr\u00e1ndole tiempo y dinero a la persona. Un abogado podr\u00e1 reconocer esta oportunidad y asesorar a un inmigrante potencial sobre el mejor curso de acci\u00f3n.<\/p>\n<p><strong>\u00a0<\/strong>Ayudando a personas con asuntos legales relacionados con la inmigraci\u00f3n en la preparaci\u00f3n y env\u00edo de paquetes completos de solicitud<strong>\u00a0<\/strong><\/p>\n<p>Muchos asuntos relacionados con la inmigraci\u00f3n requieren la recopilaci\u00f3n de documentaci\u00f3n oficial, as\u00ed como la finalizaci\u00f3n de una gran cantidad de papeleo. Cualquier error u omisi\u00f3n en una\u00a0petici\u00f3n o presentaci\u00f3n relacionada con inmigraci\u00f3n podr\u00eda ocasionar la demora o la\u00a0negaci\u00f3n\u00a0total de una solicitud. Afortunadamente, un abogado puede ayudar a las personas que env\u00edan documentaci\u00f3n a las autoridades de inmigraci\u00f3n de EE. UU. A preparar su documentaci\u00f3n y asegurarse de que los documentos sean completos, precisos y cumplan con los requisitos de procedimiento que puedan existir. Un abogado puede preparar y presentar argumentos formales y explicaciones sobre por qu\u00e9 una persona es elegible para un determinado beneficio.<\/p>\n<h2>Representando a las personas en las comunicaciones con las autoridades de inmigraci\u00f3n<\/h2>\n<p>Las personas que soliciten un cambio en su estado migratorio pueden tener que presentar documentaci\u00f3n adicional o completar una entrevista personal si surgen preguntas sobre su admisibilidad. La asistencia de un abogado puede tener un impacto significativo en el resultado de estos asuntos, y puede significar la diferencia entre un resultado favorable y desfavorable.\u00a0<strong>\u00a0<\/strong><\/p>\n<h2>Representamos individuos en cualquier proceso judicial en el que puedan involucrarse<\/h2>\n<p>A veces, las disputas con respecto a la ley de inmigraci\u00f3n de los Estados Unidos resultan en una demanda entre un individuo y el gobierno. Debido a que el gobierno es un &#8220;jugador habitual&#8221; en este tipo de situaciones, a menudo tiene una clara ventaja cuando se trata de disputas de inmigraci\u00f3n. Adem\u00e1s, un resultado negativo de un litigio relacionado con un asunto legal relacionado con la inmigraci\u00f3n a menudo puede dar como resultado la deportaci\u00f3n o una determinaci\u00f3n de inadmisibilidad. Por estas y otras razones, es extremadamente importante que las personas cuenten con la asistencia de un abogado con una comprensi\u00f3n integral de la ley de inmigraci\u00f3n.<\/p>\n<h3>P\u00f3ngase en contacto con un abogado de inmigraci\u00f3n de chicago hoy para discutir sus opciones legales<\/h3>\n<p>Cualquier persona con problemas relacionados con la ley de inmigraci\u00f3n o su estado migratorio debe discutir sus opciones con un abogado de inmigraci\u00f3n con experiencia. En muchos casos, la representaci\u00f3n y asistencia de un abogado puede tener un impacto significativo en el resultado de un caso. Para\u00a0obtener\u00a0una consulta gratuita con un abogado de inmigraci\u00f3n de Chicago, llame a <a href=\"https:\/\/krilaw.com\/es\/contacto\/\">Kriezelman Burton &amp; Associates, LLC<\/a> hoy al 312-332-2550.<\/p>\n","protected":false},"excerpt":{"rendered":"<p>\u00bfQu\u00e9 Hace Exactamente un Abogado de Inmigraci\u00f3n de Illinois? Las\u00a0leyes con respecto a la inmigraci\u00f3n\u00a0en\u00a0los Estados Unidos son extremadamente complicadas e implican estatutos, reglamentos y jurisprudencia federales que interpretan lo que el texto de la ley realmente significa. Adem\u00e1s, los problemas relacionados con la ley de inmigraci\u00f3n pueden tener un impacto en los aspectos m\u00e1s &hellip; <\/p>\n<p class=\"link-more\"><a href=\"https:\/\/krilaw.com\/es\/servicios\/inmigracion\/what-does-an-immigration-attorney-do\/\" class=\"more-link\">Seguir leyendo<span class=\"screen-reader-text\"> \u00abQue hace un Abogado de Inmigraci\u00f3n\u00bb<\/span><\/a><\/p>\n","protected":false},"author":22,"featured_media":0,"parent":2985,"menu_order":0,"comment_status":"closed","ping_status":"closed","template":"","meta":{"_acf_changed":false,"_oasis_is_in_workflow":0,"_oasis_original":0,"_oasis_task_priority":"","footnotes":""},"class_list":["post-2948","page","type-page","status-publish","hentry","entry"],"acf":[],"_links":{"self":[{"href":"https:\/\/krilaw.com\/es\/wp-json\/wp\/v2\/pages\/2948","targetHints":{"allow":["GET"]}}],"collection":[{"href":"https:\/\/krilaw.com\/es\/wp-json\/wp\/v2\/pages"}],"about":[{"href":"https:\/\/krilaw.com\/es\/wp-json\/wp\/v2\/types\/page"}],"author":[{"embeddable":true,"href":"https:\/\/krilaw.com\/es\/wp-json\/wp\/v2\/users\/22"}],"replies":[{"embeddable":true,"href":"https:\/\/krilaw.com\/es\/wp-json\/wp\/v2\/comments?post=2948"}],"version-history":[{"count":0,"href":"https:\/\/krilaw.com\/es\/wp-json\/wp\/v2\/pages\/2948\/revisions"}],"up":[{"embeddable":true,"href":"https:\/\/krilaw.com\/es\/wp-json\/wp\/v2\/pages\/2985"}],"wp:attachment":[{"href":"https:\/\/krilaw.com\/es\/wp-json\/wp\/v2\/media?parent=2948"}],"curies":[{"name":"wp","href":"https:\/\/api.w.org\/{rel}","templated":true}]}}