{"id":2951,"date":"2011-07-26T14:57:20","date_gmt":"2011-07-26T20:57:20","guid":{"rendered":"https:\/\/krilaw.com\/servicios\/defensa-corte-federal-remocion-deportacion\/expedited-removal\/"},"modified":"2024-08-05T08:43:30","modified_gmt":"2024-08-05T13:43:30","slug":"expedited-removal","status":"publish","type":"page","link":"https:\/\/krilaw.com\/es\/servicios\/defensa-corte-federal-remocion-deportacion\/expedited-removal\/","title":{"rendered":"Remoci\u00f3n Expedita"},"content":{"rendered":"<h1>Abogados de Remoci\u00f3n Expedita en Chicago<\/h1>\n<p>Muchas personas tienen derecho a un proceso de deportaci\u00f3n ante un Tribunal de Inmigraci\u00f3n. Sin embargo, tambi\u00e9n hay situaciones en las que una persona puede no tener derecho a tales procedimientos y el Departamento de Seguridad Nacional puede\u00a0removerlos\u00a0administrativamente. Una persona que es colocada\u00a0dentro de\u00a0este procedimiento no puede solicitar muchos tipos de ayuda que est\u00e1n disponibles en procedimientos de deportaci\u00f3n regulares; a \u00e9l o ella tambi\u00e9n se le proh\u00edbe generalmente regresar a los Estados Unidos por un cierto per\u00edodo de tiempo. Sin embargo, hay oportunidades para luchar contra este tipo de eliminaci\u00f3n.<\/p>\n<p>Si una persona no es un <a href=\"https:\/\/krilaw.com\/es\/servicios\/inmigracion\/residencia-permanente\/\">residente legal permanente<\/a> y comete un delito que se considera un delito grave, esa persona puede estar sujeta a una orden de remoci\u00f3n administrativa. El Departamento de Seguridad Nacional est\u00e1 obligado a proporcionar a la persona un aviso de que tiene la intenci\u00f3n de emitir dicha orden. Entonces, la persona tiene solo un corto n\u00famero de d\u00edas para impugnar el argumento del Departamento. Luego, hay un tiempo limitado para que la persona pueda solicitar una revisi\u00f3n ante el Tribunal de Apelaciones. La eliminaci\u00f3n en virtud de dicha orden es muy grave y puede dar lugar a una prohibici\u00f3n de 20 a\u00f1os de los Estados Unidos.<\/p>\n<p>Adem\u00e1s, si alguien intenta ingresar a los Estados Unidos pero un funcionario de inmigraci\u00f3n determina que la persona no tiene el documento de ingreso apropiado o que ha cometido fraude o una falsificaci\u00f3n al momento de la entrada, esa persona puede estar sujeta a la deportaci\u00f3n acelerada. Solo hay oportunidades muy limitadas para impugnar este orden. Tal remoci\u00f3n resulta en una prohibici\u00f3n de cinco a\u00f1os de los Estados Unidos.<\/p>\n<p>Adem\u00e1s, a una persona que originalmente ingres\u00f3 a los Estados Unidos en el programa de\u00a0exenci\u00f3n de visa tambi\u00e9n se le puede emitir una orden de expulsi\u00f3n administrativa si se prolonga la fecha de admisi\u00f3n.<\/p>\n","protected":false},"excerpt":{"rendered":"<p>Abogados de Remoci\u00f3n Expedita en Chicago Muchas personas tienen derecho a un proceso de deportaci\u00f3n ante un Tribunal de Inmigraci\u00f3n. Sin embargo, tambi\u00e9n hay situaciones en las que una persona puede no tener derecho a tales procedimientos y el Departamento de Seguridad Nacional puede\u00a0removerlos\u00a0administrativamente. Una persona que es colocada\u00a0dentro de\u00a0este procedimiento no puede solicitar muchos &hellip; <\/p>\n<p class=\"link-more\"><a href=\"https:\/\/krilaw.com\/es\/servicios\/defensa-corte-federal-remocion-deportacion\/expedited-removal\/\" class=\"more-link\">Seguir leyendo<span class=\"screen-reader-text\"> \u00abRemoci\u00f3n Expedita\u00bb<\/span><\/a><\/p>\n","protected":false},"author":22,"featured_media":7429,"parent":2939,"menu_order":10,"comment_status":"closed","ping_status":"closed","template":"","meta":{"_acf_changed":false,"_oasis_is_in_workflow":0,"_oasis_original":0,"_oasis_task_priority":"","footnotes":""},"class_list":["post-2951","page","type-page","status-publish","has-post-thumbnail","hentry","entry"],"acf":[],"_links":{"self":[{"href":"https:\/\/krilaw.com\/es\/wp-json\/wp\/v2\/pages\/2951","targetHints":{"allow":["GET"]}}],"collection":[{"href":"https:\/\/krilaw.com\/es\/wp-json\/wp\/v2\/pages"}],"about":[{"href":"https:\/\/krilaw.com\/es\/wp-json\/wp\/v2\/types\/page"}],"author":[{"embeddable":true,"href":"https:\/\/krilaw.com\/es\/wp-json\/wp\/v2\/users\/22"}],"replies":[{"embeddable":true,"href":"https:\/\/krilaw.com\/es\/wp-json\/wp\/v2\/comments?post=2951"}],"version-history":[{"count":1,"href":"https:\/\/krilaw.com\/es\/wp-json\/wp\/v2\/pages\/2951\/revisions"}],"predecessor-version":[{"id":7661,"href":"https:\/\/krilaw.com\/es\/wp-json\/wp\/v2\/pages\/2951\/revisions\/7661"}],"up":[{"embeddable":true,"href":"https:\/\/krilaw.com\/es\/wp-json\/wp\/v2\/pages\/2939"}],"wp:featuredmedia":[{"embeddable":true,"href":"https:\/\/krilaw.com\/es\/wp-json\/wp\/v2\/media\/7429"}],"wp:attachment":[{"href":"https:\/\/krilaw.com\/es\/wp-json\/wp\/v2\/media?parent=2951"}],"curies":[{"name":"wp","href":"https:\/\/api.w.org\/{rel}","templated":true}]}}