{"id":2954,"date":"2011-07-26T08:04:10","date_gmt":"2011-07-26T14:04:10","guid":{"rendered":"https:\/\/krilaw.com\/non-immigrant-visas\/"},"modified":"2025-09-23T04:44:49","modified_gmt":"2025-09-23T09:44:49","slug":"visa-no-inmigrante","status":"publish","type":"page","link":"https:\/\/krilaw.com\/es\/servicios\/empleo\/visa-no-inmigrante\/","title":{"rendered":"Visas para no Inmigrantes"},"content":{"rendered":"<h1>Abogados de Visas para No Inmigrante en Chicago<\/h1>\n<p>La Ley de Inmigraci\u00f3n y Nacionalidad establece una serie de diferentes clasificaciones de no inmigrantes para que las personas ingresen a los Estados Unidos por un per\u00edodo temporal espec\u00edfico. Estos difieren de las visas de inmigrante en que el inmigrante generalmente desea permanecer en los Estados Unidos por un cierto per\u00edodo de tiempo. Estas visas no necesariamente conducen al estado de residente permanente.<\/p>\n<p>El Congreso design\u00f3 estas visas para cubrir ciertos tipos de personas y empleados que ingresan a los Estados Unidos. Estas visas var\u00edan mucho en funci\u00f3n de la posici\u00f3n ofrecida, el nivel de experiencia en el campo, los niveles previos de logro y la formaci\u00f3n acad\u00e9mica del trabajador extranjero. Proporcionamos una descripci\u00f3n de los tipos m\u00e1s comunes de visas de no inmigrante. Nuestra firma maneja no solo las visas de no inmigrante enumeradas, sino tambi\u00e9n todas las visas de no inmigrante para trabajadores extranjeros y sus empleadores.<\/p>\n<ul>\n<li><a href=\"https:\/\/krilaw.com\/es\/servicios\/empleo\/visa-no-inmigrante\/visas-b1-b2\/\">B1\/B2 Visitante\/ Visa de Negocios\u00a0<\/a><\/li>\n<li><a href=\"https:\/\/krilaw.com\/es\/servicios\/empleo\/visa-no-inmigrante\/visas-e\/\">E Inversionista \/\u00a0Visa de Comerciante de Tratados\u00a0Comerciales\u00a0<\/a><\/li>\n<li><a href=\"https:\/\/krilaw.com\/es\/servicios\/empleo\/visa-no-inmigrante\/visa-f1\/\">F1 \u2013 Visa de estudiante<\/a><\/li>\n<li><a href=\"https:\/\/krilaw.com\/es\/servicios\/empleo\/visa-no-inmigrante\/visa-h\/\">H Visa\u00a0<\/a><\/li>\n<li><a href=\"https:\/\/krilaw.com\/es\/servicios\/empleo\/visa-no-inmigrante\/visas-i\/\">I Visa<\/a><\/li>\n<li><a href=\"https:\/\/krilaw.com\/es\/servicios\/empleo\/visa-no-inmigrante\/visa-l\/\">L Visa\u00a0<\/a><\/li>\n<li><a href=\"https:\/\/krilaw.com\/es\/servicios\/empleo\/visa-no-inmigrante\/visa-o\/\">O Visa\u00a0<\/a><\/li>\n<li><a href=\"https:\/\/krilaw.com\/es\/servicios\/empleo\/visa-no-inmigrante\/visa-p\/\">P Visa\u00a0<\/a><\/li>\n<\/ul>\n<h2>Preguntas frecuentes sobre visas de no inmigrante<\/h2>\n","protected":false},"excerpt":{"rendered":"<p>Abogados de Visas para No Inmigrante en Chicago La Ley de Inmigraci\u00f3n y Nacionalidad establece una serie de diferentes clasificaciones de no inmigrantes para que las personas ingresen a los Estados Unidos por un per\u00edodo temporal espec\u00edfico. Estos difieren de las visas de inmigrante en que el inmigrante generalmente desea permanecer en los Estados Unidos &hellip; <\/p>\n<p class=\"link-more\"><a href=\"https:\/\/krilaw.com\/es\/servicios\/empleo\/visa-no-inmigrante\/\" class=\"more-link\">Seguir leyendo<span class=\"screen-reader-text\"> \u00abVisas para no Inmigrantes\u00bb<\/span><\/a><\/p>\n","protected":false},"author":22,"featured_media":7468,"parent":2991,"menu_order":13,"comment_status":"closed","ping_status":"closed","template":"","meta":{"_acf_changed":false,"_oasis_is_in_workflow":0,"_oasis_original":0,"_oasis_task_priority":"","footnotes":""},"class_list":["post-2954","page","type-page","status-publish","has-post-thumbnail","hentry","entry"],"acf":[],"_links":{"self":[{"href":"https:\/\/krilaw.com\/es\/wp-json\/wp\/v2\/pages\/2954","targetHints":{"allow":["GET"]}}],"collection":[{"href":"https:\/\/krilaw.com\/es\/wp-json\/wp\/v2\/pages"}],"about":[{"href":"https:\/\/krilaw.com\/es\/wp-json\/wp\/v2\/types\/page"}],"author":[{"embeddable":true,"href":"https:\/\/krilaw.com\/es\/wp-json\/wp\/v2\/users\/22"}],"replies":[{"embeddable":true,"href":"https:\/\/krilaw.com\/es\/wp-json\/wp\/v2\/comments?post=2954"}],"version-history":[{"count":2,"href":"https:\/\/krilaw.com\/es\/wp-json\/wp\/v2\/pages\/2954\/revisions"}],"predecessor-version":[{"id":10495,"href":"https:\/\/krilaw.com\/es\/wp-json\/wp\/v2\/pages\/2954\/revisions\/10495"}],"up":[{"embeddable":true,"href":"https:\/\/krilaw.com\/es\/wp-json\/wp\/v2\/pages\/2991"}],"wp:featuredmedia":[{"embeddable":true,"href":"https:\/\/krilaw.com\/es\/wp-json\/wp\/v2\/media\/7468"}],"wp:attachment":[{"href":"https:\/\/krilaw.com\/es\/wp-json\/wp\/v2\/media?parent=2954"}],"curies":[{"name":"wp","href":"https:\/\/api.w.org\/{rel}","templated":true}]}}