{"id":2957,"date":"2015-09-12T20:03:07","date_gmt":"2015-09-12T20:03:07","guid":{"rendered":"https:\/\/krilaw.com\/servicios\/ley-de-inmigracion\/citizenship-and-naturalization\/"},"modified":"2025-09-23T02:21:43","modified_gmt":"2025-09-23T07:21:43","slug":"ciudadania-naturalizacion","status":"publish","type":"page","link":"https:\/\/krilaw.com\/es\/servicios\/inmigracion\/ciudadania-naturalizacion\/","title":{"rendered":"Ciudadan\u00eda y Naturalizaci\u00f3n"},"content":{"rendered":"<h1>Abogados Para la Obtenci\u00f3n de Ciudadan\u00eda y Naturalizaci\u00f3n en Chicago<\/h1>\n<p>Si\u00a0usted\u00a0ha inmigrado a los Estados Unidos y desea disfrutar de todos los derechos y beneficios de los ciudadanos de EE. UU., Llame a la oficina de Kriezelman Burton &amp; Associates LLC,\u00a0para analizar sus opciones de ciudadan\u00eda y naturalizaci\u00f3n. Nuestro <a href=\"https:\/\/krilaw.com\/es\/perfil-abogados\/\">equipo de abogados de inmigraci\u00f3n<\/a> con experiencia ha ayudado a innumerables personas a convertirse en ciudadanos de los Estados Unidos y\u00a0obtener\u00a0el derecho al voto, el derecho de patrocinar a familiares, el derecho a viajar libremente y mucho m\u00e1s. Si est\u00e1 interesado en aprender m\u00e1s sobre el proceso de ciudadan\u00eda y naturalizaci\u00f3n, consulte con un miembro de nuestro equipo hoy mismo.<\/p>\n<h2>Requisitos para la ciudadan\u00eda<\/h2>\n<p>No todos califican para la ciudadan\u00eda de Estados Unidos simplemente porque lo solicitan. En cambio, si tiene ciudadan\u00eda extranjera, debe cumplir con ciertos requisitos y pasar por el proceso llamado naturalizaci\u00f3n. Algunos de los requisitos bajo la ley incluyen los siguientes:<\/p>\n<ul>\n<li>Presencia real en los EE. UU.<\/li>\n<li>Residencia continua en los EE. UU. Durante cinco a\u00f1os y en su estado durante tres meses<\/li>\n<li>Estatus\u00a0como residente permanente durante cinco a\u00f1os o m\u00e1s (aunque en algunos casos solo se requieren tres a\u00f1os)<\/li>\n<li>Tener la capacidad de escribir, leer y hablar ingl\u00e9s en un nivel b\u00e1sico<\/li>\n<li>Entender\u00a0los principios b\u00e1sicos de la educaci\u00f3n c\u00edvica de EE. UU.,\u00a0incluida la historia y la estructura gubernamental<\/li>\n<li>Demostrar una creencia en los principios e ideales constitucionales de los Estados Unidos<\/li>\n<li>Mostrar un\u00a0buen car\u00e1cter moral<\/li>\n<\/ul>\n<p>Un abogado de inmigraci\u00f3n con experiencia puede ayudarlo a determinar si cumple con los requisitos necesarios para calificar para la naturalizaci\u00f3n o si califica para una exenci\u00f3n o\u00a0para alguna excepci\u00f3n\u00a0de ciertos requisitos debido a circunstancias especiales. Tales circunstancias pueden incluir ciertas condiciones m\u00e9dicas, la edad del solicitante, o si el solicitante es un miembro del ej\u00e9rcito o est\u00e1 casado con un ciudadano de los EE. UU. Adem\u00e1s, algunas personas pueden eludir el proceso de naturalizaci\u00f3n derivando la ciudadan\u00eda de uno o ambos de sus padres.<\/p>\n<h2>El proceso de naturalizaci\u00f3n<\/h2>\n<p>La naturalizaci\u00f3n no ocurre de la noche a la ma\u00f1ana. En cambio, debe considerar varios pasos espec\u00edficos para obtener la ciudadan\u00eda. Algunos de estos pasos incluyen:<\/p>\n<ul>\n<li>Completar y presentar una solicitud de naturalizaci\u00f3n ante los Servicios de Ciudadan\u00eda e Inmigraci\u00f3n de los Estados Unidos (USCIS)<\/li>\n<li>Asistir a una cita de biometr\u00eda y enviar sus huellas digitales para una verificaci\u00f3n de antecedentes penales<\/li>\n<li>Asistir a una entrevista de USCIS con respecto a sus antecedentes y la informaci\u00f3n proporcionada en su solicitud<\/li>\n<li>Aprobar el examen c\u00edvico de Estados Unidos y un examen de ingl\u00e9s que incluye hablar, leer y escribir<\/li>\n<li>Recibir la aprobaci\u00f3n de su solicitud del USCIS<\/li>\n<li>Tomar el juramento de lealtad a los EE. UU.<\/li>\n<li>Comprender qu\u00e9 significa ser ciudadano, incluidas sus responsabilidades y derechos.<\/li>\n<\/ul>\n<h2>Ayud\u00e1ndolo a superar los obst\u00e1culos para obtener la ciudadan\u00eda.<\/h2>\n<p>Si bien muchas personas que solicitan la naturalizaci\u00f3n no tienen antecedentes penales o problemas de su pasado que puedan interferir con el proceso, muchas personas han cometido un error de juicio en sus vidas que puede hacer que la obtenci\u00f3n de la ciudadan\u00eda sea m\u00e1s\u00a0dif\u00edcil. Un abogado con experiencia en\u00a0temas de\u00a0ciudadan\u00eda y naturalizaci\u00f3n de Chicago puede ayudarlo a tratar de superar condenas penales anteriores, denuncias de violencia dom\u00e9stica\u00a0y\u00a0otros asuntos legales al\u00a0presentar\u00a0su situaci\u00f3n de la mejor manera posible ante el USCIS.\u00a0<strong>\u00a0<\/strong><\/p>\n<h3>Contacte a un abogado con experiencia en ciudadan\u00eda y naturalizaci\u00f3n de chicago hoy mismo.<\/h3>\n<p>Convertirse en ciudadano de EE. UU. Es extremadamente gratificante; sin embargo, el proceso no siempre es f\u00e1cil. En la firma de abogados de Chicago <a href=\"https:\/\/krilaw.com\/es\/nosotros\/\">Kriezelman Burton &amp; Associates LLC,<\/a> lo guiaremos a trav\u00e9s de cada paso de la naturalizaci\u00f3n e intentaremos que el proceso sea lo m\u00e1s f\u00e1cil posible para usted. Si desea obtener m\u00e1s informaci\u00f3n sobre c\u00f3mo podemos ayudarlo, llame a nuestra oficina al 312-332-2550 para obtener ayuda.<\/p>\n<h2>Preguntas frecuentes sobre ciudadan\u00eda y naturalizaci\u00f3n<\/h2>\n","protected":false},"excerpt":{"rendered":"<p>Abogados Para la Obtenci\u00f3n de Ciudadan\u00eda y Naturalizaci\u00f3n en Chicago Si\u00a0usted\u00a0ha inmigrado a los Estados Unidos y desea disfrutar de todos los derechos y beneficios de los ciudadanos de EE. UU., Llame a la oficina de Kriezelman Burton &amp; Associates LLC,\u00a0para analizar sus opciones de ciudadan\u00eda y naturalizaci\u00f3n. Nuestro equipo de abogados de inmigraci\u00f3n con &hellip; <\/p>\n<p class=\"link-more\"><a href=\"https:\/\/krilaw.com\/es\/servicios\/inmigracion\/ciudadania-naturalizacion\/\" class=\"more-link\">Seguir leyendo<span class=\"screen-reader-text\"> \u00abCiudadan\u00eda y Naturalizaci\u00f3n\u00bb<\/span><\/a><\/p>\n","protected":false},"author":6,"featured_media":7172,"parent":2985,"menu_order":0,"comment_status":"closed","ping_status":"closed","template":"","meta":{"_acf_changed":false,"_oasis_is_in_workflow":0,"_oasis_original":0,"_oasis_task_priority":"","footnotes":""},"class_list":["post-2957","page","type-page","status-publish","has-post-thumbnail","hentry","entry"],"acf":[],"_links":{"self":[{"href":"https:\/\/krilaw.com\/es\/wp-json\/wp\/v2\/pages\/2957","targetHints":{"allow":["GET"]}}],"collection":[{"href":"https:\/\/krilaw.com\/es\/wp-json\/wp\/v2\/pages"}],"about":[{"href":"https:\/\/krilaw.com\/es\/wp-json\/wp\/v2\/types\/page"}],"author":[{"embeddable":true,"href":"https:\/\/krilaw.com\/es\/wp-json\/wp\/v2\/users\/6"}],"replies":[{"embeddable":true,"href":"https:\/\/krilaw.com\/es\/wp-json\/wp\/v2\/comments?post=2957"}],"version-history":[{"count":3,"href":"https:\/\/krilaw.com\/es\/wp-json\/wp\/v2\/pages\/2957\/revisions"}],"predecessor-version":[{"id":10448,"href":"https:\/\/krilaw.com\/es\/wp-json\/wp\/v2\/pages\/2957\/revisions\/10448"}],"up":[{"embeddable":true,"href":"https:\/\/krilaw.com\/es\/wp-json\/wp\/v2\/pages\/2985"}],"wp:featuredmedia":[{"embeddable":true,"href":"https:\/\/krilaw.com\/es\/wp-json\/wp\/v2\/media\/7172"}],"wp:attachment":[{"href":"https:\/\/krilaw.com\/es\/wp-json\/wp\/v2\/media?parent=2957"}],"curies":[{"name":"wp","href":"https:\/\/api.w.org\/{rel}","templated":true}]}}