{"id":2960,"date":"2011-07-26T14:55:38","date_gmt":"2011-07-26T20:55:38","guid":{"rendered":"https:\/\/krilaw.com\/servicios\/defensa-corte-federal-remocion-deportacion\/removal-orders\/"},"modified":"2025-09-23T04:17:46","modified_gmt":"2025-09-23T09:17:46","slug":"ordenes-remocion-deportacion","status":"publish","type":"page","link":"https:\/\/krilaw.com\/es\/servicios\/defensa-corte-federal-remocion-deportacion\/ordenes-remocion-deportacion\/","title":{"rendered":"\u00d3rdenes de Remoci\u00f3n o Deportaci\u00f3n"},"content":{"rendered":"<h1>Abogados \u00d3rdenes de Remoci\u00f3n o Deportaci\u00f3n en Chicago<\/h1>\n<p>Kriezelman Burton &amp; Associates, LLC examina agresivamente las \u00f3rdenes de deportaci\u00f3n para determinar si pueden ser impugnadas por una apelaci\u00f3n o una solicitud para reabrir la orden. Este an\u00e1lisis completo puede marcar la diferencia al detener una deportaci\u00f3n y mantener unidas a las familias.<\/p>\n<p>Las \u00f3rdenes de expulsi\u00f3n son \u00f3rdenes emitidas por un juez de inmigraci\u00f3n, la Junta de Apelaciones de Inmigraci\u00f3n o el Departamento de Seguridad Nacional de que los individuos sean deportados o &#8220;eliminados&#8221; de los Estados Unidos. Una vez que una orden de deportaci\u00f3n se convierte en &#8220;definitiva&#8221;, el Departamento de Seguridad Nacional puede hacerla cumplir.<\/p>\n<p>Las personas pueden incluso ignorar que tienen \u00f3rdenes de expulsi\u00f3n en sus registros de inmigraci\u00f3n. Si ha tenido contacto con\u00a0el departamento de\u00a0inmigraci\u00f3n en el pasado y no est\u00e1 seguro de cu\u00e1l fue el resultado, es especialmente importante que consulte con un <a href=\"https:\/\/krilaw.com\/es\/perfil-abogados\/\">abogado de inmigraci\u00f3n.<\/a> Adem\u00e1s, cualquier persona indocumentada o titular de una visa de no inmigrante debe consultar con un abogado de inmigraci\u00f3n antes de viajar.<\/p>\n<p>A veces es posible reabrir \u00f3rdenes de\u00a0deportaci\u00f3n o remoci\u00f3n\u00a0que se ingresaron por error o sin previo aviso al inmigrante. La reapertura de una orden de deportaci\u00f3n puede posibilitar la solicitud de beneficios de inmigraci\u00f3n en los Estados Unidos. En estos casos, es importante actuar lo m\u00e1s r\u00e1pido posible.<\/p>\n<p><a href=\"https:\/\/krilaw.com\/es\/nosotros\/\">Kriezelman Burton &amp; Associates, LLC<\/a> examina agresivamente las \u00f3rdenes de deportaci\u00f3n para determinar si pueden ser impugnadas por una apelaci\u00f3n o una solicitud para reabrir la orden. Este an\u00e1lisis completo puede marcar la diferencia al detener una deportaci\u00f3n y mantener unidas a las familias.<\/p>\n<h2>Preguntas frecuentes sobre \u00f3rdenes de deportaci\u00f3n<\/h2>\n","protected":false},"excerpt":{"rendered":"<p>Abogados \u00d3rdenes de Remoci\u00f3n o Deportaci\u00f3n en Chicago Kriezelman Burton &amp; Associates, LLC examina agresivamente las \u00f3rdenes de deportaci\u00f3n para determinar si pueden ser impugnadas por una apelaci\u00f3n o una solicitud para reabrir la orden. Este an\u00e1lisis completo puede marcar la diferencia al detener una deportaci\u00f3n y mantener unidas a las familias. Las \u00f3rdenes de &hellip; <\/p>\n<p class=\"link-more\"><a href=\"https:\/\/krilaw.com\/es\/servicios\/defensa-corte-federal-remocion-deportacion\/ordenes-remocion-deportacion\/\" class=\"more-link\">Seguir leyendo<span class=\"screen-reader-text\"> \u00ab\u00d3rdenes de Remoci\u00f3n o Deportaci\u00f3n\u00bb<\/span><\/a><\/p>\n","protected":false},"author":22,"featured_media":7381,"parent":2939,"menu_order":7,"comment_status":"closed","ping_status":"closed","template":"","meta":{"_acf_changed":false,"_oasis_is_in_workflow":0,"_oasis_original":0,"_oasis_task_priority":"","footnotes":""},"class_list":["post-2960","page","type-page","status-publish","has-post-thumbnail","hentry","entry"],"acf":[],"_links":{"self":[{"href":"https:\/\/krilaw.com\/es\/wp-json\/wp\/v2\/pages\/2960","targetHints":{"allow":["GET"]}}],"collection":[{"href":"https:\/\/krilaw.com\/es\/wp-json\/wp\/v2\/pages"}],"about":[{"href":"https:\/\/krilaw.com\/es\/wp-json\/wp\/v2\/types\/page"}],"author":[{"embeddable":true,"href":"https:\/\/krilaw.com\/es\/wp-json\/wp\/v2\/users\/22"}],"replies":[{"embeddable":true,"href":"https:\/\/krilaw.com\/es\/wp-json\/wp\/v2\/comments?post=2960"}],"version-history":[{"count":3,"href":"https:\/\/krilaw.com\/es\/wp-json\/wp\/v2\/pages\/2960\/revisions"}],"predecessor-version":[{"id":10481,"href":"https:\/\/krilaw.com\/es\/wp-json\/wp\/v2\/pages\/2960\/revisions\/10481"}],"up":[{"embeddable":true,"href":"https:\/\/krilaw.com\/es\/wp-json\/wp\/v2\/pages\/2939"}],"wp:featuredmedia":[{"embeddable":true,"href":"https:\/\/krilaw.com\/es\/wp-json\/wp\/v2\/media\/7381"}],"wp:attachment":[{"href":"https:\/\/krilaw.com\/es\/wp-json\/wp\/v2\/media?parent=2960"}],"curies":[{"name":"wp","href":"https:\/\/api.w.org\/{rel}","templated":true}]}}