{"id":2965,"date":"2015-12-04T17:06:06","date_gmt":"2015-12-04T17:06:06","guid":{"rendered":"https:\/\/krilaw.com\/servicios\/ley-de-inmigracion\/paths-to-citizenship\/"},"modified":"2024-08-05T16:28:42","modified_gmt":"2024-08-05T21:28:42","slug":"camino-ciudadania","status":"publish","type":"page","link":"https:\/\/krilaw.com\/es\/servicios\/inmigracion\/camino-ciudadania\/","title":{"rendered":"Camino a la Ciudadan\u00eda"},"content":{"rendered":"<h1>Abogados para la Obtenci\u00f3n de la Ciudadan\u00eda en Chicago<\/h1>\n<p>Hay varios caminos hacia la ciudadan\u00eda, cuatro de los cuales se detallan a continuaci\u00f3n. Para informaci\u00f3n espec\u00edfica con respecto a su caso, llame hoy al equipo de abogados de inmigraci\u00f3n de Kriezelman Burton &amp; Associates, LLC.<\/p>\n<p>Para muchos inmigrantes que ya tienen el estatus de residentes permanentes legales, convertirse en ciudadanos plenos de los Estados Unidos es\u00a0el\u00a0objetivo final dentro del sistema de inmigraci\u00f3n de los EE. UU. Mientras que a los residentes permanentes se les permite vivir y trabajar en los Estados Unidos de manera indefinida, no tienen todos los derechos de un ciudadano. Por ejemplo, no pueden votar en las elecciones de los Estados Unidos y pueden perder inadvertidamente sus tarjetas de residencia si abandonan el pa\u00eds por demasiado tiempo.<\/p>\n<h2>La ruta m\u00e1s com\u00fan hacia la ciudadan\u00eda<\/h2>\n<p>La forma m\u00e1s com\u00fan en que a un individuo se le puede otorgar la ciudadan\u00eda es mediante el uso de una tarjeta de residente permanente (&#8220;<a href=\"https:\/\/krilaw.com\/es\/servicios\/inmigracion\/tarjeta-residencia-permanente\/\">tarjeta verde<\/a>&#8220;) durante al menos cinco a\u00f1os. Sin embargo, despu\u00e9s de cinco a\u00f1os, la ciudadan\u00eda no es autom\u00e1tica, ya que debe solicitar y cumplir ciertos requisitos de elegibilidad. Los siguientes son algunos ejemplos de los criterios necesarios para ser ciudadano:<\/p>\n<ul>\n<li>Tener al menos 18 a\u00f1os<\/li>\n<li>Haber residido continuamente en los Estados Unidos con una tarjeta verde durante los \u00faltimos cinco a\u00f1os<\/li>\n<li>Haber estado f\u00edsicamente presente en los EE. UU. Durante al menos 30 meses de los cinco \u00faltimos a\u00f1os de residencia<\/li>\n<li>Haber residido continuamente en el mismo estado durante al menos tres meses<\/li>\n<li>Continuar residiendo en los EE. UU. En seguimiento de su solicitud hasta que la ciudadan\u00eda sea otorgada<\/li>\n<li>Demostrar la capacidad de leer, hablar y escribir ingl\u00e9s b\u00e1sico<\/li>\n<li>Demostrar un conocimiento b\u00e1sico y comprensi\u00f3n del gobierno y la historia de los Estados Unidos<\/li>\n<li>Demostrar que tiene un buen car\u00e1cter moral<\/li>\n<li>Apegarse a los principios de la constituci\u00f3n de los Estados Unidos<\/li>\n<\/ul>\n<h2>C\u00f3nyuges de ciudadanos de los ee. Uu.<\/h2>\n<p>Si est\u00e1 casado con un ciudadano de los Estados Unidos y ha residido continuamente con \u00e9l o ella, puede ser elegible para la ciudadan\u00eda sin tener que esperar cinco a\u00f1os. Solo debe haber tenido una tarjeta verde durante tres a\u00f1os para convertirse en ciudadano, siempre y cuando cumpla con todos los dem\u00e1s criterios para los titulares de dicha tarjeta verde.<\/p>\n<h2>Ciudadan\u00eda para miembros militares<\/h2>\n<p>Existen disposiciones de la Ley de Inmigraci\u00f3n y Nacionalidad (INA, por sus siglas en ingl\u00e9s) que permiten a los no ciudadanos que prestan servicio militar en los Estados Unidos obtener la ciudadan\u00eda m\u00e1s r\u00e1pidamente que los miembros no militares. Las personas que prestan servicios en tiempos de paz pueden solicitar la ciudadan\u00eda en el plazo de un a\u00f1o y las personas que prestan servicios durante per\u00edodos de hostilidades pueden solicitar la ciudadan\u00eda en cualquier momento. Existen otros requisitos de elegibilidad que se aplican, por lo que es importante que los miembros del servicio hablen con los<a href=\"https:\/\/krilaw.com\/es\/perfil-abogados\/\"> abogados de inmigraci\u00f3n<\/a> para solicitar la ciudadan\u00eda.<\/p>\n<h2>Ciudadan\u00eda para los hijos de ciudadanos de los estados unidos<strong>\u00a0<\/strong><\/h2>\n<p>Las personas pueden obtener la ciudadan\u00eda estadounidense a trav\u00e9s de sus padres, ya sea al nacer o antes de la edad de 18 a\u00f1os. El hecho de que una persona sea o no elegible para la ciudadan\u00eda se basa en una serie de factores, que incluyen:<\/p>\n<ul>\n<li>Si uno o ambos padres eran ciudadanos en el momento de su nacimiento<\/li>\n<li>Si sus padres ciudadanos de los Estados Unidos realmente vivieron en los Estados Unidos o en uno de sus territorios<\/li>\n<li>Si el ni\u00f1o reside en los Estados Unidos<\/li>\n<li>Si los padres del ni\u00f1o estaban casados en el momento del nacimiento del ni\u00f1o<\/li>\n<\/ul>\n<p>Por esta raz\u00f3n, es muy recomendable que cualquier persona con preguntas relacionadas con la obtenci\u00f3n de la ciudadan\u00eda a trav\u00e9s de sus padres hable con un abogado sobre sus opciones.<\/p>\n<h2>P\u00f3ngase en contacto con un abogado de inmigraci\u00f3n de chicago hoy para hablar sobre su solicitud de ciudadan\u00eda de los ee. Uu.<\/h2>\n<p>Cualquier\u00a0persona\u00a0que busque\u00a0obtener\u00a0la ciudadan\u00eda de los Estados Unidos a trav\u00e9s de cualquier camino debe hablar con un abogado experimentado lo antes posible. En muchos casos, la representaci\u00f3n y asistencia de un abogado experimentado\u00a0en temas de inmigraci\u00f3n\u00a0puede tener un impacto significativo en el resultado de un caso. Para programar una consulta con un abogado de inmigraci\u00f3n de Chicago, llame a <a href=\"https:\/\/krilaw.com\/es\/contacto\/\">Kriezelman Burton &amp; Associates, LLC<\/a> hoy al 312-332-2550.<\/p>\n","protected":false},"excerpt":{"rendered":"<p>Abogados para la Obtenci\u00f3n de la Ciudadan\u00eda en Chicago Hay varios caminos hacia la ciudadan\u00eda, cuatro de los cuales se detallan a continuaci\u00f3n. Para informaci\u00f3n espec\u00edfica con respecto a su caso, llame hoy al equipo de abogados de inmigraci\u00f3n de Kriezelman Burton &amp; Associates, LLC. Para muchos inmigrantes que ya tienen el estatus de residentes &hellip; <\/p>\n<p class=\"link-more\"><a href=\"https:\/\/krilaw.com\/es\/servicios\/inmigracion\/camino-ciudadania\/\" class=\"more-link\">Seguir leyendo<span class=\"screen-reader-text\"> \u00abCamino a la Ciudadan\u00eda\u00bb<\/span><\/a><\/p>\n","protected":false},"author":22,"featured_media":7343,"parent":2985,"menu_order":0,"comment_status":"closed","ping_status":"closed","template":"","meta":{"_acf_changed":false,"_oasis_is_in_workflow":0,"_oasis_original":0,"_oasis_task_priority":"","footnotes":""},"class_list":["post-2965","page","type-page","status-publish","has-post-thumbnail","hentry","entry"],"acf":[],"_links":{"self":[{"href":"https:\/\/krilaw.com\/es\/wp-json\/wp\/v2\/pages\/2965","targetHints":{"allow":["GET"]}}],"collection":[{"href":"https:\/\/krilaw.com\/es\/wp-json\/wp\/v2\/pages"}],"about":[{"href":"https:\/\/krilaw.com\/es\/wp-json\/wp\/v2\/types\/page"}],"author":[{"embeddable":true,"href":"https:\/\/krilaw.com\/es\/wp-json\/wp\/v2\/users\/22"}],"replies":[{"embeddable":true,"href":"https:\/\/krilaw.com\/es\/wp-json\/wp\/v2\/comments?post=2965"}],"version-history":[{"count":2,"href":"https:\/\/krilaw.com\/es\/wp-json\/wp\/v2\/pages\/2965\/revisions"}],"predecessor-version":[{"id":7707,"href":"https:\/\/krilaw.com\/es\/wp-json\/wp\/v2\/pages\/2965\/revisions\/7707"}],"up":[{"embeddable":true,"href":"https:\/\/krilaw.com\/es\/wp-json\/wp\/v2\/pages\/2985"}],"wp:featuredmedia":[{"embeddable":true,"href":"https:\/\/krilaw.com\/es\/wp-json\/wp\/v2\/media\/7343"}],"wp:attachment":[{"href":"https:\/\/krilaw.com\/es\/wp-json\/wp\/v2\/media?parent=2965"}],"curies":[{"name":"wp","href":"https:\/\/api.w.org\/{rel}","templated":true}]}}