{"id":2968,"date":"2016-01-07T17:30:20","date_gmt":"2016-01-07T17:30:20","guid":{"rendered":"https:\/\/krilaw.com\/permanent-residency\/"},"modified":"2024-08-05T16:29:04","modified_gmt":"2024-08-05T21:29:04","slug":"residencia-permanente","status":"publish","type":"page","link":"https:\/\/krilaw.com\/es\/servicios\/inmigracion\/residencia-permanente\/","title":{"rendered":"Residencia Permanente"},"content":{"rendered":"<h1>Abogados para la Obtenci\u00f3n de la Residencia Permanente en Chicago<\/h1>\n<p>Un &#8220;residente permanente&#8221; es una persona a la que se le ha dado permiso oficial para trabajar y vivir en los Estados Unidos de manera indefinida. La prueba de ese estado es una tarjeta de residente permanente, com\u00fanmente llamada\u00a0\u201ctarjeta verde\u201d. Aunque muchas personas desean obtener el estatus de residente permanente, el proceso puede ser complejo y puede involucrar muchas leyes de inmigraci\u00f3n diferentes\u00a0las cuales pueden ser\u00a0desconocidas para mucha gente. Convertirse en residente permanente puede requerir muchas calificaciones, as\u00ed como una cantidad sustancial de documentaci\u00f3n. Si desea convertirse en residente permanente y disfrutar de los beneficios que conlleva este estado, debe contar con un abogado experimentado en inmigraci\u00f3n de Chicago que le ayude durante el proceso.<\/p>\n<h2>Requisitos de residencia permanente<\/h2>\n<p>Una persona no puede simplemente solicitar una tarjeta de residente permanente por cualquier motivo. En cambio, debe tener una base calificada para querer permanecer en los EE. UU. permanentemente. Existen diferentes tipos de residencias, y los siguientes son algunos ejemplos de formas de obtener este estado.<\/p>\n<h2>Residencia permanente basada en la familia<\/h2>\n<p>Si usted tiene un familiar que sea ciudadano o residente permanente de los EE. UU., usted puede ser elegible para recibir una tarjeta de residente permanente debido a su relaci\u00f3n con \u00e9l o ella. A trav\u00e9s de la Ley de Inmigraci\u00f3n y Nacionalidad, los Servicios de Ciudadan\u00eda e Inmigraci\u00f3n de los Estados Unidos (USCIS) brindan la oportunidad para que los c\u00f3nyuges, hijos (solteros y menores de 21 a\u00f1os) y padres de ciudadanos estadounidenses se conviertan en residentes permanentes. Adem\u00e1s, hay un n\u00famero limitado de tarjetas verdes o tarjetas de residente permanente disponibles para las siguientes &#8220;categor\u00edas de preferencias&#8221; espec\u00edficas que incluyen lo siguiente:<\/p>\n<ul>\n<li>Hijos adultos solteros (y sus hijos, si corresponde) de ciudadanos de EE. UU.<\/li>\n<li>C\u00f3nyuges, hijos o hijos adultos solteros de residentes permanentes de EE. UU.<\/li>\n<li>Hijos de ciudadanos estadounidenses que est\u00e1n casados, incluidos sus c\u00f3nyuges e hijos<\/li>\n<li>Hermanos de ciudadanos estadounidenses adultos, as\u00ed como sus c\u00f3nyuges e hijos<\/li>\n<\/ul>\n<p>Adem\u00e1s, las personas con padres que son diplom\u00e1ticos extranjeros o personas que son sobrevivientes de violencia dom\u00e9stica pueden ser elegibles para una tarjeta de residencia permanente.<\/p>\n<h2>Residencia permanente basada en el empleo<\/h2>\n<p>Una de las principales razones por las cuales una persona puede querer obtener la residencia permanente es tener la capacidad de trabajar en los Estados Unidos. Una persona que es contratada para un puesto que re\u00fane los requisitos de esta solicitud, o desea iniciar una empresa o negocio en los Estados Unidos puede ser elegible para una tarjeta verde o de residencia permanente. Adem\u00e1s, las personas con habilidades extraordinarias, como atletas, acad\u00e9micos y otros, pueden obtener permiso para trabajar permanentemente en los Estados Unidos.<\/p>\n<h2>Refugiados o personas que buscan asilo<\/h2>\n<p>Las personas que huyen de la persecuci\u00f3n o una situaci\u00f3n muy peligrosa en su pa\u00eds de origen pueden calificar para la residencia permanente despu\u00e9s de ser designados como refugiados o asilados. Deben esperar un a\u00f1o despu\u00e9s de que se les concedi\u00f3 el asilo o despu\u00e9s de que llegaron a los EE. UU. como refugiados. El proceso de obtenci\u00f3n de una tarjeta de residente permanente y las exenciones disponibles son diferentes para los refugiados y asilados que, para otros grupos, por lo que es importante analizar su situaci\u00f3n con un abogado de inmigraci\u00f3n.<\/p>\n<h2>Llame a un abogado de residencia permanente en chicago para obtener ayuda<\/h2>\n<p>Si desea obtener la residencia permanente en los EE. UU. O se le ha denegado la residencia permanente, no dude en llamar a un abogado de inmigraci\u00f3n de Chicago que pueda ayudarlo con el proceso.\u00a0<a href=\"https:\/\/krilaw.com\/es\/contacto\/\">Contacte\u00a0hoy mismo<\/a> al bufete de Kriezelman Burton &amp; Associates, LLC al 312-332-2550.<\/p>\n","protected":false},"excerpt":{"rendered":"<p>Abogados para la Obtenci\u00f3n de la Residencia Permanente en Chicago Un &#8220;residente permanente&#8221; es una persona a la que se le ha dado permiso oficial para trabajar y vivir en los Estados Unidos de manera indefinida. La prueba de ese estado es una tarjeta de residente permanente, com\u00fanmente llamada\u00a0\u201ctarjeta verde\u201d. Aunque muchas personas desean obtener &hellip; <\/p>\n<p class=\"link-more\"><a href=\"https:\/\/krilaw.com\/es\/servicios\/inmigracion\/residencia-permanente\/\" class=\"more-link\">Seguir leyendo<span class=\"screen-reader-text\"> \u00abResidencia Permanente\u00bb<\/span><\/a><\/p>\n","protected":false},"author":22,"featured_media":7347,"parent":2985,"menu_order":0,"comment_status":"closed","ping_status":"closed","template":"","meta":{"_acf_changed":false,"_oasis_is_in_workflow":0,"_oasis_original":0,"_oasis_task_priority":"","footnotes":""},"class_list":["post-2968","page","type-page","status-publish","has-post-thumbnail","hentry","entry"],"acf":[],"_links":{"self":[{"href":"https:\/\/krilaw.com\/es\/wp-json\/wp\/v2\/pages\/2968","targetHints":{"allow":["GET"]}}],"collection":[{"href":"https:\/\/krilaw.com\/es\/wp-json\/wp\/v2\/pages"}],"about":[{"href":"https:\/\/krilaw.com\/es\/wp-json\/wp\/v2\/types\/page"}],"author":[{"embeddable":true,"href":"https:\/\/krilaw.com\/es\/wp-json\/wp\/v2\/users\/22"}],"replies":[{"embeddable":true,"href":"https:\/\/krilaw.com\/es\/wp-json\/wp\/v2\/comments?post=2968"}],"version-history":[{"count":2,"href":"https:\/\/krilaw.com\/es\/wp-json\/wp\/v2\/pages\/2968\/revisions"}],"predecessor-version":[{"id":7708,"href":"https:\/\/krilaw.com\/es\/wp-json\/wp\/v2\/pages\/2968\/revisions\/7708"}],"up":[{"embeddable":true,"href":"https:\/\/krilaw.com\/es\/wp-json\/wp\/v2\/pages\/2985"}],"wp:featuredmedia":[{"embeddable":true,"href":"https:\/\/krilaw.com\/es\/wp-json\/wp\/v2\/media\/7347"}],"wp:attachment":[{"href":"https:\/\/krilaw.com\/es\/wp-json\/wp\/v2\/media?parent=2968"}],"curies":[{"name":"wp","href":"https:\/\/api.w.org\/{rel}","templated":true}]}}