{"id":2971,"date":"2015-11-07T04:08:11","date_gmt":"2015-11-07T04:08:11","guid":{"rendered":"https:\/\/krilaw.com\/i-9-compliance-and-employer-sanctions-actions\/"},"modified":"2024-05-02T14:43:16","modified_gmt":"2024-05-02T19:43:16","slug":"medidas-cumplimiento-sanciones-empleador","status":"publish","type":"page","link":"https:\/\/krilaw.com\/es\/servicios\/empleo\/medidas-cumplimiento-sanciones-empleador\/","title":{"rendered":"Medidas de cumplimiento y sanciones al empleador"},"content":{"rendered":"<h1>Abogados para la Observaci\u00f3n de Medidas de Cumplimiento y Sanciones al Empleador en Chicago<\/h1>\n<p>La contrataci\u00f3n de un empleado desencadena muchas obligaciones seg\u00fan la ley de los EE. UU. Por ejemplo, a la mayor\u00eda de los empleadores se les exige que lleven un seguro de compensaci\u00f3n para trabajadores y tambi\u00e9n deben registrarse en la agencia estatal que administra el programa de seguro de desempleo en su jurisdicci\u00f3n. Un problema que puede no ser tan evidente para los empleadores es el cumplimiento de la ley de inmigraci\u00f3n de los EE. UU.\u00a0de particular importancia son las disposiciones que requieren que los empleadores verifiquen la identidad de sus empleados y tambi\u00e9n que establezcan que un trabajador es elegible para trabajar en los Estados Unidos. Otras disposiciones tambi\u00e9n proh\u00edben que los empleadores discriminen a los empleados en funci\u00f3n de su origen nacional, ciudadan\u00eda o estado migratorio, o contraten, recluten por una tarifa o env\u00eden a personas que el empleador sabe que no est\u00e1n autorizadas para trabajar en los Estados Unidos.<\/p>\n<p>El incumplimiento de los requisitos de la I-9 puede dar lugar a sanciones graves, incluidas multas civiles, sanciones penales, exclusi\u00f3n de contratos gubernamentales\u00a0y\u00a0\u00f3rdenes judiciales que exijan el pago de un pago retroactivo o la contrataci\u00f3n de una persona en particular. Como resultado, es extremadamente importante que los empleadores debatan sus pr\u00e1cticas de contrataci\u00f3n con un abogado experimentado. Algunas de las sanciones asociadas con el cumplimiento de I-9 se detallan a continuaci\u00f3n. Para obtener informaci\u00f3n espec\u00edfica sobre su caso, comun\u00edquese hoy con nuestra oficina para hablar con un<a href=\"https:\/\/krilaw.com\/es\/perfil-abogados\/\"> abogado de inmigraci\u00f3n con experiencia de Chicago.<\/a><\/p>\n<h2>Las infracciones i-9 pueden tener sanciones graves<\/h2>\n<p>Si USCIS cree que su compa\u00f1\u00eda ha violado los requisitos de la I-9, puede imponer duras sanciones civiles e incluso penales. Por ejemplo, las sanciones civiles se pueden imponer de la siguiente manera por contratar a sabiendas o emplear continuamente a una persona no autorizada:<\/p>\n<ul>\n<li>Primera ofensa: $ 375 a $ 3,200 por trabajador<\/li>\n<li>Segunda ofensa: $ 3,200 a $ 6,500 por trabajador<\/li>\n<li>Tercera ofensa: $ 4,300 a $ 16,000 por trabajador<\/li>\n<\/ul>\n<p>Tambi\u00e9n hay costosas multas impuestas por participar en cualquier tipo de fraude documental, incumplimiento de los requisitos de papeleo I-9, participaci\u00f3n en discriminaci\u00f3n ilegal contra un individuo autorizado por el trabajo o solicitud de una fianza de indemnizaci\u00f3n. Adem\u00e1s, si usted es sospechoso de\u00a0contratar continuamente a personal sin autorizaci\u00f3n\u00a0o contratar trabajadores no autorizados, podr\u00eda ser acusado ante un tribunal penal. Las sanciones por condenas pueden incluir una multa de hasta $ 3,000 por trabajador y hasta seis meses en una prisi\u00f3n federal.<\/p>\n<p>Como puede ver, las autoridades de USCIS toman muy en serio las infracciones I-9. Debido a las sanciones potencialmente duras, siempre debe contar con un abogado de inmigraci\u00f3n con experiencia que garantice\u00a0el cumplimiento de\u00a0los requisitos de la I-9. Adem\u00e1s, debe buscar asistencia legal de inmediato si le han acusado de violar la I-9.<\/p>\n<h3>P\u00f3ngase en contacto con una oficina\u00a0de abogados de inmigraci\u00f3n\u00a0en\u00a0chicago hoy para\u00a0mantener\u00a0el asesoramiento legal<\/h3>\n<p>Los empleadores que violen la ley de inmigraci\u00f3n de los EE. UU. Durante el proceso de contrataci\u00f3n o en otros momentos durante el curso del empleo est\u00e1n sujetos a sanciones significativas que podr\u00edan tener un impacto en el \u00e9xito general de su negocio. En consecuencia, todos los empleadores deben discutir sus pr\u00e1cticas laborales\u00a0y o de contrataci\u00f3n\u00a0con un abogado familiarizado con la ley de inmigraci\u00f3n de los Estados Unidos, tal como se aplica a los trabajadores. Durante m\u00e1s de 40 a\u00f1os, los abogados\u00a0con amplia experiencia en el\u00a0cumplimiento I-9 de Kriezelman Burton &amp; Associates, LLC han estado ayudando a los empleadores y empleados a navegar temas relacionados con la inmigraci\u00f3n. Para programar una consulta con uno de nuestros abogados, llame a nuestra oficina hoy al 312-332-2550<\/p>\n","protected":false},"excerpt":{"rendered":"<p>Abogados para la Observaci\u00f3n de Medidas de Cumplimiento y Sanciones al Empleador en Chicago La contrataci\u00f3n de un empleado desencadena muchas obligaciones seg\u00fan la ley de los EE. UU. Por ejemplo, a la mayor\u00eda de los empleadores se les exige que lleven un seguro de compensaci\u00f3n para trabajadores y tambi\u00e9n deben registrarse en la agencia &hellip; <\/p>\n<p class=\"link-more\"><a href=\"https:\/\/krilaw.com\/es\/servicios\/empleo\/medidas-cumplimiento-sanciones-empleador\/\" class=\"more-link\">Seguir leyendo<span class=\"screen-reader-text\"> \u00abMedidas de cumplimiento y sanciones al empleador\u00bb<\/span><\/a><\/p>\n","protected":false},"author":6,"featured_media":0,"parent":2991,"menu_order":0,"comment_status":"closed","ping_status":"closed","template":"","meta":{"_acf_changed":false,"_oasis_is_in_workflow":0,"_oasis_original":0,"_oasis_task_priority":"","footnotes":""},"class_list":["post-2971","page","type-page","status-publish","hentry","entry"],"acf":[],"_links":{"self":[{"href":"https:\/\/krilaw.com\/es\/wp-json\/wp\/v2\/pages\/2971","targetHints":{"allow":["GET"]}}],"collection":[{"href":"https:\/\/krilaw.com\/es\/wp-json\/wp\/v2\/pages"}],"about":[{"href":"https:\/\/krilaw.com\/es\/wp-json\/wp\/v2\/types\/page"}],"author":[{"embeddable":true,"href":"https:\/\/krilaw.com\/es\/wp-json\/wp\/v2\/users\/6"}],"replies":[{"embeddable":true,"href":"https:\/\/krilaw.com\/es\/wp-json\/wp\/v2\/comments?post=2971"}],"version-history":[{"count":0,"href":"https:\/\/krilaw.com\/es\/wp-json\/wp\/v2\/pages\/2971\/revisions"}],"up":[{"embeddable":true,"href":"https:\/\/krilaw.com\/es\/wp-json\/wp\/v2\/pages\/2991"}],"wp:attachment":[{"href":"https:\/\/krilaw.com\/es\/wp-json\/wp\/v2\/media?parent=2971"}],"curies":[{"name":"wp","href":"https:\/\/api.w.org\/{rel}","templated":true}]}}