{"id":2974,"date":"2016-01-07T17:35:50","date_gmt":"2016-01-07T17:35:50","guid":{"rendered":"https:\/\/krilaw.com\/green-cards\/"},"modified":"2025-09-23T02:40:55","modified_gmt":"2025-09-23T07:40:55","slug":"tarjeta-residencia-permanente","status":"publish","type":"page","link":"https:\/\/krilaw.com\/es\/servicios\/inmigracion\/tarjeta-residencia-permanente\/","title":{"rendered":"Tarjetas de residencia permanente"},"content":{"rendered":"<h1>Abogados para la Obtenci\u00f3n de Tarjetas de Residencia Permanente en Chicago<\/h1>\n<p>El proceso de obtener el estado de residente permanente, o una &#8220;tarjeta verde&#8221;, puede ser extremadamente complicado, especialmente para las personas que no est\u00e1n familiarizadas con la ley de inmigraci\u00f3n de los EE. UU. Incluso la m\u00e1s simple de las reglas que dictan si una persona en particular es elegible para obtener una tarjeta verde tiene excepciones sustanciales que pueden aplicarse o no en su caso. Adem\u00e1s, la documentaci\u00f3n que debe presentar un solicitante de la tarjeta verde para obtener una residencia permanente puede ser extremadamente complicada, y los errores u omisiones f\u00e1cilmente podr\u00edan dar lugar a demoras significativas o incluso a la denegaci\u00f3n de su solicitud. Por esta raz\u00f3n, es altamente recomendable que cualquier persona que busque una tarjeta verde lo haga con la ayuda de un abogado de inmigraci\u00f3n con experiencia.<\/p>\n<p>Para obtener una tarjeta verde o tambi\u00e9n llamada de residencia permanente, debes tener alguna base reconocida para aplicar. Algunas de las formas m\u00e1s comunes en que las personas obtienen tarjetas de residencia se discuten a continuaci\u00f3n.<\/p>\n<h2>Tarjetas verdes\u00a0o de residencia permanente\u00a0basadas en la familia<\/h2>\n<p>Las personas relacionadas con ciudadanos de los Estados Unidos pueden ser elegibles para la residencia permanente en funci\u00f3n de su grado de relaci\u00f3n. De acuerdo con la Ley de Inmigraci\u00f3n y Nacionalidad, las personas con las siguientes relaciones con los ciudadanos de los EE. UU. Pueden obtener tarjetas de residencia:<\/p>\n<ul>\n<li>Parientes inmediatos, incluidos c\u00f3nyuges, hijos solteros menores de 21 a\u00f1os y padres de ciudadanos estadounidenses mayores de 21 a\u00f1os<\/li>\n<li>Los miembros de la familia que entren en una categor\u00eda de preferencia, incluidas las hijas solteras o los hijos mayores de 21 a\u00f1os, los hijos casados de cualquier edad y los hermanos de ciudadanos estadounidenses mayores de 21 a\u00f1os<\/li>\n<li>Ciertos miembros de la familia de los titulares de la tarjeta verde\u00a0o de residencia permanente<\/li>\n<li>Miembros de categor\u00eda especial, incluidos sobrevivientes de violencia dom\u00e9stica o personas nacidas de diplom\u00e1ticos extranjeros en los Estados Unidos<\/li>\n<\/ul>\n<h2>Tarjetas verdes o de residencia permanente basadas en el empleo<\/h2>\n<p>Las personas que buscan el estado de residente permanente a menudo pueden obtenerlo a trav\u00e9s de una oferta de trabajo, invirtiendo en una empresa que crea empleos en los Estados Unidos, demostrando una capacidad extraordinaria, obteniendo una Exenci\u00f3n de Inter\u00e9s Nacional o teniendo un trabajo que se ajusta a una categor\u00eda especial como un traductor iraqu\u00ed, locutor, empleado del Canal de Panam\u00e1 o un trabajador religioso.<\/p>\n<h2>Asilo o tarjetas de residencia basadas en el estado de refugiado<\/h2>\n<p>Los refugiados y asilados que han ingresado a los Estados Unidos generalmente son elegibles para el estado de residencia permanente despu\u00e9s de un a\u00f1o en los Estados Unidos para los refugiados, y despu\u00e9s de un a\u00f1o despu\u00e9s de la concesi\u00f3n del asilo para los asilados. Es importante destacar que, aunque los asilados no est\u00e1n obligados a solicitar el estatus de residente permanente despu\u00e9s de un a\u00f1o, los refugiados si lo deben hacer.<\/p>\n<p>Es importante destacar que hay muchos problemas que pueden tener como resultado la negaci\u00f3n de una solicitud de residencia permanente. Estos pueden incluir condenas penales menores, la permanencia en el tiempo de una visa anterior, condiciones de salud graves o la p\u00e9rdida del trabajo. Todos pueden dar lugar a que las autoridades de inmigraci\u00f3n consideren que las personas son inadmisibles, un problema que tambi\u00e9n puede superarse a trav\u00e9s del proceso legal.<\/p>\n<h2>P\u00f3ngase en contacto con un abogado con experiencia en tarjeta de residencia permanente de chicago hoy para hablar sobre su caso<\/h2>\n<p>Las personas que buscan el estado de residencia permanente siempre deben hablar con un abogado con respecto a su situaci\u00f3n. Incluso en las circunstancias m\u00e1s sencillas y sin complicaciones, la asistencia de un abogado de inmigraci\u00f3n de Chicago puede hacer que el proceso de obtenci\u00f3n de la residencia sea lo m\u00e1s simple posible. Para <a href=\"https:\/\/krilaw.com\/es\/contacto\/\">programar una consulta<\/a> con uno de nuestros abogados, llame a Kriezelman Burton &amp; Associates, LLC hoy al <a href=\"tel:3123322550\">312-332-2550<\/a>.<\/p>\n<h2>Preguntas frecuentes sobre las tarjetas verdes<\/h2>\n","protected":false},"excerpt":{"rendered":"<p>Abogados para la Obtenci\u00f3n de Tarjetas de Residencia Permanente en Chicago El proceso de obtener el estado de residente permanente, o una &#8220;tarjeta verde&#8221;, puede ser extremadamente complicado, especialmente para las personas que no est\u00e1n familiarizadas con la ley de inmigraci\u00f3n de los EE. UU. Incluso la m\u00e1s simple de las reglas que dictan si &hellip; <\/p>\n<p class=\"link-more\"><a href=\"https:\/\/krilaw.com\/es\/servicios\/inmigracion\/tarjeta-residencia-permanente\/\" class=\"more-link\">Seguir leyendo<span class=\"screen-reader-text\"> \u00abTarjetas de residencia permanente\u00bb<\/span><\/a><\/p>\n","protected":false},"author":22,"featured_media":7186,"parent":2985,"menu_order":0,"comment_status":"closed","ping_status":"closed","template":"","meta":{"_acf_changed":false,"_oasis_is_in_workflow":0,"_oasis_original":0,"_oasis_task_priority":"","footnotes":""},"class_list":["post-2974","page","type-page","status-publish","has-post-thumbnail","hentry","entry"],"acf":[],"_links":{"self":[{"href":"https:\/\/krilaw.com\/es\/wp-json\/wp\/v2\/pages\/2974","targetHints":{"allow":["GET"]}}],"collection":[{"href":"https:\/\/krilaw.com\/es\/wp-json\/wp\/v2\/pages"}],"about":[{"href":"https:\/\/krilaw.com\/es\/wp-json\/wp\/v2\/types\/page"}],"author":[{"embeddable":true,"href":"https:\/\/krilaw.com\/es\/wp-json\/wp\/v2\/users\/22"}],"replies":[{"embeddable":true,"href":"https:\/\/krilaw.com\/es\/wp-json\/wp\/v2\/comments?post=2974"}],"version-history":[{"count":4,"href":"https:\/\/krilaw.com\/es\/wp-json\/wp\/v2\/pages\/2974\/revisions"}],"predecessor-version":[{"id":10463,"href":"https:\/\/krilaw.com\/es\/wp-json\/wp\/v2\/pages\/2974\/revisions\/10463"}],"up":[{"embeddable":true,"href":"https:\/\/krilaw.com\/es\/wp-json\/wp\/v2\/pages\/2985"}],"wp:featuredmedia":[{"embeddable":true,"href":"https:\/\/krilaw.com\/es\/wp-json\/wp\/v2\/media\/7186"}],"wp:attachment":[{"href":"https:\/\/krilaw.com\/es\/wp-json\/wp\/v2\/media?parent=2974"}],"curies":[{"name":"wp","href":"https:\/\/api.w.org\/{rel}","templated":true}]}}