{"id":2977,"date":"2011-08-23T10:41:24","date_gmt":"2011-08-23T16:41:24","guid":{"rendered":"https:\/\/krilaw.com\/labor-certification\/"},"modified":"2024-05-02T14:42:59","modified_gmt":"2024-05-02T19:42:59","slug":"certificacion-laboral","status":"publish","type":"page","link":"https:\/\/krilaw.com\/es\/servicios\/empleo\/certificacion-laboral\/","title":{"rendered":"Certificaci\u00f3n Laboral"},"content":{"rendered":"<h1>Abogados para la Certificaci\u00f3n Laboral en Chicago<\/h1>\n<p>Bajo las leyes de Inmigraci\u00f3n, una persona que desea ingresar a los Estados Unidos como un trabajador de manera permanente debe obtener una\u00a0certificaci\u00f3n del Departamento de Trabajo de que no hay suficientes trabajadores que puedan, deseen y est\u00e9n disponibles en los Estados Unidos y que el empleo de esa persona no afectar\u00e1 los salarios o las condiciones de trabajo de los trabajadores en los Estados Unidos que tienen un empleo similar.<\/p>\n<p>Para cumplir con el mandato otorgado a ellos, el Departamento de Trabajo ha establecido un sistema denominado <a href=\"https:\/\/krilaw.com\/es\/servicios\/empleo\/certificacion-laboral-perm\/\">PERM.<\/a> Durante el proceso de PERM, se le pide a un posible empleador que pruebe el mercado laboral para ver si hay solicitantes para el puesto vacante. Esto se hace principalmente a trav\u00e9s de diferentes tipos de anuncios. Si el empleador no recibe ning\u00fan candidato elegible despu\u00e9s de que se complete toda la contrataci\u00f3n, pueden presentar la solicitud PERM ante el Departamento de Trabajo. Una vez que el Departamento de Trabajo aprueba la solicitud PERM, se presenta la Solicitud de Certificaci\u00f3n Laboral en apoyo de una petici\u00f3n I-140, que otorga al beneficiario la posibilidad de obtener su residencia legal permanente en los Estados Unidos.<\/p>\n","protected":false},"excerpt":{"rendered":"<p>Abogados para la Certificaci\u00f3n Laboral en Chicago Bajo las leyes de Inmigraci\u00f3n, una persona que desea ingresar a los Estados Unidos como un trabajador de manera permanente debe obtener una\u00a0certificaci\u00f3n del Departamento de Trabajo de que no hay suficientes trabajadores que puedan, deseen y est\u00e9n disponibles en los Estados Unidos y que el empleo de &hellip; <\/p>\n<p class=\"link-more\"><a href=\"https:\/\/krilaw.com\/es\/servicios\/empleo\/certificacion-laboral\/\" class=\"more-link\">Seguir leyendo<span class=\"screen-reader-text\"> \u00abCertificaci\u00f3n Laboral\u00bb<\/span><\/a><\/p>\n","protected":false},"author":22,"featured_media":0,"parent":2991,"menu_order":0,"comment_status":"closed","ping_status":"closed","template":"","meta":{"_acf_changed":false,"_oasis_is_in_workflow":0,"_oasis_original":0,"_oasis_task_priority":"","footnotes":""},"class_list":["post-2977","page","type-page","status-publish","hentry","entry"],"acf":[],"_links":{"self":[{"href":"https:\/\/krilaw.com\/es\/wp-json\/wp\/v2\/pages\/2977","targetHints":{"allow":["GET"]}}],"collection":[{"href":"https:\/\/krilaw.com\/es\/wp-json\/wp\/v2\/pages"}],"about":[{"href":"https:\/\/krilaw.com\/es\/wp-json\/wp\/v2\/types\/page"}],"author":[{"embeddable":true,"href":"https:\/\/krilaw.com\/es\/wp-json\/wp\/v2\/users\/22"}],"replies":[{"embeddable":true,"href":"https:\/\/krilaw.com\/es\/wp-json\/wp\/v2\/comments?post=2977"}],"version-history":[{"count":0,"href":"https:\/\/krilaw.com\/es\/wp-json\/wp\/v2\/pages\/2977\/revisions"}],"up":[{"embeddable":true,"href":"https:\/\/krilaw.com\/es\/wp-json\/wp\/v2\/pages\/2991"}],"wp:attachment":[{"href":"https:\/\/krilaw.com\/es\/wp-json\/wp\/v2\/media?parent=2977"}],"curies":[{"name":"wp","href":"https:\/\/api.w.org\/{rel}","templated":true}]}}