{"id":2979,"date":"2015-11-07T04:12:14","date_gmt":"2015-11-07T04:12:14","guid":{"rendered":"https:\/\/krilaw.com\/deferred-action-and-dreamers\/"},"modified":"2024-08-06T10:19:09","modified_gmt":"2024-08-06T15:19:09","slug":"accion-diferida-llegados-infancia-dreamers","status":"publish","type":"page","link":"https:\/\/krilaw.com\/es\/servicios\/inmigracion-basada-familia\/accion-diferida-llegados-infancia-dreamers\/","title":{"rendered":"Acci\u00f3n Diferida para los Llegados en la Infancia y Dreamers"},"content":{"rendered":"<h1>Abogados de Acci\u00f3n Diferida para Llegadas Infantiles y Dreamers en Chicago<\/h1>\n<p>Para calificar para una acci\u00f3n diferida o la Ley DREAM, debe cumplir con criterios espec\u00edficos y seguir procedimientos de inmigraci\u00f3n complejos a veces. Cualquier persona que desee conocer sus derechos conforme a estas leyes de inmigraci\u00f3n debe buscar asistencia de un <a href=\"https:\/\/krilaw.com\/es\/perfil-abogados\/\">abogado con experiencia en inmigraci\u00f3n<\/a> en Kriezelman Burton &amp; Associates, LLC para obtener ayuda hoy.<\/p>\n<p>Muchos de los inmigrantes indocumentados en los Estados Unidos son menores de edad que viven en el pa\u00eds simplemente porque sus padres eligieron hacerlo. Afortunadamente, los Servicios de Ciudadan\u00eda e Inmigraci\u00f3n de los Estados Unidos <a href=\"https:\/\/www.uscis.gov\/\" target=\"_blank\" rel=\"noopener\">(USCIS)<\/a> reconocen que estos menores y adultos j\u00f3venes merecen oportunidades para prosperar como cualquier otro ni\u00f1o y no deber\u00edan tener que vivir con el temor constante de ser expulsados o deportados a medida que crecen. Para permitir que estas personas persigan objetivos educativos y profesionales y para convertirse en miembros productivos de sus comunidades, las leyes de inmigraci\u00f3n brindan disposiciones especiales para los j\u00f3venes inmigrantes calificados y sus padres.<\/p>\n<h2>Calificando para daca<\/h2>\n<p>La acci\u00f3n diferida para llegadas de ni\u00f1os (DACA) es un tipo de alivio o beneficio otorgado a ciertos ni\u00f1os indocumentados a discreci\u00f3n del USCIS. DACA proporciona una exenci\u00f3n temporal de la amenaza de deportaci\u00f3n. La acci\u00f3n de deportaci\u00f3n se otorga caso por caso y los siguientes son algunos de los criterios que debe cumplir:<\/p>\n<ul>\n<li>Ingres\u00f3 a los EE. UU. Antes de los 16 a\u00f1os<\/li>\n<li>Usted ha vivido en los EE. UU. continuamente desde el inicio de 2010<\/li>\n<li>Haberse graduado de la escuela secundaria, estar inscrito en la escuela, tener un GED o haber recibido una baja honorable del ej\u00e9rcito<\/li>\n<li>No tener condenas en su registro por delitos graves o delitos menores graves o m\u00faltiples<\/li>\n<li>Usted no es una amenaza para la seguridad o la seguridad nacional<\/li>\n<\/ul>\n<p>Incluso si cumple con estos criterios,\u00a0el organismo de\u00a0USCIS no le garantiza\u00a0ninguna\u00a0acci\u00f3n diferida. Para aumentar sus posibilidades de calificar para DACA, siempre debe contar con un abogado de inmigraci\u00f3n calificado que lo ayude durante el proceso para garantizar que los materiales de su solicitud sean oportunos y precisos.<\/p>\n<h2>Proporcionar asistencia legal de calidad a dreamers<\/h2>\n<p>Aunque la Ley de Desarrollo, Alivio y Educaci\u00f3n para Menores Extranjeros (DREAM) ha sido largamente debatida en el Congreso, el t\u00e9rmino\u00a0DREAMers\u00a0ha sido aplicado a j\u00f3venes tra\u00eddos a los Estados Unidos que desean cosechar los beneficios educativos y profesionales disponibles para las personas legalmente presentes. Aunque puede parecer arriesgado presentarse y admitir ante el USCIS que usted es un inmigrante indocumentado, un abogado puede ayudarlo a calificar para una acci\u00f3n diferida y obtener un n\u00famero de Seguridad Social y un permiso de trabajo para que pueda perseguir sus sue\u00f1os en los Estados Unidos.<\/p>\n<h2>P\u00f3ngase en Contacto con un Abogado de Acci\u00f3n Diferida y Dreamers Experimentado<strong>\u00a0<\/strong><\/h2>\n<p>En la oficina legal de Chicago de Kriezelman Burton &amp; Associates, LLC, nuestro experimentado equipo de abogados de inmigraci\u00f3n de Chicago ha estado ayudando a personas con una amplia gama de asuntos de inmigraci\u00f3n durante m\u00e1s de 40 a\u00f1os. Hemos ayudado a muchos\u00a0DREAMers\u00a0a solicitar y obtener acciones diferidas para que puedan tener \u00e9xito sin la preocupaci\u00f3n constante de la deportaci\u00f3n. No debe demorarse en<a href=\"https:\/\/krilaw.com\/es\/contacto\/\"> consultar con un abogado<\/a> especializado en inmigraci\u00f3n con respecto a su caso, as\u00ed que\u00a0cont\u00e1ctenos\u00a0al 312-332-2550 para obtener m\u00e1s informaci\u00f3n sobre c\u00f3mo podemos ayudarlo.<\/p>\n","protected":false},"excerpt":{"rendered":"<p>Abogados de Acci\u00f3n Diferida para Llegadas Infantiles y Dreamers en Chicago Para calificar para una acci\u00f3n diferida o la Ley DREAM, debe cumplir con criterios espec\u00edficos y seguir procedimientos de inmigraci\u00f3n complejos a veces. Cualquier persona que desee conocer sus derechos conforme a estas leyes de inmigraci\u00f3n debe buscar asistencia de un abogado con experiencia &hellip; <\/p>\n<p class=\"link-more\"><a href=\"https:\/\/krilaw.com\/es\/servicios\/inmigracion-basada-familia\/accion-diferida-llegados-infancia-dreamers\/\" class=\"more-link\">Seguir leyendo<span class=\"screen-reader-text\"> \u00abAcci\u00f3n Diferida para los Llegados en la Infancia y Dreamers\u00bb<\/span><\/a><\/p>\n","protected":false},"author":6,"featured_media":7523,"parent":2994,"menu_order":0,"comment_status":"closed","ping_status":"closed","template":"","meta":{"_acf_changed":false,"_oasis_is_in_workflow":0,"_oasis_original":0,"_oasis_task_priority":"","footnotes":""},"class_list":["post-2979","page","type-page","status-publish","has-post-thumbnail","hentry","entry"],"acf":[],"_links":{"self":[{"href":"https:\/\/krilaw.com\/es\/wp-json\/wp\/v2\/pages\/2979","targetHints":{"allow":["GET"]}}],"collection":[{"href":"https:\/\/krilaw.com\/es\/wp-json\/wp\/v2\/pages"}],"about":[{"href":"https:\/\/krilaw.com\/es\/wp-json\/wp\/v2\/types\/page"}],"author":[{"embeddable":true,"href":"https:\/\/krilaw.com\/es\/wp-json\/wp\/v2\/users\/6"}],"replies":[{"embeddable":true,"href":"https:\/\/krilaw.com\/es\/wp-json\/wp\/v2\/comments?post=2979"}],"version-history":[{"count":2,"href":"https:\/\/krilaw.com\/es\/wp-json\/wp\/v2\/pages\/2979\/revisions"}],"predecessor-version":[{"id":7817,"href":"https:\/\/krilaw.com\/es\/wp-json\/wp\/v2\/pages\/2979\/revisions\/7817"}],"up":[{"embeddable":true,"href":"https:\/\/krilaw.com\/es\/wp-json\/wp\/v2\/pages\/2994"}],"wp:featuredmedia":[{"embeddable":true,"href":"https:\/\/krilaw.com\/es\/wp-json\/wp\/v2\/media\/7523"}],"wp:attachment":[{"href":"https:\/\/krilaw.com\/es\/wp-json\/wp\/v2\/media?parent=2979"}],"curies":[{"name":"wp","href":"https:\/\/api.w.org\/{rel}","templated":true}]}}