{"id":2982,"date":"2015-11-07T04:14:33","date_gmt":"2015-11-07T04:14:33","guid":{"rendered":"https:\/\/krilaw.com\/h-1b-other-non-immigrant-visas\/"},"modified":"2024-05-02T14:43:33","modified_gmt":"2024-05-02T19:43:33","slug":"visa-no-inmigrante-tipo-h-1b","status":"publish","type":"page","link":"https:\/\/krilaw.com\/es\/servicios\/empleo\/visa-no-inmigrante-tipo-h-1b\/","title":{"rendered":"Visas para no Inmigrante Tipo H y 1-B"},"content":{"rendered":"<h1>Abogados de Visa Tipo H y 1-B para No Inmigrantes en Chicago<\/h1>\n<p>Las visas de no inmigrante son visas que se emiten a personas que desean ingresar a los Estados Unidos de manera temporal. Para obtener una visa de no inmigrante, una persona debe tener una raz\u00f3n espec\u00edfica para estar en los Estados Unidos. Estas visas pueden ser para estudio, trabajo, turismo o para estar con la familia. Algunas de las visas de no inmigrante m\u00e1s com\u00fanmente emitidas se tratan a continuaci\u00f3n, con especial atenci\u00f3n a las visas H-1B para trabajadores especializados.<\/p>\n<p>Las Visas H-1B se otorgan a trabajadores especializados y permiten a las empresas de EE. UU. Reclutar y contratar personas del extranjero. Estas visas se obtienen en nombre del trabajador (el beneficiario) para fines de empleo, y un individuo no puede solicitar una visa H-1B\u00a0por s\u00ed mismo. Las visas H-1B a menudo son utilizadas por compa\u00f1\u00edas de los Estados Unidos para contratar programadores de computadoras, ingenieros o cient\u00edficos, as\u00ed como personas de otras profesiones.<\/p>\n<p><strong>Existen varios requisitos para obtener una Visa H-1B, que incluyen los siguientes:\u00a0<\/strong><\/p>\n<ul>\n<li>Debe existir una relaci\u00f3n\u00a0obrero-patronal\u00a0con un empleador de los EE. UU. Para que se cumpla este requisito, el empleador debe poder contratar, rescindir, pagar, supervisar o controlar de otro modo el trabajo realizado por la persona para la que busca una\u00a0visa<\/li>\n<li>El puesto debe calificar como ocupaci\u00f3n especializada: para calificar como ocupaci\u00f3n especializada, se debe cumplir uno de los siguientes criterios: se requiere un t\u00edtulo para el puesto, el empleador normalmente requiere un t\u00edtulo o su equivalente para el puesto, el t\u00edtulo es requisito com\u00fan para el puesto o el trabajo es tan complejo que solo puede ser realizado por una persona con un t\u00edtulo en el campo, o los deberes requeridos son tan\u00a0especializados y complejos que el conocimiento requerido para realizarlos generalmente se asocia con la obtenci\u00f3n de un T\u00edtulo universitario de primer ciclo o superior<\/li>\n<li>El puesto debe estar en una ocupaci\u00f3n especializada relacionada con el campo de estudio del beneficiario. Esto se puede establecer a trav\u00e9s de la presentaci\u00f3n de pruebas, incluida una explicaci\u00f3n del puesto u opiniones de expertos que describan la forma en que el t\u00edtulo se relaciona con deberes laborales espec\u00edficos<\/li>\n<li>El salario debe ser al menos el salario actual o prevaleciente para la ocupaci\u00f3n, lo que sea mayor. Esto se determina al observar el puesto en el que trabajar\u00e1 una persona y la ubicaci\u00f3n geogr\u00e1fica en la que se encuentra<\/li>\n<li>Debe haber visas H-1B disponibles en el momento de la presentaci\u00f3n. Existe un l\u00edmite num\u00e9rico para el n\u00famero de visas H-1B que se pueden emitir en un a\u00f1o fiscal determinado<\/li>\n<\/ul>\n<h2>Otras visas<\/h2>\n<p>Hay muchas otras visas disponibles para no inmigrantes para una variedad de prop\u00f3sitos, que incluyen los siguientes:<\/p>\n<ul>\n<li>Visitantes de negocios<\/li>\n<li>Visitantes por placer o tratamiento m\u00e9dico<\/li>\n<li>Estudiantes acad\u00e9micos o de lenguaje<\/li>\n<li>C\u00f3nyuges de estudiantes<\/li>\n<li>Viajeros extranjeros en tr\u00e1nsito<\/li>\n<li>Tripulaci\u00f3n de barcos o aviones<\/li>\n<li>Ciertos trasladados dentro de la compa\u00f1\u00eda<\/li>\n<li>Trabajadores religiosos<\/li>\n<li>Visitantes extranjeros<\/li>\n<li>Artistas y\u00a0animadores<\/li>\n<\/ul>\n<h3>P\u00f3ngase en contacto con un abogado de visas para no inmigrantes hoy para programar una consulta<\/h3>\n<p>Obtener una visa de no inmigrante para usted o un empleado\u00a0en su compa\u00f1\u00eda\u00a0puede ser una tarea complicada, con muchos problemas potenciales que pueden surgir. Por esta raz\u00f3n, es extremadamente importante que cualquier persona que busque una visa H-1B u otro tipo de visa de no inmigrante discuta su situaci\u00f3n con un abogado experimentado. Los <a href=\"https:\/\/krilaw.com\/es\/nosotros\/\">abogados de visa<\/a> de no inmigrante de Kriezelman Burton &amp; Associates LLC,\u00a0se dedican a brindar asesor\u00eda legal profesional y\u00a0agresiva,\u00a0as\u00ed como\u00a0representaci\u00f3n a personas con problemas relacionados con la ley de inmigraci\u00f3n. Para<a href=\"https:\/\/krilaw.com\/es\/contacto\/\"> programar una consulta<\/a> con uno de nuestros abogados, llame a nuestra oficina hoy al 312-332-2550.<\/p>\n","protected":false},"excerpt":{"rendered":"<p>Abogados de Visa Tipo H y 1-B para No Inmigrantes en Chicago Las visas de no inmigrante son visas que se emiten a personas que desean ingresar a los Estados Unidos de manera temporal. Para obtener una visa de no inmigrante, una persona debe tener una raz\u00f3n espec\u00edfica para estar en los Estados Unidos. Estas &hellip; <\/p>\n<p class=\"link-more\"><a href=\"https:\/\/krilaw.com\/es\/servicios\/empleo\/visa-no-inmigrante-tipo-h-1b\/\" class=\"more-link\">Seguir leyendo<span class=\"screen-reader-text\"> \u00abVisas para no Inmigrante Tipo H y 1-B\u00bb<\/span><\/a><\/p>\n","protected":false},"author":6,"featured_media":0,"parent":2991,"menu_order":0,"comment_status":"closed","ping_status":"closed","template":"","meta":{"_acf_changed":false,"_oasis_is_in_workflow":0,"_oasis_original":0,"_oasis_task_priority":"","footnotes":""},"class_list":["post-2982","page","type-page","status-publish","hentry","entry"],"acf":[],"_links":{"self":[{"href":"https:\/\/krilaw.com\/es\/wp-json\/wp\/v2\/pages\/2982","targetHints":{"allow":["GET"]}}],"collection":[{"href":"https:\/\/krilaw.com\/es\/wp-json\/wp\/v2\/pages"}],"about":[{"href":"https:\/\/krilaw.com\/es\/wp-json\/wp\/v2\/types\/page"}],"author":[{"embeddable":true,"href":"https:\/\/krilaw.com\/es\/wp-json\/wp\/v2\/users\/6"}],"replies":[{"embeddable":true,"href":"https:\/\/krilaw.com\/es\/wp-json\/wp\/v2\/comments?post=2982"}],"version-history":[{"count":0,"href":"https:\/\/krilaw.com\/es\/wp-json\/wp\/v2\/pages\/2982\/revisions"}],"up":[{"embeddable":true,"href":"https:\/\/krilaw.com\/es\/wp-json\/wp\/v2\/pages\/2991"}],"wp:attachment":[{"href":"https:\/\/krilaw.com\/es\/wp-json\/wp\/v2\/media?parent=2982"}],"curies":[{"name":"wp","href":"https:\/\/api.w.org\/{rel}","templated":true}]}}