{"id":2985,"date":"2015-09-12T20:07:31","date_gmt":"2015-09-12T20:07:31","guid":{"rendered":"https:\/\/krilaw.com\/servicios\/immigration\/"},"modified":"2025-07-16T04:21:11","modified_gmt":"2025-07-16T09:21:11","slug":"inmigracion","status":"publish","type":"page","link":"https:\/\/krilaw.com\/es\/servicios\/inmigracion\/","title":{"rendered":"Inmigraci\u00f3n"},"content":{"rendered":"<h1>Abogados de inmigraci\u00f3n de Chicago<\/h1>\n<p>La ley de inmigraci\u00f3n de los Estados Unidos es un complejo conjunto de leyes que se han modificado en los \u00faltimos 80 a\u00f1os. La \u00faltima gran reforma en 1996 modific\u00f3 las leyes de inmigraci\u00f3n y proporcion\u00f3 un est\u00e1ndar mucho m\u00e1s estricto para la admisi\u00f3n y remoci\u00f3n de ciertos ciudadanos extranjeros. Tambi\u00e9n cre\u00f3 una base para eliminar a ciertos individuos de los Estados Unidos por cr\u00edmenes definidos como delitos graves. A medida que las leyes de inmigraci\u00f3n en Estados Unidos se vuelven m\u00e1s complejas, la necesidad de asistencia legal para obtener visas, comparecer ante los tribunales de inmigraci\u00f3n, defenderse\u00a0ante los tribunales federales, brindar asesor\u00eda legal a las corporaciones y garantizar el cumplimiento de la Ley de Inmigraci\u00f3n se vuelve m\u00e1s necesaria que nunca.<\/p>\n<p>Las leyes de inmigraci\u00f3n se complican a\u00fan m\u00e1s con los memorandos de pol\u00edticas y la orientaci\u00f3n que intentan explicar las leyes. El Departamento de Seguridad Nacional prepara y publica un memor\u00e1ndum en sus intentos por comprender las disposiciones de la Ley. Estos memorandos de pol\u00edtica generalmente gu\u00edan las decisiones de los funcionarios de inmigraci\u00f3n para determinar si la solicitud o la petici\u00f3n se ha adjudicado de manera positiva. Las regulaciones tambi\u00e9n se publican en el C\u00f3digo de Regulaciones Federales para interpretar la Ley de Inmigraci\u00f3n y Nacionalidad<\/p>\n","protected":false},"excerpt":{"rendered":"<p>Abogados de inmigraci\u00f3n de Chicago La ley de inmigraci\u00f3n de los Estados Unidos es un complejo conjunto de leyes que se han modificado en los \u00faltimos 80 a\u00f1os. La \u00faltima gran reforma en 1996 modific\u00f3 las leyes de inmigraci\u00f3n y proporcion\u00f3 un est\u00e1ndar mucho m\u00e1s estricto para la admisi\u00f3n y remoci\u00f3n de ciertos ciudadanos extranjeros. &hellip; <\/p>\n<p class=\"link-more\"><a href=\"https:\/\/krilaw.com\/es\/servicios\/inmigracion\/\" class=\"more-link\">Seguir leyendo<span class=\"screen-reader-text\"> \u00abInmigraci\u00f3n\u00bb<\/span><\/a><\/p>\n","protected":false},"author":6,"featured_media":10029,"parent":2745,"menu_order":0,"comment_status":"closed","ping_status":"closed","template":"","meta":{"_acf_changed":false,"_oasis_is_in_workflow":0,"_oasis_original":0,"_oasis_task_priority":"","footnotes":""},"class_list":["post-2985","page","type-page","status-publish","has-post-thumbnail","hentry","entry"],"acf":[],"_links":{"self":[{"href":"https:\/\/krilaw.com\/es\/wp-json\/wp\/v2\/pages\/2985","targetHints":{"allow":["GET"]}}],"collection":[{"href":"https:\/\/krilaw.com\/es\/wp-json\/wp\/v2\/pages"}],"about":[{"href":"https:\/\/krilaw.com\/es\/wp-json\/wp\/v2\/types\/page"}],"author":[{"embeddable":true,"href":"https:\/\/krilaw.com\/es\/wp-json\/wp\/v2\/users\/6"}],"replies":[{"embeddable":true,"href":"https:\/\/krilaw.com\/es\/wp-json\/wp\/v2\/comments?post=2985"}],"version-history":[{"count":2,"href":"https:\/\/krilaw.com\/es\/wp-json\/wp\/v2\/pages\/2985\/revisions"}],"predecessor-version":[{"id":10031,"href":"https:\/\/krilaw.com\/es\/wp-json\/wp\/v2\/pages\/2985\/revisions\/10031"}],"up":[{"embeddable":true,"href":"https:\/\/krilaw.com\/es\/wp-json\/wp\/v2\/pages\/2745"}],"wp:featuredmedia":[{"embeddable":true,"href":"https:\/\/krilaw.com\/es\/wp-json\/wp\/v2\/media\/10029"}],"wp:attachment":[{"href":"https:\/\/krilaw.com\/es\/wp-json\/wp\/v2\/media?parent=2985"}],"curies":[{"name":"wp","href":"https:\/\/api.w.org\/{rel}","templated":true}]}}