{"id":2988,"date":"2011-07-27T09:51:18","date_gmt":"2011-07-27T15:51:18","guid":{"rendered":"https:\/\/krilaw.com\/servicios\/defensa-corte-federal-remocion-deportacion\/board-of-immigration-appeals\/"},"modified":"2024-04-30T16:34:42","modified_gmt":"2024-04-30T21:34:42","slug":"junta-apelaciones-inmigracion","status":"publish","type":"page","link":"https:\/\/krilaw.com\/es\/servicios\/defensa-corte-federal-remocion-deportacion\/junta-apelaciones-inmigracion\/","title":{"rendered":"Junta de apelaciones de inmigraci\u00f3n"},"content":{"rendered":"<h1>Abogados con Experiencia en la Junta de Apelaciones de Inmigraci\u00f3n en Chicago<\/h1>\n<p><a href=\"https:\/\/krilaw.com\/es\/nosotros\/\">Kriezelman Burton &amp; Associates, LLC<\/a> tiene d\u00e9cadas de experiencia manejando casos ante la Junta de Apelaciones de Inmigraci\u00f3n. Hemos argumentado casos que van desde el asilo a las solicitudes de visa que el Departamento de Seguridad Nacional neg\u00f3 por error. Si tiene alguna pregunta con respecto a un caso que considera que debe ser apelado, comun\u00edquese con nuestras oficinas para programar una cita.<\/p>\n<p>La Junta de Apelaciones de Inmigraci\u00f3n (tambi\u00e9n conocida como &#8220;BIA&#8221;) es el \u00f3rgano de apelaci\u00f3n con facultades para revisar las decisiones del Tribunal de Inmigraci\u00f3n y, en circunstancias particulares, del Departamento de Seguridad Nacional. BIA es parte de la Oficina Ejecutiva para la Revisi\u00f3n de Inmigraci\u00f3n, una divisi\u00f3n del Departamento de Justicia de los EE. UU.<\/p>\n<p>Los avisos de apelaci\u00f3n generalmente se deben presentar dentro de los 30 d\u00edas de la decisi\u00f3n o acci\u00f3n apelada. La BIA tiene jurisdicci\u00f3n sobre los siguientes tipos de apelaciones: decisiones de los Jueces de Inmigraci\u00f3n, incluidas las determinaciones de fianzas; decisiones sobre multas o sanciones; y decisiones sobre la mayor\u00eda de las peticiones patrocinadas por familias y preferencias.<\/p>\n<p>La mayor\u00eda de los casos son decididos por un solo miembro de la Junta. Se puede asignar un caso para una revisi\u00f3n de tres miembros por una serie de razones, que incluyen la resoluci\u00f3n de inconsistencias en la ley, el establecimiento de precedentes o el manejo de asuntos de importancia nacional.<\/p>\n<p>Los procedimientos en la Junta de Apelaciones de Inmigraci\u00f3n se llevan a cabo casi por completo en papel, a trav\u00e9s de la presentaci\u00f3n de informes escritos. Muy rara vez la Junta otorga argumentos orales, lo cual es una oportunidad para que las partes presenten sus argumentos oralmente ante un panel de miembros de la Junta<\/p>\n","protected":false},"excerpt":{"rendered":"<p>Abogados con Experiencia en la Junta de Apelaciones de Inmigraci\u00f3n en Chicago Kriezelman Burton &amp; Associates, LLC tiene d\u00e9cadas de experiencia manejando casos ante la Junta de Apelaciones de Inmigraci\u00f3n. Hemos argumentado casos que van desde el asilo a las solicitudes de visa que el Departamento de Seguridad Nacional neg\u00f3 por error. Si tiene alguna &hellip; <\/p>\n<p class=\"link-more\"><a href=\"https:\/\/krilaw.com\/es\/servicios\/defensa-corte-federal-remocion-deportacion\/junta-apelaciones-inmigracion\/\" class=\"more-link\">Seguir leyendo<span class=\"screen-reader-text\"> \u00abJunta de apelaciones de inmigraci\u00f3n\u00bb<\/span><\/a><\/p>\n","protected":false},"author":22,"featured_media":0,"parent":2939,"menu_order":3,"comment_status":"closed","ping_status":"closed","template":"","meta":{"_acf_changed":false,"_oasis_is_in_workflow":0,"_oasis_original":0,"_oasis_task_priority":"","footnotes":""},"class_list":["post-2988","page","type-page","status-publish","hentry","entry"],"acf":[],"_links":{"self":[{"href":"https:\/\/krilaw.com\/es\/wp-json\/wp\/v2\/pages\/2988","targetHints":{"allow":["GET"]}}],"collection":[{"href":"https:\/\/krilaw.com\/es\/wp-json\/wp\/v2\/pages"}],"about":[{"href":"https:\/\/krilaw.com\/es\/wp-json\/wp\/v2\/types\/page"}],"author":[{"embeddable":true,"href":"https:\/\/krilaw.com\/es\/wp-json\/wp\/v2\/users\/22"}],"replies":[{"embeddable":true,"href":"https:\/\/krilaw.com\/es\/wp-json\/wp\/v2\/comments?post=2988"}],"version-history":[{"count":0,"href":"https:\/\/krilaw.com\/es\/wp-json\/wp\/v2\/pages\/2988\/revisions"}],"up":[{"embeddable":true,"href":"https:\/\/krilaw.com\/es\/wp-json\/wp\/v2\/pages\/2939"}],"wp:attachment":[{"href":"https:\/\/krilaw.com\/es\/wp-json\/wp\/v2\/media?parent=2988"}],"curies":[{"name":"wp","href":"https:\/\/api.w.org\/{rel}","templated":true}]}}