{"id":2994,"date":"2011-03-02T14:34:23","date_gmt":"2011-03-02T20:34:23","guid":{"rendered":"https:\/\/krilaw.com\/servicios\/family-based-representation-counseling\/"},"modified":"2025-09-23T05:26:52","modified_gmt":"2025-09-23T10:26:52","slug":"inmigracion-basada-familia","status":"publish","type":"page","link":"https:\/\/krilaw.com\/es\/servicios\/inmigracion-basada-familia\/","title":{"rendered":"Inmigraci\u00f3n Basada en la Familia"},"content":{"rendered":"<h1>Abogados de Inmigraci\u00f3n Basada en la Familia de Chicago<\/h1>\n<p>Para muchas personas, las relaciones con los miembros de la familia se encuentran entre los aspectos m\u00e1s importantes de sus vidas. Como resultado, muchos ciudadanos de los Estados Unidos y residentes legales permanentes buscan que sus familiares que viven en el extranjero se trasladen a vivir y trabajar en este pa\u00eds. Otros ciudadanos de EE. UU. Y residentes permanentes legales buscan postularse para miembros de la familia que ya est\u00e1n aqu\u00ed, y que a\u00fan no tienen estatus. Afortunadamente, seg\u00fan la ley de inmigraci\u00f3n de los Estados Unidos, un ciudadano o poseedor de una tarjeta verde (un residente permanente legal) puede solicitar que ciertos parientes inmigren a los Estados Unidos y obtengan una tarjeta verde. Estos parientes tambi\u00e9n pueden ser elegibles para obtener la ciudadan\u00eda a trav\u00e9s del tiempo de naturalizaci\u00f3n si cumplen con ciertos requisitos.<\/p>\n<h2>\u00bfQui\u00e9n es elegible para inmigraci\u00f3n basada en la familia?<\/h2>\n<p>Los miembros de la familia que son elegibles para la inmigraci\u00f3n basada en la familia dependen de si usted es ciudadano de los Estados Unidos o residente legal permanente. La siguiente informaci\u00f3n describe cu\u00e1les de los miembros de su familia pueden ser elegibles en funci\u00f3n de su propio estado:<\/p>\n<ul>\n<li>Ciudadanos de los Estados Unidos: como ciudadano de los EE. UU., Puede solicitar a su c\u00f3nyuge, hijos (menores de 21 a\u00f1os, casados o solteros), padres y hermanos. Adem\u00e1s, puede solicitar una visa de prometido (e) especializado en caso de que est\u00e9 comprometido con un extranjero que viva en el extranjero. Adem\u00e1s, algunos c\u00f3nyuges e hijos son elegibles para una Visa de no inmigrante K-3 o K-4, mientras que una Petici\u00f3n de pariente extranjero para residencia permanente est\u00e1 pendiente.<\/li>\n<li>Residentes permanentes (titulares de la tarjeta verde): las personas que tienen una tarjeta verde tienen opciones m\u00e1s limitadas cuando se trata de peticiones de inmigraci\u00f3n basadas\u00a0en la familia. Pueden presentar una petici\u00f3n para su c\u00f3nyuge, hijos solteros menores de 21 a\u00f1os o un hijo o hija soltero de cualquier edad.<\/li>\n<\/ul>\n<p>Adem\u00e1s de las dos categor\u00edas anteriores, las personas que se encuentran en los Estados Unidos en ciertas otras categor\u00edas tambi\u00e9n pueden presentar una petici\u00f3n para su c\u00f3nyuge e hijos solteros. Por ejemplo, los refugiados y asilados pueden solicitar a sus c\u00f3nyuges e hijos, y los solicitantes de visa\u00a0tipo \u201cU\u201d\u00a0pueden presentar solicitudes para sus c\u00f3nyuges e hijos antes o despu\u00e9s de su aprobaci\u00f3n de visa U. En todos estos casos, existen reglas espec\u00edficas que pueden aplicarse o no en su situaci\u00f3n. Como resultado, cualquiera que est\u00e9 considerando presentar una petici\u00f3n de inmigraci\u00f3n basada en la familia debe consultar con un abogado de inmigraci\u00f3n con conocimiento y reputaci\u00f3n.<\/p>\n<h2>P\u00f3ngase en contacto hoy con un abogado de inmigraci\u00f3n familiar de chicago para retener al asesor legal<\/h2>\n<p>Los familiares de ciudadanos estadounidenses y residentes permanentes legales a menudo son elegibles para ingresar al pa\u00eds y obtener una tarjeta de residencia o <a href=\"https:\/\/krilaw.com\/es\/servicios\/empleo\/visa-no-inmigrante-tipo-h-1b\/\">varios tipos de visas<\/a> que les permiten vivir y trabajar en los EE. UU. Las leyes y regulaciones con respecto a la inmigraci\u00f3n familiar son complicadas, y hay amplias oportunidades para que surjan complicaciones durante el proceso. Afortunadamente para las personas que desean aprovechar las leyes de inmigraci\u00f3n basadas en la familia, la asistencia de un abogado a menudo puede ayudar a garantizar que su caso se resuelva de la manera que usted desea. Durante m\u00e1s de 40 a\u00f1os, los abogados de <a href=\"https:\/\/krilaw.com\/es\/nosotros\/\">Kriezelman Burton &amp; Associates, LLC<\/a> han brindado asesor\u00eda legal y han representado los derechos legales de las personas con problemas relacionados con la ley de inmigraci\u00f3n. Para programar una consulta con un abogado especializado en leyes de inmigraci\u00f3n con experiencia y de confianza, llame a nuestra oficina hoy mismo al <a href=\"tel:3123322550\">312-332-2550<\/a>. Si desea contactarnos por correo electr\u00f3nico, complete y env\u00ede nuestro<a href=\"https:\/\/krilaw.com\/es\/contacto\/\"> formulario de contacto<\/a> en l\u00ednea disponible aqu\u00ed<\/p>\n<h2>Preguntas frecuentes sobre inmigraci\u00f3n familiar<\/h2>\n","protected":false},"excerpt":{"rendered":"<p>Abogados de Inmigraci\u00f3n Basada en la Familia de Chicago Para muchas personas, las relaciones con los miembros de la familia se encuentran entre los aspectos m\u00e1s importantes de sus vidas. Como resultado, muchos ciudadanos de los Estados Unidos y residentes legales permanentes buscan que sus familiares que viven en el extranjero se trasladen a vivir &hellip; <\/p>\n<p class=\"link-more\"><a href=\"https:\/\/krilaw.com\/es\/servicios\/inmigracion-basada-familia\/\" class=\"more-link\">Seguir leyendo<span class=\"screen-reader-text\"> \u00abInmigraci\u00f3n Basada en la Familia\u00bb<\/span><\/a><\/p>\n","protected":false},"author":22,"featured_media":7519,"parent":2745,"menu_order":13,"comment_status":"closed","ping_status":"closed","template":"","meta":{"_acf_changed":false,"_oasis_is_in_workflow":0,"_oasis_original":0,"_oasis_task_priority":"","footnotes":""},"class_list":["post-2994","page","type-page","status-publish","has-post-thumbnail","hentry","entry"],"acf":[],"_links":{"self":[{"href":"https:\/\/krilaw.com\/es\/wp-json\/wp\/v2\/pages\/2994","targetHints":{"allow":["GET"]}}],"collection":[{"href":"https:\/\/krilaw.com\/es\/wp-json\/wp\/v2\/pages"}],"about":[{"href":"https:\/\/krilaw.com\/es\/wp-json\/wp\/v2\/types\/page"}],"author":[{"embeddable":true,"href":"https:\/\/krilaw.com\/es\/wp-json\/wp\/v2\/users\/22"}],"replies":[{"embeddable":true,"href":"https:\/\/krilaw.com\/es\/wp-json\/wp\/v2\/comments?post=2994"}],"version-history":[{"count":5,"href":"https:\/\/krilaw.com\/es\/wp-json\/wp\/v2\/pages\/2994\/revisions"}],"predecessor-version":[{"id":10525,"href":"https:\/\/krilaw.com\/es\/wp-json\/wp\/v2\/pages\/2994\/revisions\/10525"}],"up":[{"embeddable":true,"href":"https:\/\/krilaw.com\/es\/wp-json\/wp\/v2\/pages\/2745"}],"wp:featuredmedia":[{"embeddable":true,"href":"https:\/\/krilaw.com\/es\/wp-json\/wp\/v2\/media\/7519"}],"wp:attachment":[{"href":"https:\/\/krilaw.com\/es\/wp-json\/wp\/v2\/media?parent=2994"}],"curies":[{"name":"wp","href":"https:\/\/api.w.org\/{rel}","templated":true}]}}