{"id":2997,"date":"2015-09-12T20:44:21","date_gmt":"2015-09-12T20:44:21","guid":{"rendered":"https:\/\/krilaw.com\/servicios\/inmigracion\/protection-based-claims\/"},"modified":"2024-08-05T16:32:08","modified_gmt":"2024-08-05T21:32:08","slug":"reclamos-basados-proteccion","status":"publish","type":"page","link":"https:\/\/krilaw.com\/es\/servicios\/inmigracion\/reclamos-basados-proteccion\/","title":{"rendered":"Reclamos basados en protecci\u00f3n"},"content":{"rendered":"<h1>Abogados de Reclamos Basados en Protecci\u00f3n de Chicago<\/h1>\n<p>Como desde que los peregrinos llegaron desde el otro lado del Atl\u00e1ntico, la gente ha venido a los Estados Unidos en busca de protecci\u00f3n. Algunos de nuestros clientes han enfrentado guerras y genocidios, o han sido atacados por su religi\u00f3n u orientaci\u00f3n sexual. Otros han huido de pandillas,\u00a0organizaciones de tr\u00e1fico de drogas, o parejas abusivas o padres.<\/p>\n<p>Otros clientes requieren protecci\u00f3n cuando est\u00e1n en los Estados Unidos. Algunos estuvieron aqu\u00ed cuando el desastre golpe\u00f3 a sus pa\u00edses de origen, ya sea un terremoto en Centroam\u00e9rica o\u00a0el\u00a0\u00e9bola en \u00c1frica Occidental. Algunos huyen de hogares abusivos dentro de los Estados Unidos. Otros han sido v\u00edctimas del tr\u00e1fico o de cr\u00edmenes violentos.<\/p>\n<p>Afortunadamente,\u00a0y a\u00a0pesar del entorno pol\u00edtico actual, la ley de inmigraci\u00f3n de los Estados Unidos brinda protecci\u00f3n y alivio a muchas personas en todo el mundo que enfrentan cualquier cantidad de circunstancias amenazantes. Por favor, lea m\u00e1s acerca de estas aplicaciones a continuaci\u00f3n.<\/p>\n<h2>Asilo<\/h2>\n<p>Las leyes de asilo son mucho m\u00e1s estrechas de lo que la persona promedio cree. Incluso si una persona enfrenta un\u00a0peligro\u00a0muy grave en su pa\u00eds de origen, esa persona puede no ser elegible para el asilo.<\/p>\n<p>A fin de establecer la elegibilidad para el asilo, el solicitante debe demostrar ya sea que fue sometido\u00a0a persecuci\u00f3n (da\u00f1o, maltrato, abuso, tortura,\u00a0golpes, etc.), o que tiene un temor bien\u00a0fundamentado\u00a0de\u00a0ser perseguido en el\u00a0futuro\u00a0si es forzado\u00a0para regresar a su pa\u00eds de origen. La persecuci\u00f3n debe ser a causa de uno de los cinco motivos legales: raza, religi\u00f3n, nacionalidad, opini\u00f3n pol\u00edtica o grupo social. El grupo social es el m\u00e1s flexible de estos motivos, y puede incluir aspectos tales como la orientaci\u00f3n sexual de una persona, el estado del VIH, el empleo anterior, el\u00a0sufrimiento de violencia dom\u00e9stica, sufrimiento por la mutilaci\u00f3n genital femenina (MGF) y m\u00e1s. Adem\u00e1s, el solicitante debe demostrar que el gobierno no puede o no quiere protegerlo\u00a0de esta persecuci\u00f3n.<\/p>\n<p>Agregando una capa adicional de complicaci\u00f3n, la ley generalmente requiere que una persona\u00a0que\u00a0haya presentado\u00a0la\u00a0solicitud de asilo dentro del primer a\u00f1o\u00a0que\u00a0esa persona\u00a0se encuentre\u00a0en los Estados Unidos. Hay un n\u00famero limitado de excepciones\u00a0que pueden ser presentados para apelar\u00a0a la fecha l\u00edmite de presentaci\u00f3n de un a\u00f1o.<\/p>\n<p>La ley de asilo es un \u00e1rea de pr\u00e1ctica cambiante y muy detallada. La Junta de Apelaciones de Inmigraci\u00f3n y los tribunales federales emiten regularmente nuevas decisiones que, por ejemplo, modifican los\u00a0par\u00e1metros\u00a0de\u00a0qu\u00e9\u00a0grupos sociales\u00a0son\u00a0aceptables o definen qu\u00e9 hace cre\u00edble o no al solicitante.<\/p>\n<p>Nuestros abogados\u00a0apelan\u00a0regularmente ante las Oficinas de Asilo y los Tribunales de Inmigraci\u00f3n mientras luchan por el asilo para nuestros clientes. Hemos apelado con \u00e9xito decisiones denegadas a la Junta de Apelaciones de Inmigraci\u00f3n y a los Tribunales de Apelaciones. Estamos\u00a0siempre\u00a0comprometidos a buscar protecci\u00f3n para aquellos que buscan escapar del\u00a0peligro en sus pa\u00edses de origen.<\/p>\n<h2>Vawa y violencia dom\u00e9stica<\/h2>\n<p>En 1994, el Congreso aprob\u00f3 la Ley de Violencia contra la Mujer. La Ley ofrece una variedad de protecciones para los sobrevivientes de violencia dom\u00e9stica, ya sea que el sobreviviente sea hombre o mujer. Una de esas protecciones es la capacidad de una persona que ha sido maltratada o sometida a extrema crueldad por parte de un ciudadano estadounidense,\u00a0un c\u00f3nyuge o un padre residente legal permanente para presentar una solicitud de visa\u00a0a\u00a0nombre propio con los Servicios de Ciudadan\u00eda e Inmigraci\u00f3n de EE. UU.\u00a0Esto permite que el solicitante \/ sobreviviente escape al control del c\u00f3nyuge o padre abusivo;\u00a0esta persona\u00a0ya no tiene que depender de \u00e9l para resolver su situaci\u00f3n migratoria. Adem\u00e1s, una vez que una persona presenta una auto petici\u00f3n en la que se alega abuso, el Servicio de Inmigraci\u00f3n tiene prohibido confiar en la informaci\u00f3n proporcionada \u00fanicamente por el abusador para tomar cualquier acci\u00f3n negativa contra el solicitante \/ sobreviviente. Esto le quita poder y control al abusador.<\/p>\n<p>Para calificar, el solicitante debe estar presente en los Estados Unidos y el c\u00f3nyuge abusivo debe ser o haber sido un residente permanente legal o ciudadano de los EE. UU. El matrimonio tambi\u00e9n debe haber sido de buena fe, es decir, no para fines de inmigraci\u00f3n, y la pareja debe haber\u00a0vivido\u00a0juntos, aunque sea por poco tiempo. El solicitante debe demostrar que posee un buen car\u00e1cter moral y que fue maltratado o sufri\u00f3 crueldad extrema.<\/p>\n<p>Adem\u00e1s de estas auto-peticiones, hay una variedad de otros tipos de protecci\u00f3n en las leyes de inmigraci\u00f3n. Por ejemplo, algunas exenciones est\u00e1n disponibles solo para sobrevivientes de violencia dom\u00e9stica, y\u00a0otras\u00a0exenciones son m\u00e1s generosas. En los procedimientos de deportaci\u00f3n, existen disposiciones especiales de cancelaci\u00f3n disponibles para algunos sobrevivientes.<\/p>\n<h2>V\u00edctimas del crimen<\/h2>\n<p>El Congreso ha reconocido que los ciudadanos extranjeros a menudo son atacados por delincuentes y que las v\u00edctimas deben poder denunciar los cr\u00edmenes y participar plenamente en la investigaci\u00f3n y enjuiciamiento sin temor a la deportaci\u00f3n. Por lo tanto, el Congreso cre\u00f3 una visa conocida como visa\u00a0tipo \u201cU\u201d. Las v\u00edctimas de ciertos delitos cometidos en los Estados Unidos pueden ser elegibles para una visa U. Es importante destacar que la v\u00edctima debe poseer informaci\u00f3n sobre el delito y debe haber sido \u00fatil para la agencia de aplicaci\u00f3n de la ley y \/ o la fiscal\u00eda. La v\u00edctima debe haber sufrido un da\u00f1o sustancial como resultado de la actividad delictiva.<\/p>\n<p>Adem\u00e1s, no todos los delitos permitir\u00e1n que su v\u00edctima solicite una visa U. El Congreso ha enumerado ciertos cr\u00edmenes que califican. Incluyen lo siguiente:<\/p>\n<ul>\n<li>Secuestro<\/li>\n<li>Contacto sexual abusivo<\/li>\n<li>Chantaje<\/li>\n<li>Violencia dom\u00e9stica<\/li>\n<li>Extorsi\u00f3n<\/li>\n<li>Falso encarcelamiento<\/li>\n<li>Asalto criminal<\/li>\n<li>Mutilaci\u00f3n genital femenina<\/li>\n<li>Reh\u00e9n<\/li>\n<li>Incesto<\/li>\n<li>Servidumbre involuntaria<\/li>\n<li>Secuestro<\/li>\n<li>Asalto sexual<\/li>\n<li>Acecho<\/li>\n<li>y muchos m\u00e1s.<\/li>\n<\/ul>\n<p>Cr\u00edmenes similares a los\u00a0listados\u00a0tambi\u00e9n pueden calificar. Debido a que los 50 estados tienen diferentes leyes penales, a menudo los nombres de los delitos variar\u00e1n de los enumerados en el Congreso, pero el crimen a\u00fan calificar\u00e1.<\/p>\n<p>Adem\u00e1s, debido a la importancia de la asistencia que las v\u00edctimas rinden a la polic\u00eda, las exenciones en el contexto de la visa U son muy generosas. Muchos problemas\u00a0de los que se pudieran presentar al solicitar la visa,\u00a0cuando, por ejemplo, la solicitud de una tarjeta verde\u00a0o de residencia permanente\u00a0a trav\u00e9s de un c\u00f3nyuge, se pueden facilitar con\u00a0una solicitud de exenci\u00f3n presentada con una visa U.<\/p>\n<p>Una solicitud de visa U exitosa dar\u00e1 como resultado una visa de no inmigrante v\u00e1lida por cuatro a\u00f1os y una autorizaci\u00f3n de trabajo v\u00e1lida por el mismo per\u00edodo. Aunque la visa U es una visa de no inmigrante, existe la oportunidad de solicitar la residencia permanente (una tarjeta verde) despu\u00e9s de tres a\u00f1os en ese\u00a0estatus.<\/p>\n<h2>Estatus de protecci\u00f3n temporal<\/h2>\n<p>Con frecuencia, el desastre golpea las costas de un pa\u00eds. Ya sea un terremoto en Honduras, un \u00e9bola en Guinea o una guerra en Siria, puede haber alivio disponible. El Secretario de Seguridad Nacional puede designar a los\u00a0ciudadanos\u00a0de un pa\u00eds extranjero para el Estatus de Protecci\u00f3n\u00a0Temporal (TPS) debido a las condiciones en ese pa\u00eds que impiden el regreso seguro de un ciudadano extranjero o cuando el pa\u00eds no puede\u00a0controlar\u00a0el regreso de sus\u00a0ciudadanos.<\/p>\n<p>Estas condiciones pueden ser un conflicto armado continuo, un desastre natural como un terremoto o un\u00a0tsunami, una epidemia u otras condiciones extraordinarias. Al designar un pa\u00eds, el\u00a0secretario\u00a0establecer\u00e1 una fecha de inicio y\u00a0fin\u00a0del estado\u00a0de emergencia, que generalmente es un per\u00edodo de 18 meses. El Secretario\u00a0de Seguridad Nacional\u00a0puede renovar la designaci\u00f3n si las condiciones en el pa\u00eds extranjero no han mejorado adecuadamente.\u00a0Recientemente, el Secretario\u00a0de Seguridad Nacional se\u00f1al\u00f3\u00a0a Yemen para tal estado, como resultado del conflicto\u00a0armado en curso dentro del pa\u00eds.<\/p>\n<p>Otros pa\u00edses recientemente designados incluyen Nepal, Siria, Sierra Leona, Guinea, Liberia, Sud\u00e1n del Sur, Sud\u00e1n, Somalia y Hait\u00ed. Los pa\u00edses que han renovado la designaci\u00f3n por varios a\u00f1os incluyen a El Salvador, Nicaragua y Honduras.<\/p>\n<p>Los solicitantes de TPS deben cumplir con varios requisitos de elegibilidad, que incluyen, de manera importante, la presencia en los Estados Unidos en una fecha determinada y la presentaci\u00f3n de una solicitud dentro de un plazo determinado.<\/p>\n<h2>P\u00f3ngase en contacto con los abogados de inmigraci\u00f3n de chicago que pueden ayudarlo con su reclamo basado en protecci\u00f3n.<\/h2>\n<p>Cuando necesite\u00a0ayuda, <a href=\"https:\/\/krilaw.com\/es\/contacto\/\">Kriezelman Burton &amp; Associates<\/a> puede\u00a0acudir a usted. Ll\u00e1menos al 312-332-2550 o complete nuestro formulario en l\u00ednea para programar una consulta. P\u00f3ngase en contacto con nosotros ahora para obtener m\u00e1s informaci\u00f3n sobre c\u00f3mo un abogado de inmigraci\u00f3n con experiencia en Chicago, IL puede ayudarlo en su reclamo basado en protecci\u00f3n.<\/p>\n","protected":false},"excerpt":{"rendered":"<p>Abogados de Reclamos Basados en Protecci\u00f3n de Chicago Como desde que los peregrinos llegaron desde el otro lado del Atl\u00e1ntico, la gente ha venido a los Estados Unidos en busca de protecci\u00f3n. Algunos de nuestros clientes han enfrentado guerras y genocidios, o han sido atacados por su religi\u00f3n u orientaci\u00f3n sexual. Otros han huido de &hellip; <\/p>\n<p class=\"link-more\"><a href=\"https:\/\/krilaw.com\/es\/servicios\/inmigracion\/reclamos-basados-proteccion\/\" class=\"more-link\">Seguir leyendo<span class=\"screen-reader-text\"> \u00abReclamos basados en protecci\u00f3n\u00bb<\/span><\/a><\/p>\n","protected":false},"author":6,"featured_media":7351,"parent":2985,"menu_order":0,"comment_status":"closed","ping_status":"closed","template":"","meta":{"_acf_changed":false,"_oasis_is_in_workflow":0,"_oasis_original":0,"_oasis_task_priority":"","footnotes":""},"class_list":["post-2997","page","type-page","status-publish","has-post-thumbnail","hentry","entry"],"acf":[],"_links":{"self":[{"href":"https:\/\/krilaw.com\/es\/wp-json\/wp\/v2\/pages\/2997","targetHints":{"allow":["GET"]}}],"collection":[{"href":"https:\/\/krilaw.com\/es\/wp-json\/wp\/v2\/pages"}],"about":[{"href":"https:\/\/krilaw.com\/es\/wp-json\/wp\/v2\/types\/page"}],"author":[{"embeddable":true,"href":"https:\/\/krilaw.com\/es\/wp-json\/wp\/v2\/users\/6"}],"replies":[{"embeddable":true,"href":"https:\/\/krilaw.com\/es\/wp-json\/wp\/v2\/comments?post=2997"}],"version-history":[{"count":2,"href":"https:\/\/krilaw.com\/es\/wp-json\/wp\/v2\/pages\/2997\/revisions"}],"predecessor-version":[{"id":7709,"href":"https:\/\/krilaw.com\/es\/wp-json\/wp\/v2\/pages\/2997\/revisions\/7709"}],"up":[{"embeddable":true,"href":"https:\/\/krilaw.com\/es\/wp-json\/wp\/v2\/pages\/2985"}],"wp:featuredmedia":[{"embeddable":true,"href":"https:\/\/krilaw.com\/es\/wp-json\/wp\/v2\/media\/7351"}],"wp:attachment":[{"href":"https:\/\/krilaw.com\/es\/wp-json\/wp\/v2\/media?parent=2997"}],"curies":[{"name":"wp","href":"https:\/\/api.w.org\/{rel}","templated":true}]}}