{"id":3003,"date":"2017-11-07T20:06:24","date_gmt":"2017-11-07T20:06:24","guid":{"rendered":"https:\/\/krilaw.com\/servicios\/inmigracion\/deferred-action-childhood-arrivals-daca\/"},"modified":"2024-08-06T10:18:52","modified_gmt":"2024-08-06T15:18:52","slug":"accion-diferida-llegadas-infantiles-daca","status":"publish","type":"page","link":"https:\/\/krilaw.com\/es\/servicios\/inmigracion-basada-familia\/accion-diferida-llegadas-infantiles-daca\/","title":{"rendered":"Acci\u00f3n Diferida para Llegadas Infantiles DACA"},"content":{"rendered":"<h1>Abogados para Acciones Diferidas para Llegadas Infantiles DACA de Chicago<\/h1>\n<p>En Kriezelman Burton &amp; Associates, LLC, nuestros <a href=\"https:\/\/krilaw.com\/es\/perfil-abogados\/\">dedicados abogados de inmigraci\u00f3n<\/a> en Chicago tienen una amplia experiencia en el manejo de casos DACA y aplicaciones DACA. Siempre nos mantenemos al d\u00eda sobre los \u00faltimos desarrollos con respecto a DACA para que podamos servir mejor a los intereses de nuestros clientes.<\/p>\n<p>Acci\u00f3n Diferida para Llegadas en la Infancia <a href=\"https:\/\/www.uscis.gov\/archive\/consideration-deferred-action-childhood-arrivals-daca\" target=\"_blank\" rel=\"noopener\">(DACA)<\/a> es una pol\u00edtica de la rama ejecutiva que concede ayuda de inmigraci\u00f3n a ciertas personas elegibles. Espec\u00edficamente, DACA les permite a muchos de los que fueron tra\u00eddos a los Estados Unidos como menores solicitar la condici\u00f3n legal temporal de dos a\u00f1os, en una base renovable.<\/p>\n<h2>Los beneficios de daca<\/h2>\n<p>DACA ofrece beneficios considerables a aquellos que son elegibles para solicitar\u00a0un beneficio\u00a0de inmigraci\u00f3n. Lo que es m\u00e1s importante, a los beneficiarios de DACA se les otorga un estatus legal de dos a\u00f1os para vivir y trabajar en los Estados Unidos. Con esto vienen varios beneficios espec\u00edficos diferentes, incluida la posibilidad de solicitar una licencia de conducir, entre otros. Adem\u00e1s, los destinatarios de DACA pueden solicitar la aprobaci\u00f3n para salir y volver a ingresar a los Estados Unidos.<\/p>\n<h2>Los requisitos de elegibilidad<\/h2>\n<p>DACA est\u00e1 dise\u00f1ado para beneficiar a los inmigrantes indocumentados que fueron tra\u00eddos a los Estados Unidos cuando eran ni\u00f1os. Solo una cantidad limitada de personas re\u00fane los requisitos para el\u00a0beneficio\u00a0de inmigraci\u00f3n bajo este programa. Seg\u00fan la pol\u00edtica, debe cumplir con todos los\u00a0siguientes\u00a0requisitos para ser elegible para solicitar DACA:<\/p>\n<ul>\n<li>Debes haber ingresado a los Estados Unidos antes de los 16 a\u00f1os;<\/li>\n<li>Debe haber estado viviendo en los Estados Unidos desde al menos el 2007<\/li>\n<li>Debes tener 31 a\u00f1os o menos a partir de junio de 2012<\/li>\n<li>Actualmente debe asistir a la escuela secundaria, haberse graduado de la escuela secundaria o haber obtenido un GED (Desarrollo educativo general)<\/li>\n<li>No haber cometido ning\u00fan delito grave mientras estuvo en los Estados Unidos<\/li>\n<\/ul>\n<h2>\u00bfCu\u00e1l es la situaci\u00f3n actual del programa daca?<\/h2>\n<p>DACA est\u00e1 actualmente en flujo. Mientras DACA fue creado originalmente en 2012 por la Administraci\u00f3n de Obama, en septiembre de 2017, el presidente Trump anunci\u00f3 que DACA estaba\u00a0a punto de ser\u00a0&#8220;terminado&#8221; y que no se aceptar\u00edan nuevas solicitudes de DACA. A partir de ahora, el futuro del programa\u00a0DACA no est\u00e1 muy claro. Ha habido indicios del presidente Trump, dem\u00f3cratas del Congreso y republicanos del Congreso de que un acuerdo que\u00a0reestablecer\u00eda el programa\u00a0DACA puede ser posible.\u00a0Aun\u00a0as\u00ed,\u00a0queda pendiente si veremos uno.<\/p>\n<h2>P\u00f3ngase en contacto con nuestros abogados de inmigraci\u00f3n de chicago hoy<\/h2>\n<p>En Kriezelman Burton &amp; Associates, LLC, nuestros <a href=\"https:\/\/krilaw.com\/es\/servicios\/inmigracion\/ley-de-inmigracion\/\">abogados\u00a0experimentados en temas de\u00a0inmigraci\u00f3n<\/a> de Chicago tienen las habilidades y la experiencia necesarias para manejar su caso DACA. Para obtener m\u00e1s informaci\u00f3n sobre lo que podemos hacer por usted y su familia, no dude en llamarnos hoy mismo al (312) 332-2550. Desde nuestra oficina principal en Chicago y nuestra oficina secundaria en\u00a0Northbrook, representamos a clientes en el condado de\u00a0Cook y en todo el norte de Illinois.<\/p>\n","protected":false},"excerpt":{"rendered":"<p>Abogados para Acciones Diferidas para Llegadas Infantiles DACA de Chicago En Kriezelman Burton &amp; Associates, LLC, nuestros dedicados abogados de inmigraci\u00f3n en Chicago tienen una amplia experiencia en el manejo de casos DACA y aplicaciones DACA. Siempre nos mantenemos al d\u00eda sobre los \u00faltimos desarrollos con respecto a DACA para que podamos servir mejor a &hellip; <\/p>\n<p class=\"link-more\"><a href=\"https:\/\/krilaw.com\/es\/servicios\/inmigracion-basada-familia\/accion-diferida-llegadas-infantiles-daca\/\" class=\"more-link\">Seguir leyendo<span class=\"screen-reader-text\"> \u00abAcci\u00f3n Diferida para Llegadas Infantiles DACA\u00bb<\/span><\/a><\/p>\n","protected":false},"author":22,"featured_media":7527,"parent":2994,"menu_order":0,"comment_status":"closed","ping_status":"closed","template":"","meta":{"_acf_changed":false,"_oasis_is_in_workflow":0,"_oasis_original":0,"_oasis_task_priority":"","footnotes":""},"class_list":["post-3003","page","type-page","status-publish","has-post-thumbnail","hentry","entry"],"acf":[],"_links":{"self":[{"href":"https:\/\/krilaw.com\/es\/wp-json\/wp\/v2\/pages\/3003","targetHints":{"allow":["GET"]}}],"collection":[{"href":"https:\/\/krilaw.com\/es\/wp-json\/wp\/v2\/pages"}],"about":[{"href":"https:\/\/krilaw.com\/es\/wp-json\/wp\/v2\/types\/page"}],"author":[{"embeddable":true,"href":"https:\/\/krilaw.com\/es\/wp-json\/wp\/v2\/users\/22"}],"replies":[{"embeddable":true,"href":"https:\/\/krilaw.com\/es\/wp-json\/wp\/v2\/comments?post=3003"}],"version-history":[{"count":2,"href":"https:\/\/krilaw.com\/es\/wp-json\/wp\/v2\/pages\/3003\/revisions"}],"predecessor-version":[{"id":7816,"href":"https:\/\/krilaw.com\/es\/wp-json\/wp\/v2\/pages\/3003\/revisions\/7816"}],"up":[{"embeddable":true,"href":"https:\/\/krilaw.com\/es\/wp-json\/wp\/v2\/pages\/2994"}],"wp:featuredmedia":[{"embeddable":true,"href":"https:\/\/krilaw.com\/es\/wp-json\/wp\/v2\/media\/7527"}],"wp:attachment":[{"href":"https:\/\/krilaw.com\/es\/wp-json\/wp\/v2\/media?parent=3003"}],"curies":[{"name":"wp","href":"https:\/\/api.w.org\/{rel}","templated":true}]}}